{"id":30472,"date":"2026-04-17T00:25:22","date_gmt":"2026-04-17T00:25:22","guid":{"rendered":"https:\/\/singuli.wpress.me\/index.php\/proizvod\/samsonite-upscape-spinner-68-25-kofer-zelena\/"},"modified":"2026-04-21T00:26:32","modified_gmt":"2026-04-21T00:26:32","slug":"samsonite-upscape-spinner-68-25-kofer-zelena","status":"publish","type":"product","link":"https:\/\/singuli.wpress.me\/index.php\/proizvod\/samsonite-upscape-spinner-68-25-kofer-zelena\/","title":{"rendered":"SAMSONITE Upscape Spinner 68\/25, kofer, zelena"},"content":{"rendered":"<p>Odaberite udobnost uz <span style=\"font-weight: bold\">Upscape<\/span>! U\u017eivajte u bezbri\u017enom putovanju zahvaljuju\u0107i njegovoj lako\u0107i, ovjesnim kota\u010dima koji apsorbiraju udarce i unutarnjoj podstavi koja se mo\u017ee ukloniti i prati. Prakti\u010dna pro\u0161irivost i privla\u010dna srebrna podstava samo \u0107e pridonijeti zabavi na putovanju!<\/p>\n<p>Karakteristike:<br \/>\n&#8211; Model: spinner (4 kota\u010da)<br \/>\n&#8211; Materijal: vanjski materijal: polipropilen | unutra\u0161nji: 100% R-PET poliester<br \/>\n&#8211; Te\u017eina: 3 kg<br \/>\n&#8211; Integrirana ID oznaka<\/p>\n","protected":false},"excerpt":{"rendered":"<p>Lagana, suvremena i odr\u017eivo proizvedena kolekcija<br \/>\nKota\u010di koji apsorbiraju udarce<br \/>\nDimenzije: 28 x 68 x 47 cm<\/p>\n","protected":false},"featured_media":30474,"template":"","meta":{"_seopress_robots_primary_cat":"","_seopress_titles_title":"","_seopress_titles_desc":"","_seopress_robots_index":"","iawp_total_views":0},"product_brand":[401],"product_cat":[290,221],"product_tag":[],"class_list":{"0":"post-30472","1":"product","2":"type-product","3":"status-publish","4":"has-post-thumbnail","6":"product_brand-samsonite","7":"product_cat-drustvene-igre-221","8":"product_cat-igracke","10":"first","11":"outofstock","12":"shipping-taxable","13":"purchasable","14":"product-type-simple"},"_links":{"self":[{"href":"https:\/\/singuli.wpress.me\/index.php\/wp-json\/wp\/v2\/product\/30472","targetHints":{"allow":["GET"]}}],"collection":[{"href":"https:\/\/singuli.wpress.me\/index.php\/wp-json\/wp\/v2\/product"}],"about":[{"href":"https:\/\/singuli.wpress.me\/index.php\/wp-json\/wp\/v2\/types\/product"}],"version-history":[{"count":0,"href":"https:\/\/singuli.wpress.me\/index.php\/wp-json\/wp\/v2\/product\/30472\/revisions"}],"wp:featuredmedia":[{"embeddable":true,"href":"https:\/\/singuli.wpress.me\/index.php\/wp-json\/wp\/v2\/media\/30474"}],"wp:attachment":[{"href":"https:\/\/singuli.wpress.me\/index.php\/wp-json\/wp\/v2\/media?parent=30472"}],"wp:term":[{"taxonomy":"product_brand","embeddable":true,"href":"https:\/\/singuli.wpress.me\/index.php\/wp-json\/wp\/v2\/product_brand?post=30472"},{"taxonomy":"product_cat","embeddable":true,"href":"https:\/\/singuli.wpress.me\/index.php\/wp-json\/wp\/v2\/product_cat?post=30472"},{"taxonomy":"product_tag","embeddable":true,"href":"https:\/\/singuli.wpress.me\/index.php\/wp-json\/wp\/v2\/product_tag?post=30472"}],"curies":[{"name":"wp","href":"https:\/\/api.w.org\/{rel}","templated":true}]}}