{"id":30482,"date":"2026-04-17T00:25:25","date_gmt":"2026-04-17T00:25:25","guid":{"rendered":"https:\/\/singuli.wpress.me\/index.php\/proizvod\/samsonite-upscape-spinner-75-28-kofer-zelena\/"},"modified":"2026-04-20T12:33:02","modified_gmt":"2026-04-20T12:33:02","slug":"samsonite-upscape-spinner-75-28-kofer-zelena","status":"publish","type":"product","link":"https:\/\/singuli.wpress.me\/index.php\/proizvod\/samsonite-upscape-spinner-75-28-kofer-zelena\/","title":{"rendered":"SAMSONITE  Upscape Spinner 75\/28, kofer, zelena"},"content":{"rendered":"<p>Najnovija kolekcija Upscape izra\u0111ena je od laganog PP-a s modernim dizajnom s odr\u017eivom podstavom. Kolekcija dolazi sa zna\u010dajkama prepunim kota\u010da s amortizacijom, TSA bravom i dvosmjernim patentnim zatvara\u010dem za dodatnu sigurnost, prostranom unutra\u0161njosti s unutarnjom podstavom koja se mo\u017ee ukloniti i prati.\u200b<\/p>\n<p>Karakteristike:<br \/>\n&#8211; Integrirana ID oznaka<br \/>\n&#8211; Lagan<br \/>\n&#8211; Reciklirana PET podstava<br \/>\n&#8211; Ekspander<br \/>\n&#8211; Kompresijske trake<br \/>\n&#8211; Dvostruka ru\u010dka za povla\u010denje cijevi<br \/>\n&#8211; Uklonjiva i periva unutra\u0161njost<br \/>\n&#8211; Kota\u010di koji apsorbiraju udarce<br \/>\n&#8211; Sna\u017ean i robustan dizajn<br \/>\n&#8211; Jastu\u010di\u0107 s pregradom s d\u017eepom<br \/>\n&#8211; Materijal: HS POLIPROPILEN (INJ)<br \/>\n&#8211; Dimenzije: 75 x 51 x 30 cm<br \/>\n&#8211; Pro\u0161irivo: 33,0 cm<br \/>\n&#8211; Zapremina: 104L \/ 114L<br \/>\n&#8211; Te\u017eina: 3,4 kg<\/p>\n","protected":false},"excerpt":{"rendered":"<p>Lagana, suvremena i odr\u017eivo proizvedena kolekcija<br \/>\nKota\u010di koji apsorbiraju udarce<br \/>\nDimenzije: 30 x 75 x 51 cm<\/p>\n","protected":false},"featured_media":30484,"template":"","meta":{"_seopress_robots_primary_cat":"","_seopress_titles_title":"","_seopress_titles_desc":"","_seopress_robots_index":"","iawp_total_views":0},"product_brand":[401],"product_cat":[290,221],"product_tag":[],"class_list":{"0":"post-30482","1":"product","2":"type-product","3":"status-publish","4":"has-post-thumbnail","6":"product_brand-samsonite","7":"product_cat-drustvene-igre-221","8":"product_cat-igracke","10":"first","11":"outofstock","12":"shipping-taxable","13":"purchasable","14":"product-type-simple"},"_links":{"self":[{"href":"https:\/\/singuli.wpress.me\/index.php\/wp-json\/wp\/v2\/product\/30482","targetHints":{"allow":["GET"]}}],"collection":[{"href":"https:\/\/singuli.wpress.me\/index.php\/wp-json\/wp\/v2\/product"}],"about":[{"href":"https:\/\/singuli.wpress.me\/index.php\/wp-json\/wp\/v2\/types\/product"}],"version-history":[{"count":0,"href":"https:\/\/singuli.wpress.me\/index.php\/wp-json\/wp\/v2\/product\/30482\/revisions"}],"wp:featuredmedia":[{"embeddable":true,"href":"https:\/\/singuli.wpress.me\/index.php\/wp-json\/wp\/v2\/media\/30484"}],"wp:attachment":[{"href":"https:\/\/singuli.wpress.me\/index.php\/wp-json\/wp\/v2\/media?parent=30482"}],"wp:term":[{"taxonomy":"product_brand","embeddable":true,"href":"https:\/\/singuli.wpress.me\/index.php\/wp-json\/wp\/v2\/product_brand?post=30482"},{"taxonomy":"product_cat","embeddable":true,"href":"https:\/\/singuli.wpress.me\/index.php\/wp-json\/wp\/v2\/product_cat?post=30482"},{"taxonomy":"product_tag","embeddable":true,"href":"https:\/\/singuli.wpress.me\/index.php\/wp-json\/wp\/v2\/product_tag?post=30482"}],"curies":[{"name":"wp","href":"https:\/\/api.w.org\/{rel}","templated":true}]}}