{"id":30506,"date":"2026-04-17T00:25:32","date_gmt":"2026-04-17T00:25:32","guid":{"rendered":"https:\/\/singuli.wpress.me\/index.php\/proizvod\/american-tourister-airconic-spinner-67-24-kofer-ciklama\/"},"modified":"2026-04-20T12:33:02","modified_gmt":"2026-04-20T12:33:02","slug":"american-tourister-airconic-spinner-67-24-kofer-ciklama","status":"publish","type":"product","link":"https:\/\/singuli.wpress.me\/index.php\/proizvod\/american-tourister-airconic-spinner-67-24-kofer-ciklama\/","title":{"rendered":"AMERICAN TOURISTER Airconic Spinner 67\/24, kofer, ciklama"},"content":{"rendered":"<p>Evo <span style=\"font-weight: bold\">Airconica<\/span>, najlak\u0161eg tvrdog kov\u010dega ikada! American Tourister jo\u0161 jednom dokazuje kako inovativne, lagane kov\u010dege bez napora spakira u suvremenu jaknu. Linije koje se prote\u017eu oko ku\u0107i\u0161ta daju Airconicu dinami\u010dan i moderan izgled. Udobnost je osigurana dvostrukim kota\u010dima, ergonomskim ru\u010dkama i udubljenom TSA bravom. Koju god boju da odaberete, nikada niste putovali tako lagani.<\/p>\n","protected":false},"excerpt":{"rendered":"<p>Najlak\u0161i tvrdi kov\u010dega ikada<br \/>\nUdobnost osigurana dvostrukim kota\u010dima<br \/>\nDimenzije: 26 x 67 x 44.5 cm<\/p>\n","protected":false},"featured_media":30508,"template":"","meta":{"_seopress_robots_primary_cat":"","_seopress_titles_title":"","_seopress_titles_desc":"","_seopress_robots_index":"","iawp_total_views":0},"product_brand":[403],"product_cat":[290,221],"product_tag":[],"class_list":{"0":"post-30506","1":"product","2":"type-product","3":"status-publish","4":"has-post-thumbnail","6":"product_brand-american-tourister","7":"product_cat-drustvene-igre-221","8":"product_cat-igracke","10":"first","11":"outofstock","12":"shipping-taxable","13":"purchasable","14":"product-type-simple"},"_links":{"self":[{"href":"https:\/\/singuli.wpress.me\/index.php\/wp-json\/wp\/v2\/product\/30506","targetHints":{"allow":["GET"]}}],"collection":[{"href":"https:\/\/singuli.wpress.me\/index.php\/wp-json\/wp\/v2\/product"}],"about":[{"href":"https:\/\/singuli.wpress.me\/index.php\/wp-json\/wp\/v2\/types\/product"}],"version-history":[{"count":0,"href":"https:\/\/singuli.wpress.me\/index.php\/wp-json\/wp\/v2\/product\/30506\/revisions"}],"wp:featuredmedia":[{"embeddable":true,"href":"https:\/\/singuli.wpress.me\/index.php\/wp-json\/wp\/v2\/media\/30508"}],"wp:attachment":[{"href":"https:\/\/singuli.wpress.me\/index.php\/wp-json\/wp\/v2\/media?parent=30506"}],"wp:term":[{"taxonomy":"product_brand","embeddable":true,"href":"https:\/\/singuli.wpress.me\/index.php\/wp-json\/wp\/v2\/product_brand?post=30506"},{"taxonomy":"product_cat","embeddable":true,"href":"https:\/\/singuli.wpress.me\/index.php\/wp-json\/wp\/v2\/product_cat?post=30506"},{"taxonomy":"product_tag","embeddable":true,"href":"https:\/\/singuli.wpress.me\/index.php\/wp-json\/wp\/v2\/product_tag?post=30506"}],"curies":[{"name":"wp","href":"https:\/\/api.w.org\/{rel}","templated":true}]}}