{"id":30507,"date":"2026-04-17T00:25:32","date_gmt":"2026-04-17T00:25:32","guid":{"rendered":"https:\/\/singuli.wpress.me\/index.php\/proizvod\/samsonite-ecodiver-torba-za-laptop-velicina-15-6-crna-boja\/"},"modified":"2026-04-20T12:33:02","modified_gmt":"2026-04-20T12:33:02","slug":"samsonite-ecodiver-torba-za-laptop-velicina-15-6-crna-boja","status":"publish","type":"product","link":"https:\/\/singuli.wpress.me\/index.php\/proizvod\/samsonite-ecodiver-torba-za-laptop-velicina-15-6-crna-boja\/","title":{"rendered":"SAMSONITE Ecodiver, torba za laptop, veli\u010dina 15.6&#8243;, crna boja"},"content":{"rendered":"<p>Vrhunska le\u017eerna kolekcija, stvorena za avanturu. Kombinira prakti\u010dnost i sigurnost s elegantnim dizajnom.<\/p>\n<p><span style=\"font-weight: bold\">KAKO JE ECODIVER U\u010cINJEN VODOOTPORNIJIM<\/span><br \/>\nKolekcija Ecodiver poznata je po svojoj vodootpornoj vanjskoj tkanini u kombinaciji s vodootpornom vanjskom trakom s patentnim zatvara\u010dem. Ova prednost se posti\u017ee nano\u0161enjem sloja premaza na vrh tkanine, \u010dine\u0107i tkaninu otpornijom na vodu do 1.500 mm vodenog stupca i pru\u017eaju\u0107i ve\u0107u otpornost na abraziju.<br \/>\n<span style=\"font-weight: bold\">ODR\u017dIVOST MODELA<\/span><br \/>\nGlavna vanjska tkanina i unutarnja obloga Ecodivera izra\u0111eni su od najmanje 95% recikliranih PET boca, \u0161to je dio na\u0161e Recyclex\u2122 Inicijative za tehnologiju materijala. Za izradu va\u0161ih Ecodiver proizvoda kori\u0161teno je od 4 do 47 recikliranih boca. Nadalje, crna obrubna tkanina izra\u0111ena je od 95% recikliranog industrijskog otpadnog najlona, a na\u0161a podstava izra\u0111ena je od recikliranih PET boca obojenih otopinom, tako da je proces bojenja tkanine presko\u010den, \u0161to je rezultiralo manjim kori\u0161tenjem vode i boje. Premaz i podloga na na\u0161im tkaninama su od novih materijala.<\/p>\n<p>KOLEKCIJA ECODIVER<br \/>\nEcodiver postavlja novi standard unutar na\u0161eg casual asortimana. Ova kolekcija spaja prakti\u010dnost s elegantnim dizajnom i razvijena je s posebnom pa\u017enjom na sigurnost i udobnost. Koriste\u0107i reciklirane materijale, Ecodiver savr\u0161eno odgovara na\u0161oj strategiji &#8216;Odgovorno putovanje&#8217;. Vodootporni premaz \u010dini ovaj asortiman savr\u0161enim izborom za sve va\u0161e avanture na otvorenom i beskrajne \u0161etnje gradom. Izra\u0111eno od recikliranih materijala<\/p>\n<p><span style=\"font-weight: bold\">SPECIFIKACIJE<\/span><br \/>\nJamstvo: Zakonsko jamstvo<br \/>\nModel: Ruksak<br \/>\nBoja: Crna<br \/>\nDimenzije: 45 x 32 x 20 cm<br \/>\nZapremina: 19 L<br \/>\nProsje\u010dna te\u017eina pakiranja: Pribli\u017eno 10 kg<br \/>\nTe\u017eina: 20,9 kg<\/p>\n<p><span style=\"font-weight: bold\">VANJSKI<\/span><br \/>\nVrsta materijala: meka strana<br \/>\nZatvara\u010di: Da<br \/>\nRu\u010dke: Gornja ru\u010dka(e)<br \/>\nVanjski d\u017eepovi: 1 prednji d\u017eep i 1 bo\u010dni d\u017eep<br \/>\nPametni rukav: Da<br \/>\nNaramenica: Ergonomska naramenica<br \/>\nRemen za prsnu kost: Da<br \/>\nDr\u017ea\u010d boce: Da<br \/>\nReflektiraju\u0107i detalji: Da<\/p>\n<p><span style=\"font-weight: bold\">INTERIJER<\/span><br \/>\nGlavni odjeljak: Da<br \/>\nPretinac za prijenosno ra\u010dunalo: Da<br \/>\nVeli\u010dina zaslona prijenosnog ra\u010dunala: 15,6&quot;<br \/>\nUnutarnja organizacija: Da<\/p>\n","protected":false},"excerpt":{"rendered":"<p>Vodootporne oblo\u017eene tkanine<br \/>\nIzra\u0111en od recikliranih materijala<br \/>\nDimenzije: 20 x 45 x 32 cm<\/p>\n","protected":false},"featured_media":30509,"template":"","meta":{"_seopress_robots_primary_cat":"","_seopress_titles_title":"","_seopress_titles_desc":"","_seopress_robots_index":"","iawp_total_views":0},"product_brand":[401],"product_cat":[290,221],"product_tag":[],"class_list":{"0":"post-30507","1":"product","2":"type-product","3":"status-publish","4":"has-post-thumbnail","6":"product_brand-samsonite","7":"product_cat-drustvene-igre-221","8":"product_cat-igracke","10":"first","11":"outofstock","12":"shipping-taxable","13":"purchasable","14":"product-type-simple"},"_links":{"self":[{"href":"https:\/\/singuli.wpress.me\/index.php\/wp-json\/wp\/v2\/product\/30507","targetHints":{"allow":["GET"]}}],"collection":[{"href":"https:\/\/singuli.wpress.me\/index.php\/wp-json\/wp\/v2\/product"}],"about":[{"href":"https:\/\/singuli.wpress.me\/index.php\/wp-json\/wp\/v2\/types\/product"}],"version-history":[{"count":0,"href":"https:\/\/singuli.wpress.me\/index.php\/wp-json\/wp\/v2\/product\/30507\/revisions"}],"wp:featuredmedia":[{"embeddable":true,"href":"https:\/\/singuli.wpress.me\/index.php\/wp-json\/wp\/v2\/media\/30509"}],"wp:attachment":[{"href":"https:\/\/singuli.wpress.me\/index.php\/wp-json\/wp\/v2\/media?parent=30507"}],"wp:term":[{"taxonomy":"product_brand","embeddable":true,"href":"https:\/\/singuli.wpress.me\/index.php\/wp-json\/wp\/v2\/product_brand?post=30507"},{"taxonomy":"product_cat","embeddable":true,"href":"https:\/\/singuli.wpress.me\/index.php\/wp-json\/wp\/v2\/product_cat?post=30507"},{"taxonomy":"product_tag","embeddable":true,"href":"https:\/\/singuli.wpress.me\/index.php\/wp-json\/wp\/v2\/product_tag?post=30507"}],"curies":[{"name":"wp","href":"https:\/\/api.w.org\/{rel}","templated":true}]}}