{"id":30548,"date":"2026-04-17T00:25:43","date_gmt":"2026-04-17T00:25:43","guid":{"rendered":"https:\/\/singuli.wpress.me\/index.php\/proizvod\/american-tourister-sea-seeker-spinner-80-30-kofer-plava\/"},"modified":"2026-04-20T12:33:02","modified_gmt":"2026-04-20T12:33:02","slug":"american-tourister-sea-seeker-spinner-80-30-kofer-plava","status":"publish","type":"product","link":"https:\/\/singuli.wpress.me\/index.php\/proizvod\/american-tourister-sea-seeker-spinner-80-30-kofer-plava\/","title":{"rendered":"AMERICAN TOURISTER Sea Seeker Spinner 80\/30, kofer, plava"},"content":{"rendered":"<p><span style=\"font-weight: bold\">Sea Seeker kolekcija<\/span> je mekane bo\u010dne prtljage koju je dizajnirao American Tourister. <br \/>\nDostupan u nekoliko boja i veli\u010dina za mu\u0161karce i \u017eene.<\/p>\n<p>Asortiman American Tourister Sea Seeker nudi <span style=\"font-weight: bold\">u\u0161tedu te\u017eine i prakti\u010dnost<\/span>. S izda\u0161nim kapacitetom koji osigurava minimalnu te\u017einu, ovaj je kov\u010deg idealan za one koji putuju s vi\u0161e od nekoliko potrep\u0161tina. Otporni poliester pru\u017ea savr\u0161enu za\u0161titnu zavr\u0161nicu, osiguravaju\u0107i sigurnost sadr\u017eaja tijekom putovanja.<\/p>\n","protected":false},"excerpt":{"rendered":"<p>U\u0161teda te\u017eine i prakti\u010dnosti<br \/>\nIzda\u0161ni kapacitet osigurava minimalnu te\u017einu<br \/>\nDimenzije: 28.5 x 80 x 47.5 cm<\/p>\n","protected":false},"featured_media":30549,"template":"","meta":{"_seopress_robots_primary_cat":"","_seopress_titles_title":"","_seopress_titles_desc":"","_seopress_robots_index":"","iawp_total_views":0},"product_brand":[403],"product_cat":[290,221],"product_tag":[],"class_list":{"0":"post-30548","1":"product","2":"type-product","3":"status-publish","4":"has-post-thumbnail","6":"product_brand-american-tourister","7":"product_cat-drustvene-igre-221","8":"product_cat-igracke","10":"first","11":"outofstock","12":"shipping-taxable","13":"purchasable","14":"product-type-simple"},"_links":{"self":[{"href":"https:\/\/singuli.wpress.me\/index.php\/wp-json\/wp\/v2\/product\/30548","targetHints":{"allow":["GET"]}}],"collection":[{"href":"https:\/\/singuli.wpress.me\/index.php\/wp-json\/wp\/v2\/product"}],"about":[{"href":"https:\/\/singuli.wpress.me\/index.php\/wp-json\/wp\/v2\/types\/product"}],"version-history":[{"count":0,"href":"https:\/\/singuli.wpress.me\/index.php\/wp-json\/wp\/v2\/product\/30548\/revisions"}],"wp:featuredmedia":[{"embeddable":true,"href":"https:\/\/singuli.wpress.me\/index.php\/wp-json\/wp\/v2\/media\/30549"}],"wp:attachment":[{"href":"https:\/\/singuli.wpress.me\/index.php\/wp-json\/wp\/v2\/media?parent=30548"}],"wp:term":[{"taxonomy":"product_brand","embeddable":true,"href":"https:\/\/singuli.wpress.me\/index.php\/wp-json\/wp\/v2\/product_brand?post=30548"},{"taxonomy":"product_cat","embeddable":true,"href":"https:\/\/singuli.wpress.me\/index.php\/wp-json\/wp\/v2\/product_cat?post=30548"},{"taxonomy":"product_tag","embeddable":true,"href":"https:\/\/singuli.wpress.me\/index.php\/wp-json\/wp\/v2\/product_tag?post=30548"}],"curies":[{"name":"wp","href":"https:\/\/api.w.org\/{rel}","templated":true}]}}