{"id":30550,"date":"2026-04-17T00:25:43","date_gmt":"2026-04-17T00:25:43","guid":{"rendered":"https:\/\/singuli.wpress.me\/index.php\/proizvod\/samsonite-spectrolite-exp-torba-za-laptop-velicina-15-6-crna-boja\/"},"modified":"2026-04-20T12:33:02","modified_gmt":"2026-04-20T12:33:02","slug":"samsonite-spectrolite-exp-torba-za-laptop-velicina-15-6-crna-boja","status":"publish","type":"product","link":"https:\/\/singuli.wpress.me\/index.php\/proizvod\/samsonite-spectrolite-exp-torba-za-laptop-velicina-15-6-crna-boja\/","title":{"rendered":"SAMSONITE Spectrolite EXP, torba za laptop, veli\u010dina 15.6&#8243;, crna boja"},"content":{"rendered":"<p>Novi dizajn, nova organizacija, nove zna\u010dajke: stiglo je novo mjerilo za poslovnog suputnika. Izgled koji pokazuje korak naprijed i trep\u0107e prema novim trendovima, ali zadr\u017eava neke zajedni\u010dke dodirne to\u010dke s prethodnikom, pobolj\u0161ane funkcionalnosti s dodatkom USB priklju\u010dka i vodootpornog odjeljka za prijenosno ra\u010dunalo postavit \u0107e Spectrolite 3 kao jednu od najkomercijalnijih linija u industriji.<\/p>\n<p>Bailhandle ima vodootporan pretinac za prijenosno ra\u010dunalo\/tablet s patentnim zatvara\u010dima s obrnutim premazom i podesivim remenom kako bi savr\u0161eno pristajao va\u0161im ure\u0111ajima do 15,6 in\u010da. Tako\u0111er ima dvostruke bo\u010dne d\u017eepove, jedan namijenjen za pohranjivanje va\u0161eg power bank-a, a drugi za va\u0161u bocu od 0,5 l.<\/p>\n<p><span style=\"font-weight: bold\">Karakteristike:<\/span><br \/>\n&#8211; Podesiva naramenica<br \/>\n&#8211; Dvostruki prednji d\u017eep s patentnim zatvara\u010dem<br \/>\n&#8211; \u0160irok organiziran prednji odjeljak<br \/>\n&#8211; Organizirani glavni pretinac s dr\u017ea\u010dem dokumenata<br \/>\n&#8211; USB priklju\u010dak za punjenje va\u0161eg ure\u0111aja u pokretu<br \/>\n&#8211; Pro\u0161irivi glavni odjeljak za pove\u0107anje kapaciteta za 4 litre<br \/>\n&#8211; Pametni rukav<\/p>\n<p>Vanjske dimenzije (\u0160xVxD) u cm42 x 32 x 13\/21<br \/>\nZapremina pakiranja (l)31.64<br \/>\nTe\u017eina: (g)2000<br \/>\nNeto te\u017eina (g)1800<br \/>\nVisina (mm)190<br \/>\n\u0160irina (mm)370<br \/>\nPakiranje Duljina\/Dubina: (mm)450<br \/>\nMaterijali Najlon, poliester, poliuretan<br \/>\nTe\u017eina: 1,4 kg<\/p>\n","protected":false},"excerpt":{"rendered":"<p>Novi dizajn, nova organizacija, nove zna\u010dajke<br \/>\nVodootporan pretinac za prijenosno ra\u010dunalo\/tablet s patentnim zatvara\u010dima<br \/>\nDimenzije: 13 x 32 x 42 cm<\/p>\n","protected":false},"featured_media":30551,"template":"","meta":{"_seopress_robots_primary_cat":"","_seopress_titles_title":"","_seopress_titles_desc":"","_seopress_robots_index":"","iawp_total_views":0},"product_brand":[401],"product_cat":[290,221],"product_tag":[],"class_list":{"0":"post-30550","1":"product","2":"type-product","3":"status-publish","4":"has-post-thumbnail","6":"product_brand-samsonite","7":"product_cat-drustvene-igre-221","8":"product_cat-igracke","10":"first","11":"outofstock","12":"shipping-taxable","13":"purchasable","14":"product-type-simple"},"_links":{"self":[{"href":"https:\/\/singuli.wpress.me\/index.php\/wp-json\/wp\/v2\/product\/30550","targetHints":{"allow":["GET"]}}],"collection":[{"href":"https:\/\/singuli.wpress.me\/index.php\/wp-json\/wp\/v2\/product"}],"about":[{"href":"https:\/\/singuli.wpress.me\/index.php\/wp-json\/wp\/v2\/types\/product"}],"version-history":[{"count":0,"href":"https:\/\/singuli.wpress.me\/index.php\/wp-json\/wp\/v2\/product\/30550\/revisions"}],"wp:featuredmedia":[{"embeddable":true,"href":"https:\/\/singuli.wpress.me\/index.php\/wp-json\/wp\/v2\/media\/30551"}],"wp:attachment":[{"href":"https:\/\/singuli.wpress.me\/index.php\/wp-json\/wp\/v2\/media?parent=30550"}],"wp:term":[{"taxonomy":"product_brand","embeddable":true,"href":"https:\/\/singuli.wpress.me\/index.php\/wp-json\/wp\/v2\/product_brand?post=30550"},{"taxonomy":"product_cat","embeddable":true,"href":"https:\/\/singuli.wpress.me\/index.php\/wp-json\/wp\/v2\/product_cat?post=30550"},{"taxonomy":"product_tag","embeddable":true,"href":"https:\/\/singuli.wpress.me\/index.php\/wp-json\/wp\/v2\/product_tag?post=30550"}],"curies":[{"name":"wp","href":"https:\/\/api.w.org\/{rel}","templated":true}]}}