{"id":30592,"date":"2026-04-17T00:25:57","date_gmt":"2026-04-17T00:25:57","guid":{"rendered":"https:\/\/singuli.wpress.me\/index.php\/proizvod\/trax-high-speed-zeljeznica-set-za-igru-mali-set\/"},"modified":"2026-04-20T12:33:02","modified_gmt":"2026-04-20T12:33:02","slug":"trax-high-speed-zeljeznica-set-za-igru-mali-set","status":"publish","type":"product","link":"https:\/\/singuli.wpress.me\/index.php\/proizvod\/trax-high-speed-zeljeznica-set-za-igru-mali-set\/","title":{"rendered":"TRAX High Speed \u017eeljeznica, set za igru, mali set"},"content":{"rendered":"<p>Upoznajte igru Trax \u017deljeznica High Speed &#8211; Mali set, koja \u0107e vas odvesti u svijet brze \u017eeljeznice s uzbu\u0111uju\u0107im detaljima! <br \/>\nOvaj mali set uklju\u010duje \u017eeljezni\u010dki vlak koji radi na baterije. <br \/>\nVlak dolazi u omjeru 1:160, \u0161to ga \u010dini iznimno detaljnim i autenti\u010dnim. <br \/>\n\u0160to se ti\u010de zabave, ovaj vlak donosi realisti\u010dan zvuk vlaka i svjetlosne efekte koji bljeskaju.<br \/>\nTo \u0107e dodatno obogatiti va\u0161e igra\u010dko iskustvo i pru\u017eiti vam dojam stvarne \u017eeljeznice.<br \/>\nVa\u017eno je napomenuti da je za rad ovog vlaka potrebna jedna baterija AA 1,5V , no baterija nije uklju\u010dena u proizvod, pa \u0107ete je trebati nabaviti posebno. <br \/>\nTrax \u017deljeznica High Speed &#8211; Mali set pru\u017ea brzu i uzbu\u0111uju\u0107u igru s realisti\u010dnim zvukom i svjetlosnim efektima, \u010dine\u0107i je savr\u0161enim dodatkom va\u0161em setu \u017eeljeznice.<\/p>\n<p>Dob 3+<\/p>\n","protected":false},"excerpt":{"rendered":"<p>Dolazi s realisti\u010dnim zvukom vlaka i svjetlosnim efektima koji bljeskaju<br \/>\nBaterija nije uklju\u010dena u proizvod<br \/>\nDob: 3+ god<\/p>\n","protected":false},"featured_media":30593,"template":"","meta":{"_seopress_robots_primary_cat":"","_seopress_titles_title":"","_seopress_titles_desc":"","_seopress_robots_index":"","iawp_total_views":0},"product_brand":[407],"product_cat":[221,291],"product_tag":[],"class_list":{"0":"post-30592","1":"product","2":"type-product","3":"status-publish","4":"has-post-thumbnail","6":"product_brand-trax","7":"product_cat-igracke","8":"product_cat-igracke-za-djecu-221","10":"first","11":"instock","12":"shipping-taxable","13":"purchasable","14":"product-type-simple"},"_links":{"self":[{"href":"https:\/\/singuli.wpress.me\/index.php\/wp-json\/wp\/v2\/product\/30592","targetHints":{"allow":["GET"]}}],"collection":[{"href":"https:\/\/singuli.wpress.me\/index.php\/wp-json\/wp\/v2\/product"}],"about":[{"href":"https:\/\/singuli.wpress.me\/index.php\/wp-json\/wp\/v2\/types\/product"}],"version-history":[{"count":0,"href":"https:\/\/singuli.wpress.me\/index.php\/wp-json\/wp\/v2\/product\/30592\/revisions"}],"wp:featuredmedia":[{"embeddable":true,"href":"https:\/\/singuli.wpress.me\/index.php\/wp-json\/wp\/v2\/media\/30593"}],"wp:attachment":[{"href":"https:\/\/singuli.wpress.me\/index.php\/wp-json\/wp\/v2\/media?parent=30592"}],"wp:term":[{"taxonomy":"product_brand","embeddable":true,"href":"https:\/\/singuli.wpress.me\/index.php\/wp-json\/wp\/v2\/product_brand?post=30592"},{"taxonomy":"product_cat","embeddable":true,"href":"https:\/\/singuli.wpress.me\/index.php\/wp-json\/wp\/v2\/product_cat?post=30592"},{"taxonomy":"product_tag","embeddable":true,"href":"https:\/\/singuli.wpress.me\/index.php\/wp-json\/wp\/v2\/product_tag?post=30592"}],"curies":[{"name":"wp","href":"https:\/\/api.w.org\/{rel}","templated":true}]}}