{"id":30595,"date":"2026-04-17T00:25:58","date_gmt":"2026-04-17T00:25:58","guid":{"rendered":"https:\/\/singuli.wpress.me\/index.php\/proizvod\/trax-high-speed-zeljeznica-set-za-igru-veliki-set\/"},"modified":"2026-04-20T12:33:02","modified_gmt":"2026-04-20T12:33:02","slug":"trax-high-speed-zeljeznica-set-za-igru-veliki-set","status":"publish","type":"product","link":"https:\/\/singuli.wpress.me\/index.php\/proizvod\/trax-high-speed-zeljeznica-set-za-igru-veliki-set\/","title":{"rendered":"TRAX High Speed \u017eeljeznica, set za igru, veliki set"},"content":{"rendered":"<p>Predstavljamo vam igru Trax \u017deljeznicu High Speed &#8211; Veliki set s vlakom koji radi na baterije! <\/p>\n<p>Ovaj set donosi brzu i uzbu\u0111uju\u0107u \u017eeljezni\u010dku avanturu s modernim detaljima. <\/p>\n<p>To je visokobrzinski vlak koji donosi uzbu\u0111enje na va\u0161u \u017eeljeznicu. <\/p>\n<p>Ovaj vlak radi na dvije AA 1,5V  baterije i dolazi s efektima bljeskanja svjetla i realisti\u010dnim zvukom vlaka. To \u0107e pru\u017eiti dodatnu razinu autenti\u010dnosti i zabave tijekom igre. <\/p>\n<p>Ovaj set dolazi u omjeru 1:87, \u0161to ga \u010dini realisti\u010dnim i detaljnim. <\/p>\n<p>Va\u017eno je napomenuti da baterije nisu uklju\u010dene u proizvod, pa \u0107ete ih trebati nabaviti posebno kako biste u\u017eivali u ovom brzom \u017eeljezni\u010dkom setu. <\/p>\n<p>Trax \u017deljeznica High Speed &#8211; Veliki set s vlakom pru\u017ea brzu i uzbu\u0111uju\u0107u igru s mnogo detalja i akcije.<\/p>\n<p>Dob 3+<\/p>\n","protected":false},"excerpt":{"rendered":"<p>Dolazi s realisti\u010dnim zvukom vlaka i svjetlosnim efektima koji bljeskaju<br \/>\nBaterije nisu uklju\u010dene u proizvod<br \/>\nDob: 3+ god<\/p>\n","protected":false},"featured_media":30597,"template":"","meta":{"_seopress_robots_primary_cat":"","_seopress_titles_title":"","_seopress_titles_desc":"","_seopress_robots_index":"","iawp_total_views":0},"product_brand":[407],"product_cat":[221,291],"product_tag":[],"class_list":{"0":"post-30595","1":"product","2":"type-product","3":"status-publish","4":"has-post-thumbnail","6":"product_brand-trax","7":"product_cat-igracke","8":"product_cat-igracke-za-djecu-221","10":"first","11":"instock","12":"shipping-taxable","13":"purchasable","14":"product-type-simple"},"_links":{"self":[{"href":"https:\/\/singuli.wpress.me\/index.php\/wp-json\/wp\/v2\/product\/30595","targetHints":{"allow":["GET"]}}],"collection":[{"href":"https:\/\/singuli.wpress.me\/index.php\/wp-json\/wp\/v2\/product"}],"about":[{"href":"https:\/\/singuli.wpress.me\/index.php\/wp-json\/wp\/v2\/types\/product"}],"version-history":[{"count":0,"href":"https:\/\/singuli.wpress.me\/index.php\/wp-json\/wp\/v2\/product\/30595\/revisions"}],"wp:featuredmedia":[{"embeddable":true,"href":"https:\/\/singuli.wpress.me\/index.php\/wp-json\/wp\/v2\/media\/30597"}],"wp:attachment":[{"href":"https:\/\/singuli.wpress.me\/index.php\/wp-json\/wp\/v2\/media?parent=30595"}],"wp:term":[{"taxonomy":"product_brand","embeddable":true,"href":"https:\/\/singuli.wpress.me\/index.php\/wp-json\/wp\/v2\/product_brand?post=30595"},{"taxonomy":"product_cat","embeddable":true,"href":"https:\/\/singuli.wpress.me\/index.php\/wp-json\/wp\/v2\/product_cat?post=30595"},{"taxonomy":"product_tag","embeddable":true,"href":"https:\/\/singuli.wpress.me\/index.php\/wp-json\/wp\/v2\/product_tag?post=30595"}],"curies":[{"name":"wp","href":"https:\/\/api.w.org\/{rel}","templated":true}]}}