{"id":30598,"date":"2026-04-17T00:25:59","date_gmt":"2026-04-17T00:25:59","guid":{"rendered":"https:\/\/singuli.wpress.me\/index.php\/proizvod\/sportex-set-za-igru-ljuljacka\/"},"modified":"2026-04-20T12:33:02","modified_gmt":"2026-04-20T12:33:02","slug":"sportex-set-za-igru-ljuljacka","status":"publish","type":"product","link":"https:\/\/singuli.wpress.me\/index.php\/proizvod\/sportex-set-za-igru-ljuljacka\/","title":{"rendered":"SPORTEX, set za igru, ljulja\u010dka"},"content":{"rendered":"<p>Ljulja\u010dka ima prednje\/stra\u017enje za\u0161tite i mo\u017ee se sastaviti u dvori\u0161tu, vrtu ili \u010dak u ku\u0107i. <\/p>\n<p>Dob: 6+m<\/p>\n","protected":false},"excerpt":{"rendered":"<p>Ljulja\u010dka ima prednje\/stra\u017enje za\u0161tite<br \/>\nMo\u017ee se sastaviti u dvori\u0161tu ili \u010dak u ku\u0107i<br \/>\nDob: 6+m<\/p>\n","protected":false},"featured_media":30600,"template":"","meta":{"_seopress_robots_primary_cat":"","_seopress_titles_title":"","_seopress_titles_desc":"","_seopress_robots_index":"","iawp_total_views":0},"product_brand":[392],"product_cat":[274,238],"product_tag":[],"class_list":{"0":"post-30598","1":"product","2":"type-product","3":"status-publish","4":"has-post-thumbnail","6":"product_brand-sportex","7":"product_cat-kucanski-pribor-238","8":"product_cat-sve-za-dom","10":"first","11":"instock","12":"shipping-taxable","13":"purchasable","14":"product-type-simple"},"_links":{"self":[{"href":"https:\/\/singuli.wpress.me\/index.php\/wp-json\/wp\/v2\/product\/30598","targetHints":{"allow":["GET"]}}],"collection":[{"href":"https:\/\/singuli.wpress.me\/index.php\/wp-json\/wp\/v2\/product"}],"about":[{"href":"https:\/\/singuli.wpress.me\/index.php\/wp-json\/wp\/v2\/types\/product"}],"version-history":[{"count":0,"href":"https:\/\/singuli.wpress.me\/index.php\/wp-json\/wp\/v2\/product\/30598\/revisions"}],"wp:featuredmedia":[{"embeddable":true,"href":"https:\/\/singuli.wpress.me\/index.php\/wp-json\/wp\/v2\/media\/30600"}],"wp:attachment":[{"href":"https:\/\/singuli.wpress.me\/index.php\/wp-json\/wp\/v2\/media?parent=30598"}],"wp:term":[{"taxonomy":"product_brand","embeddable":true,"href":"https:\/\/singuli.wpress.me\/index.php\/wp-json\/wp\/v2\/product_brand?post=30598"},{"taxonomy":"product_cat","embeddable":true,"href":"https:\/\/singuli.wpress.me\/index.php\/wp-json\/wp\/v2\/product_cat?post=30598"},{"taxonomy":"product_tag","embeddable":true,"href":"https:\/\/singuli.wpress.me\/index.php\/wp-json\/wp\/v2\/product_tag?post=30598"}],"curies":[{"name":"wp","href":"https:\/\/api.w.org\/{rel}","templated":true}]}}