{"id":30615,"date":"2026-04-17T00:26:05","date_gmt":"2026-04-17T00:26:05","guid":{"rendered":"https:\/\/singuli.wpress.me\/index.php\/proizvod\/shell-antifriz-longlife-ultimate-protection-concentrate-1-l\/"},"modified":"2026-04-21T00:26:32","modified_gmt":"2026-04-21T00:26:32","slug":"shell-antifriz-longlife-ultimate-protection-concentrate-1-l","status":"publish","type":"product","link":"https:\/\/singuli.wpress.me\/index.php\/proizvod\/shell-antifriz-longlife-ultimate-protection-concentrate-1-l\/","title":{"rendered":"SHELL, antifriz, Longlife Ultimate Protection concentrate, 1\u00a0l"},"content":{"rendered":"<p>Shell Anti-Freeze Longlife Ultimate Protection je koncentrat rashladne teku\u0107ine za motore (antifriz) na bazi monoetilen glikola, bez nitrita, amina, fosfata, boraksa, silikata i drugih mineralnih dodataka, pogodan za benzinske i dizel motore. <\/p>\n<p>Pa\u017eljivo odabrani aditivi daju mu sljede\u0107a svojstva: produ\u017eeni vijek trajanja, \u0161to omogu\u0107uje rje\u0111e odr\u017eavanje, zahvaljuju\u0107i inhibitorima korozije. U\u010dinkovito hla\u0111enje motora bez vrenja. Uklanjanje krutih abrazivni tvari, \u0161to omogu\u0107uje bolju za\u0161titu vodene pumpe.<br \/>\nPobolj\u0161ana antikorozivna za\u0161tita svih metala i legura kori\u0161tenih u sustavu hla\u0111enja modernih vozila. Za\u0161tita od smrzavanja, ovisno o odabranoj koncentraciji. Izvrsna svojstva protiv pjenjenja.<\/p>\n<p><span style=\"font-weight: bold\">SPECIFIKACIJE<\/span>: Zadovoljava ve\u0107inu europskih i me\u0111unarodnih standarda: ASTM D3306, ASTM D4656, ASTM D4985, AFNOR NF R15-601*, AS 2108, BS 6580: 2010, CUNA NC 956-16, SAE J 1034, UNE 26361-88, FFV Heft R443 , NATO S 759. kao i OEM specifikacije: <br \/>\nFord WSS-M97B44-D, Mercedes-Benz 325.3, Renault 41-01-001 , General Motors GM 6277M , Volkswagen VAG TL 774 D &amp; F , MAN 324 SNF , Mazda MEZ MN 121 D, Volvo,  Claas, Deutz 0199-99-115\/6, John Deere JDMH5, Komatsu 07.892(2009), DAF 74002 <br \/>\nFiat \u2013 Lancia 9,55523 , Jaguar CMR 8229 <\/p>\n<p>Preporu\u010dena zamjena nakon cca. 250.000 km\/5 godina kori\u0161tenja ili prema specifikaciji proizvo\u0111a\u010da vozila.<\/p>\n","protected":false},"excerpt":{"rendered":"<p>koncentrat rashladne teku\u0107ine za motore<br \/>\nProdu\u017eeni vijek trajanja<br \/>\nU\u010dinkovito hla\u0111enje motora bez vrenja<\/p>\n","protected":false},"featured_media":30617,"template":"","meta":{"_seopress_robots_primary_cat":"","_seopress_titles_title":"","_seopress_titles_desc":"","_seopress_robots_index":"","iawp_total_views":0},"product_brand":[326],"product_cat":[243,315],"product_tag":[],"class_list":{"0":"post-30615","1":"product","2":"type-product","3":"status-publish","4":"has-post-thumbnail","6":"product_brand-shell","7":"product_cat-automobili-i-motori","8":"product_cat-rashladne-tekucine-243","10":"first","11":"outofstock","12":"shipping-taxable","13":"purchasable","14":"product-type-simple"},"_links":{"self":[{"href":"https:\/\/singuli.wpress.me\/index.php\/wp-json\/wp\/v2\/product\/30615","targetHints":{"allow":["GET"]}}],"collection":[{"href":"https:\/\/singuli.wpress.me\/index.php\/wp-json\/wp\/v2\/product"}],"about":[{"href":"https:\/\/singuli.wpress.me\/index.php\/wp-json\/wp\/v2\/types\/product"}],"version-history":[{"count":0,"href":"https:\/\/singuli.wpress.me\/index.php\/wp-json\/wp\/v2\/product\/30615\/revisions"}],"wp:featuredmedia":[{"embeddable":true,"href":"https:\/\/singuli.wpress.me\/index.php\/wp-json\/wp\/v2\/media\/30617"}],"wp:attachment":[{"href":"https:\/\/singuli.wpress.me\/index.php\/wp-json\/wp\/v2\/media?parent=30615"}],"wp:term":[{"taxonomy":"product_brand","embeddable":true,"href":"https:\/\/singuli.wpress.me\/index.php\/wp-json\/wp\/v2\/product_brand?post=30615"},{"taxonomy":"product_cat","embeddable":true,"href":"https:\/\/singuli.wpress.me\/index.php\/wp-json\/wp\/v2\/product_cat?post=30615"},{"taxonomy":"product_tag","embeddable":true,"href":"https:\/\/singuli.wpress.me\/index.php\/wp-json\/wp\/v2\/product_tag?post=30615"}],"curies":[{"name":"wp","href":"https:\/\/api.w.org\/{rel}","templated":true}]}}