{"id":30620,"date":"2026-04-17T00:26:09","date_gmt":"2026-04-17T00:26:09","guid":{"rendered":"https:\/\/singuli.wpress.me\/index.php\/proizvod\/pantene-pro-v-intensive-repair-set-sampon-i-regenerator-duopack\/"},"modified":"2026-04-20T12:33:03","modified_gmt":"2026-04-20T12:33:03","slug":"pantene-pro-v-intensive-repair-set-sampon-i-regenerator-duopack","status":"publish","type":"product","link":"https:\/\/singuli.wpress.me\/index.php\/proizvod\/pantene-pro-v-intensive-repair-set-sampon-i-regenerator-duopack\/","title":{"rendered":"PANTENE Pro-V Intensive Repair, set, \u0161ampon i regenerator, duopack"},"content":{"rendered":"<p>Pantene Pro-V Intensive Repair, s modernom formulom Pantene Pro-V: regeneriraju\u0107a kolekcija oboga\u0107ena hranjivim mikroelementima, ve\u017ee vlagu unutar vlakana kose i stvara zdrav, sjajan izgled kose. Pantene Pro-V Intensive Repair \u0161ampon bori se protiv znakova o\u0161te\u0107enja, hrani i daje kosi zdrav sjaj. Pantene Pro-V Intensive Repair regenerator za o\u0161te\u0107enu kosu koji nje\u017eno \u010disti i hrani kosu aktivnim Pro-V vitaminima te na taj na\u010din trenutno ubla\u017eava znakove o\u0161te\u0107enja kose. Sprje\u010dava nastanak ispucalih vrhova, daje kosi zdrav sjaj i glatko\u0107u.<\/p>\n","protected":false},"excerpt":{"rendered":"<p>Za oslabljenu ili o\u0161te\u0107enu kosu<br \/>\nSprje\u010dava pucanje vrhova<br \/>\nTrenuta\u010dno uklanja znakove o\u0161te\u0107enja<\/p>\n","protected":false},"featured_media":30621,"template":"","meta":{"_seopress_robots_primary_cat":"","_seopress_titles_title":"","_seopress_titles_desc":"","_seopress_robots_index":"","iawp_total_views":0},"product_brand":[411],"product_cat":[268,300],"product_tag":[],"class_list":{"0":"post-30620","1":"product","2":"type-product","3":"status-publish","4":"has-post-thumbnail","6":"product_brand-pantene","7":"product_cat-kozmetika-2","8":"product_cat-njega-kose-268","10":"first","11":"outofstock","12":"shipping-taxable","13":"purchasable","14":"product-type-simple"},"_links":{"self":[{"href":"https:\/\/singuli.wpress.me\/index.php\/wp-json\/wp\/v2\/product\/30620","targetHints":{"allow":["GET"]}}],"collection":[{"href":"https:\/\/singuli.wpress.me\/index.php\/wp-json\/wp\/v2\/product"}],"about":[{"href":"https:\/\/singuli.wpress.me\/index.php\/wp-json\/wp\/v2\/types\/product"}],"version-history":[{"count":0,"href":"https:\/\/singuli.wpress.me\/index.php\/wp-json\/wp\/v2\/product\/30620\/revisions"}],"wp:featuredmedia":[{"embeddable":true,"href":"https:\/\/singuli.wpress.me\/index.php\/wp-json\/wp\/v2\/media\/30621"}],"wp:attachment":[{"href":"https:\/\/singuli.wpress.me\/index.php\/wp-json\/wp\/v2\/media?parent=30620"}],"wp:term":[{"taxonomy":"product_brand","embeddable":true,"href":"https:\/\/singuli.wpress.me\/index.php\/wp-json\/wp\/v2\/product_brand?post=30620"},{"taxonomy":"product_cat","embeddable":true,"href":"https:\/\/singuli.wpress.me\/index.php\/wp-json\/wp\/v2\/product_cat?post=30620"},{"taxonomy":"product_tag","embeddable":true,"href":"https:\/\/singuli.wpress.me\/index.php\/wp-json\/wp\/v2\/product_tag?post=30620"}],"curies":[{"name":"wp","href":"https:\/\/api.w.org\/{rel}","templated":true}]}}