{"id":30629,"date":"2026-04-17T00:26:12","date_gmt":"2026-04-17T00:26:12","guid":{"rendered":"https:\/\/singuli.wpress.me\/index.php\/proizvod\/duck-fresh-discs-tropical-summer-gel-za-ciscenje-i-osvjezavanje-wc-skoljke-punjenje-72-ml\/"},"modified":"2026-04-21T00:26:32","modified_gmt":"2026-04-21T00:26:32","slug":"duck-fresh-discs-tropical-summer-gel-za-ciscenje-i-osvjezavanje-wc-skoljke-punjenje-72-ml","status":"publish","type":"product","link":"https:\/\/singuli.wpress.me\/index.php\/proizvod\/duck-fresh-discs-tropical-summer-gel-za-ciscenje-i-osvjezavanje-wc-skoljke-punjenje-72-ml\/","title":{"rendered":"DUCK Fresh Discs Tropical Summer, gel za \u010di\u0161\u0107enje i osvje\u017eavanje wc \u0161koljke, punjenje, 72\u00a0ml"},"content":{"rendered":"<p>Duck\u00ae Fresh Discs gel savr\u0161eno prijanja uz WC \u0161koljku. <\/p>\n<p>Traje do 7,5 tjedana. <\/p>\n<p>Pakiranje sadr\u017ei bazu i 6 gel diskova. <\/p>\n<p>Blister napravljen od 50% plastike prikupljene na kopnu kako bi se sprije\u010dilo one\u010di\u0161\u0107enje oceana, u zemljama s velikim koli\u010dinama plasti\u010dnog otpada u suradnji s Plastic Bank\u00ae. <\/p>\n<p>Prizovite ljeto uz Duck\u00ae limited edition miris Tropical Summer.<\/p>\n<p>Upute za uporabu:<br \/>\n*Pobrinite se da je WC \u0161koljka \u010dista.<\/p>\n<p>1. Poravnajte izbo\u010dinu na punjenju (gumb) s rupama na aplikatoru. Skinite \u010dep i sa\u010duvajte ga.<br \/>\n2. Pozicionirajte proziran kraj aplikatora okomito na unutarnju stijenku WC \u0161koljke, blizu ruba, gdje ga mlaz vode mo\u017ee aktivirati. 3. Pritisnite gumb prema stijenci WC \u0161koljke sve dok ne presko\u010di u sljede\u0107u rupu. Ne okre\u0107ite aplikator. Povucite aplikator natrag nakon \u0161to ste otisnuli disk na stijenku. Dobro za\u010depite proizvod nakon uporabe. Pustite vodu kako bi se disk aktivirao. Nakon aplikacije proizvod mo\u017ee biti zanimljiv maloj djeci. Aplicirajte ga na mjesto koje je djeci najmanje vidljivo. Pogodno i za septi\u010dke jame.<\/p>\n","protected":false},"excerpt":{"rendered":"<p>Bez nehigijenskih ko\u0161arica<br \/>\nPakiranje sadr\u017ei bazu i 6 gel diskova<br \/>\nTraje do 7.5 tjedana<\/p>\n","protected":false},"featured_media":30630,"template":"","meta":{"_seopress_robots_primary_cat":"","_seopress_titles_title":"","_seopress_titles_desc":"","_seopress_robots_index":"","iawp_total_views":0},"product_brand":[410],"product_cat":[284,238],"product_tag":[],"class_list":{"0":"post-30629","1":"product","2":"type-product","3":"status-publish","4":"has-post-thumbnail","6":"product_brand-duck","7":"product_cat-sredstva-za-ciscenje-238","8":"product_cat-sve-za-dom","10":"first","11":"outofstock","12":"shipping-taxable","13":"purchasable","14":"product-type-simple"},"_links":{"self":[{"href":"https:\/\/singuli.wpress.me\/index.php\/wp-json\/wp\/v2\/product\/30629","targetHints":{"allow":["GET"]}}],"collection":[{"href":"https:\/\/singuli.wpress.me\/index.php\/wp-json\/wp\/v2\/product"}],"about":[{"href":"https:\/\/singuli.wpress.me\/index.php\/wp-json\/wp\/v2\/types\/product"}],"version-history":[{"count":0,"href":"https:\/\/singuli.wpress.me\/index.php\/wp-json\/wp\/v2\/product\/30629\/revisions"}],"wp:featuredmedia":[{"embeddable":true,"href":"https:\/\/singuli.wpress.me\/index.php\/wp-json\/wp\/v2\/media\/30630"}],"wp:attachment":[{"href":"https:\/\/singuli.wpress.me\/index.php\/wp-json\/wp\/v2\/media?parent=30629"}],"wp:term":[{"taxonomy":"product_brand","embeddable":true,"href":"https:\/\/singuli.wpress.me\/index.php\/wp-json\/wp\/v2\/product_brand?post=30629"},{"taxonomy":"product_cat","embeddable":true,"href":"https:\/\/singuli.wpress.me\/index.php\/wp-json\/wp\/v2\/product_cat?post=30629"},{"taxonomy":"product_tag","embeddable":true,"href":"https:\/\/singuli.wpress.me\/index.php\/wp-json\/wp\/v2\/product_tag?post=30629"}],"curies":[{"name":"wp","href":"https:\/\/api.w.org\/{rel}","templated":true}]}}