{"id":30633,"date":"2026-04-17T00:26:13","date_gmt":"2026-04-17T00:26:13","guid":{"rendered":"https:\/\/singuli.wpress.me\/index.php\/proizvod\/glade-punjenje-za-automatski-osvjezivac-zraka-tresnja-i-bozur-269-ml\/"},"modified":"2026-04-20T12:33:03","modified_gmt":"2026-04-20T12:33:03","slug":"glade-punjenje-za-automatski-osvjezivac-zraka-tresnja-i-bozur-269-ml","status":"publish","type":"product","link":"https:\/\/singuli.wpress.me\/index.php\/proizvod\/glade-punjenje-za-automatski-osvjezivac-zraka-tresnja-i-bozur-269-ml\/","title":{"rendered":"GLADE, punjenje za automatski osvje\u017eiva\u010d zraka, tre\u0161nja i bo\u017eur, 269\u00a0ml"},"content":{"rendered":"<p>Glade\u00ae Automatski osvje\u017eiva\u010d zraka pru\u017ea pouzdanu svjezinu u svakoj prostoriji do 60 dana.<\/p>\n<p>Opustite se i u\u017eivajte u kombinaciji nota tre\u0161nje i bo\u017eura.<\/p>\n<p>Upute za uporabu:<br \/>\n1. Timer na Glade\u00ae Automatskom osvje\u017eiva\u010du zraka postavite na &quot;Off&quot;.<br \/>\n2. Umetnite novo Glade\u00ae Punjenje za automatski osvje\u017eiva\u010d zraka.<br \/>\n3. Namjestite timer na \u017eeljeno vrijeme kako biste odabrali u\u010destalost ispu\u0161tanja mirisa: svakih 9, 18, 36 minuta. Otvor osvje\u017eiva\u010da u svakom trenutku dr\u017eite usmjeren od lica. <\/p>\n<p>Glade\u00ae Punjenje za automatski osvje\u017eiva\u010d zraka mo\u017ee se koristiti i samostalno.<\/p>\n","protected":false},"excerpt":{"rendered":"<p>Pouzdana svje\u017eina do 60 dana<br \/>\nJednostavan za kori\u0161tenje<br \/>\nIspu\u0161ta ugodan miris svakih 9, 18 ili 36 minuta<\/p>\n","protected":false},"featured_media":30634,"template":"","meta":{"_seopress_robots_primary_cat":"","_seopress_titles_title":"","_seopress_titles_desc":"","_seopress_robots_index":"","iawp_total_views":0},"product_brand":[405],"product_cat":[243,272],"product_tag":[],"class_list":{"0":"post-30633","1":"product","2":"type-product","3":"status-publish","4":"has-post-thumbnail","6":"product_brand-glade","7":"product_cat-automobili-i-motori","8":"product_cat-motorna-ulja-243","10":"first","11":"instock","12":"shipping-taxable","13":"purchasable","14":"product-type-simple"},"_links":{"self":[{"href":"https:\/\/singuli.wpress.me\/index.php\/wp-json\/wp\/v2\/product\/30633","targetHints":{"allow":["GET"]}}],"collection":[{"href":"https:\/\/singuli.wpress.me\/index.php\/wp-json\/wp\/v2\/product"}],"about":[{"href":"https:\/\/singuli.wpress.me\/index.php\/wp-json\/wp\/v2\/types\/product"}],"version-history":[{"count":0,"href":"https:\/\/singuli.wpress.me\/index.php\/wp-json\/wp\/v2\/product\/30633\/revisions"}],"wp:featuredmedia":[{"embeddable":true,"href":"https:\/\/singuli.wpress.me\/index.php\/wp-json\/wp\/v2\/media\/30634"}],"wp:attachment":[{"href":"https:\/\/singuli.wpress.me\/index.php\/wp-json\/wp\/v2\/media?parent=30633"}],"wp:term":[{"taxonomy":"product_brand","embeddable":true,"href":"https:\/\/singuli.wpress.me\/index.php\/wp-json\/wp\/v2\/product_brand?post=30633"},{"taxonomy":"product_cat","embeddable":true,"href":"https:\/\/singuli.wpress.me\/index.php\/wp-json\/wp\/v2\/product_cat?post=30633"},{"taxonomy":"product_tag","embeddable":true,"href":"https:\/\/singuli.wpress.me\/index.php\/wp-json\/wp\/v2\/product_tag?post=30633"}],"curies":[{"name":"wp","href":"https:\/\/api.w.org\/{rel}","templated":true}]}}