{"id":30645,"date":"2026-04-17T00:26:17","date_gmt":"2026-04-17T00:26:17","guid":{"rendered":"https:\/\/singuli.wpress.me\/index.php\/proizvod\/lavazza-qualita-rossa-kava-u-zrnu-xxl-pakiranje-6-kg\/"},"modified":"2026-04-20T12:33:03","modified_gmt":"2026-04-20T12:33:03","slug":"lavazza-qualita-rossa-kava-u-zrnu-xxl-pakiranje-6-kg","status":"publish","type":"product","link":"https:\/\/singuli.wpress.me\/index.php\/proizvod\/lavazza-qualita-rossa-kava-u-zrnu-xxl-pakiranje-6-kg\/","title":{"rendered":"LAVAZZA Qualita Rossa, kava u zrnu, XXL pakiranje, 6\u00a0kg"},"content":{"rendered":"<p>Lavazza Qualita Rossa, tradicionalni blend kave koji postoji na tr\u017ei\u0161tu ve\u0107 50 godina.<\/p>\n<p>Nepogre\u0161iva aroma za odli\u010dan po\u010detak dana.<\/p>\n<p>Sastav kave: Arabica\/Robusta<br \/>\nIntenzitet: 5\/10<br \/>\nNota okusa: \u010dokolada<br \/>\nPr\u017eenje: srednje pr\u017eena<\/p>\n","protected":false},"excerpt":{"rendered":"<p>Arabica i Robusta<br \/>\nIntenzitet: 5\/10<br \/>\nAroma: \u010dokolada<\/p>\n","protected":false},"featured_media":30646,"template":"","meta":{"_seopress_robots_primary_cat":"","_seopress_titles_title":"","_seopress_titles_desc":"","_seopress_robots_index":"","iawp_total_views":0},"product_brand":[393],"product_cat":[261,275],"product_tag":[],"class_list":{"0":"post-30645","1":"product","2":"type-product","3":"status-publish","4":"has-post-thumbnail","6":"product_brand-lavazza","7":"product_cat-hrana-i-pice","8":"product_cat-kava-i-cajevi-261","10":"first","11":"outofstock","12":"shipping-taxable","13":"purchasable","14":"product-type-simple"},"_links":{"self":[{"href":"https:\/\/singuli.wpress.me\/index.php\/wp-json\/wp\/v2\/product\/30645","targetHints":{"allow":["GET"]}}],"collection":[{"href":"https:\/\/singuli.wpress.me\/index.php\/wp-json\/wp\/v2\/product"}],"about":[{"href":"https:\/\/singuli.wpress.me\/index.php\/wp-json\/wp\/v2\/types\/product"}],"version-history":[{"count":0,"href":"https:\/\/singuli.wpress.me\/index.php\/wp-json\/wp\/v2\/product\/30645\/revisions"}],"wp:featuredmedia":[{"embeddable":true,"href":"https:\/\/singuli.wpress.me\/index.php\/wp-json\/wp\/v2\/media\/30646"}],"wp:attachment":[{"href":"https:\/\/singuli.wpress.me\/index.php\/wp-json\/wp\/v2\/media?parent=30645"}],"wp:term":[{"taxonomy":"product_brand","embeddable":true,"href":"https:\/\/singuli.wpress.me\/index.php\/wp-json\/wp\/v2\/product_brand?post=30645"},{"taxonomy":"product_cat","embeddable":true,"href":"https:\/\/singuli.wpress.me\/index.php\/wp-json\/wp\/v2\/product_cat?post=30645"},{"taxonomy":"product_tag","embeddable":true,"href":"https:\/\/singuli.wpress.me\/index.php\/wp-json\/wp\/v2\/product_tag?post=30645"}],"curies":[{"name":"wp","href":"https:\/\/api.w.org\/{rel}","templated":true}]}}