{"id":30649,"date":"2026-04-17T00:26:19","date_gmt":"2026-04-17T00:26:19","guid":{"rendered":"https:\/\/singuli.wpress.me\/index.php\/proizvod\/lavazza-espresso-barista-perfetto-kava-u-zrnu-xxl-pakiranje-6-kg\/"},"modified":"2026-04-20T12:33:03","modified_gmt":"2026-04-20T12:33:03","slug":"lavazza-espresso-barista-perfetto-kava-u-zrnu-xxl-pakiranje-6-kg","status":"publish","type":"product","link":"https:\/\/singuli.wpress.me\/index.php\/proizvod\/lavazza-espresso-barista-perfetto-kava-u-zrnu-xxl-pakiranje-6-kg\/","title":{"rendered":"LAVAZZA Espresso Barista Perfetto, kava u zrnu, XXL pakiranje, 6\u00a0kg"},"content":{"rendered":"<p>Lavazza Crema e Aroma je dobro izbalansirana mje\u0161avina najboljih Arabica zrna i pa\u017eljivo odabranih zrna Robusta koji daju sna\u017enu aromu i bogat okus. Idealno za sve pripravke od bijele kave, kave s mlijekom do cappuccina. Zahvaljuju\u0107i nje\u017enom pr\u017eenju, nudi kremastu strukturu s ukusnom pjenom.<\/p>\n<p>Zahvaljuju\u0107i posebnom na\u010dinu pakiranja, kava Crema e Aroma o\u010duvat \u0107e kvalitetu i dugotrajnu svje\u017einu.<\/p>\n<p>Namijenjena je kako bi stvorila savr\u0161enu \u0161alicu kave kod ku\u0107e, kao i u najboljim talijanskim kafi\u0107ima.<\/p>\n<p>Sastav: Arabica i Robusta<br \/>\nIntenzitet: 8\/10<br \/>\nProfil okusa (aroma): \u010cokolada<br \/>\nPr\u017eenje: Srednje<\/p>\n","protected":false},"excerpt":{"rendered":"<p>Arabica i Robusta<br \/>\nIntenzitet: 8\/10<br \/>\nAroma: \u010dokolada<\/p>\n","protected":false},"featured_media":30651,"template":"","meta":{"_seopress_robots_primary_cat":"","_seopress_titles_title":"","_seopress_titles_desc":"","_seopress_robots_index":"","iawp_total_views":0},"product_brand":[393],"product_cat":[261,275],"product_tag":[],"class_list":{"0":"post-30649","1":"product","2":"type-product","3":"status-publish","4":"has-post-thumbnail","6":"product_brand-lavazza","7":"product_cat-hrana-i-pice","8":"product_cat-kava-i-cajevi-261","10":"first","11":"outofstock","12":"shipping-taxable","13":"purchasable","14":"product-type-simple"},"_links":{"self":[{"href":"https:\/\/singuli.wpress.me\/index.php\/wp-json\/wp\/v2\/product\/30649","targetHints":{"allow":["GET"]}}],"collection":[{"href":"https:\/\/singuli.wpress.me\/index.php\/wp-json\/wp\/v2\/product"}],"about":[{"href":"https:\/\/singuli.wpress.me\/index.php\/wp-json\/wp\/v2\/types\/product"}],"version-history":[{"count":0,"href":"https:\/\/singuli.wpress.me\/index.php\/wp-json\/wp\/v2\/product\/30649\/revisions"}],"wp:featuredmedia":[{"embeddable":true,"href":"https:\/\/singuli.wpress.me\/index.php\/wp-json\/wp\/v2\/media\/30651"}],"wp:attachment":[{"href":"https:\/\/singuli.wpress.me\/index.php\/wp-json\/wp\/v2\/media?parent=30649"}],"wp:term":[{"taxonomy":"product_brand","embeddable":true,"href":"https:\/\/singuli.wpress.me\/index.php\/wp-json\/wp\/v2\/product_brand?post=30649"},{"taxonomy":"product_cat","embeddable":true,"href":"https:\/\/singuli.wpress.me\/index.php\/wp-json\/wp\/v2\/product_cat?post=30649"},{"taxonomy":"product_tag","embeddable":true,"href":"https:\/\/singuli.wpress.me\/index.php\/wp-json\/wp\/v2\/product_tag?post=30649"}],"curies":[{"name":"wp","href":"https:\/\/api.w.org\/{rel}","templated":true}]}}