{"id":30656,"date":"2026-04-17T00:26:22","date_gmt":"2026-04-17T00:26:22","guid":{"rendered":"https:\/\/singuli.wpress.me\/index.php\/proizvod\/gadus-s2-v220-2-visenamjenska-mast-1-kg\/"},"modified":"2026-04-20T12:33:03","modified_gmt":"2026-04-20T12:33:03","slug":"gadus-s2-v220-2-visenamjenska-mast-1-kg","status":"publish","type":"product","link":"https:\/\/singuli.wpress.me\/index.php\/proizvod\/gadus-s2-v220-2-visenamjenska-mast-1-kg\/","title":{"rendered":"GADUS S2 V220 2, vi\u0161enamjenska mast, 1\u00a0kg"},"content":{"rendered":"<p>Shell Gadus S2 V220 masti su visokokvalitetne vi\u0161enamjenske masti namijenjene za ekstremna optere\u0107enja. Stvorene su na bazi mje\u0161avine mineralnih ulja visokog viskoziteta i litij hidroksistearat sapunskog ugu\u0161\u0107iva\u010da, uz dodatak posebnih aditiva za ekstremne pritiske. Svojim naprednim sastavom, Shell Gadus S2 V220 masti osiguravaju pouzdano i dugotrajno podmazivanje kotrljaju\u0107ih i kliznih le\u017eajeva, raznih spojeva i kliznih povr\u0161ina. Idealne su za primjenu u industrijskom i transportnom sektoru, posebno za le\u017eajeve koji rade u te\u0161kim uvjetima, uklju\u010duju\u0107i \u0161ok optere\u0107enja i visoku vlagu.<\/p>\n","protected":false},"excerpt":{"rendered":"<p>Pru\u017eaju pouzdano podmazivanje za \u0161irok spektar primjena u industriji i transportu<br \/>\nFormulirane s posebnim aditivima za ekstremne pritiske, savr\u0161ene za le\u017eajeve koji su izlo\u017eeni te\u0161kim uvjetima<br \/>\nSadr\u017ee provjerene aditive koji pobolj\u0161avaju performanse u uvjetima \u0161oka i visoke vlage<\/p>\n","protected":false},"featured_media":30657,"template":"","meta":{"_seopress_robots_primary_cat":"","_seopress_titles_title":"","_seopress_titles_desc":"","_seopress_robots_index":"","iawp_total_views":0},"product_brand":[413],"product_cat":[268,278],"product_tag":[],"class_list":{"0":"post-30656","1":"product","2":"type-product","3":"status-publish","4":"has-post-thumbnail","6":"product_brand-gadus","7":"product_cat-kozmetika-2","8":"product_cat-njega-tijela-268","10":"first","11":"outofstock","12":"shipping-taxable","13":"purchasable","14":"product-type-simple"},"_links":{"self":[{"href":"https:\/\/singuli.wpress.me\/index.php\/wp-json\/wp\/v2\/product\/30656","targetHints":{"allow":["GET"]}}],"collection":[{"href":"https:\/\/singuli.wpress.me\/index.php\/wp-json\/wp\/v2\/product"}],"about":[{"href":"https:\/\/singuli.wpress.me\/index.php\/wp-json\/wp\/v2\/types\/product"}],"version-history":[{"count":0,"href":"https:\/\/singuli.wpress.me\/index.php\/wp-json\/wp\/v2\/product\/30656\/revisions"}],"wp:featuredmedia":[{"embeddable":true,"href":"https:\/\/singuli.wpress.me\/index.php\/wp-json\/wp\/v2\/media\/30657"}],"wp:attachment":[{"href":"https:\/\/singuli.wpress.me\/index.php\/wp-json\/wp\/v2\/media?parent=30656"}],"wp:term":[{"taxonomy":"product_brand","embeddable":true,"href":"https:\/\/singuli.wpress.me\/index.php\/wp-json\/wp\/v2\/product_brand?post=30656"},{"taxonomy":"product_cat","embeddable":true,"href":"https:\/\/singuli.wpress.me\/index.php\/wp-json\/wp\/v2\/product_cat?post=30656"},{"taxonomy":"product_tag","embeddable":true,"href":"https:\/\/singuli.wpress.me\/index.php\/wp-json\/wp\/v2\/product_tag?post=30656"}],"curies":[{"name":"wp","href":"https:\/\/api.w.org\/{rel}","templated":true}]}}