{"id":30665,"date":"2026-04-17T00:26:25","date_gmt":"2026-04-17T00:26:25","guid":{"rendered":"https:\/\/singuli.wpress.me\/index.php\/proizvod\/tellus-s3-v-32-hidraulicko-ulje-20-l\/"},"modified":"2026-04-20T12:33:03","modified_gmt":"2026-04-20T12:33:03","slug":"tellus-s3-v-32-hidraulicko-ulje-20-l","status":"publish","type":"product","link":"https:\/\/singuli.wpress.me\/index.php\/proizvod\/tellus-s3-v-32-hidraulicko-ulje-20-l\/","title":{"rendered":"TELLUS S3 V 32, hidrauli\u010dko ulje, 20\u00a0l"},"content":{"rendered":"<p>Vrhunska industrijska hidrauli\u010dna teku\u0107ina bez cinka namijenjena visokom rasponu temperatura. Osigurava izvrsnu kontrolu viskoznosti i za\u0161tite pod utjecajem raznolikih mehani\u010dkih, temperaturnih i kemijskih stresora. Pru\u017ea izvanrednu za\u0161titu i u\u010dinkovitost u ve\u0107ini mobilne opreme i aplikacija koje su podlo\u017ene \u0161irokom rasponu operativnih temperatura. Odli\u010dna oksidativna stabilnost i otpornost na pucanje u prisutnosti vode i topline. <span style=\"font-weight: bold\">Specifikacije:<\/span> Denison Hydraulics (HF-0, HF-1 i HF-2), Eaton Vickers (brochure 694), Fives Cincinnati P-70, Bosch Rexroth RD 90220-01 (2011), ISO 32-68, ISo 11158 (HV fluids), DIN 51524-3 (HVLP ulja), ASTM 6158 (HV mineralna ulja), SS 15 54 34 AV (ISO VG 46 i 68), SS 15 54 34 AM (ISO VG 32). Za potpunu listu odobrenja kontaktirajte tehni\u010dkog savjetnika.<\/p>\n","protected":false},"excerpt":{"rendered":"<p>Hidrauli\u010dka teku\u0107ina bez cinka<br \/>\nNamijenjena vrlo \u0161irokom rasponu temperatura<br \/>\nOsigurava izvrsnu kontrolu viskoznosti i za\u0161titu<\/p>\n","protected":false},"featured_media":30667,"template":"","meta":{"_seopress_robots_primary_cat":"","_seopress_titles_title":"","_seopress_titles_desc":"","_seopress_robots_index":"","iawp_total_views":0},"product_brand":[414],"product_cat":[243,276],"product_tag":[],"class_list":{"0":"post-30665","1":"product","2":"type-product","3":"status-publish","4":"has-post-thumbnail","6":"product_brand-tellus","7":"product_cat-automobili-i-motori","8":"product_cat-industrijska-i-specijalna-ulja-243","10":"first","11":"instock","12":"shipping-taxable","13":"purchasable","14":"product-type-simple"},"_links":{"self":[{"href":"https:\/\/singuli.wpress.me\/index.php\/wp-json\/wp\/v2\/product\/30665","targetHints":{"allow":["GET"]}}],"collection":[{"href":"https:\/\/singuli.wpress.me\/index.php\/wp-json\/wp\/v2\/product"}],"about":[{"href":"https:\/\/singuli.wpress.me\/index.php\/wp-json\/wp\/v2\/types\/product"}],"version-history":[{"count":0,"href":"https:\/\/singuli.wpress.me\/index.php\/wp-json\/wp\/v2\/product\/30665\/revisions"}],"wp:featuredmedia":[{"embeddable":true,"href":"https:\/\/singuli.wpress.me\/index.php\/wp-json\/wp\/v2\/media\/30667"}],"wp:attachment":[{"href":"https:\/\/singuli.wpress.me\/index.php\/wp-json\/wp\/v2\/media?parent=30665"}],"wp:term":[{"taxonomy":"product_brand","embeddable":true,"href":"https:\/\/singuli.wpress.me\/index.php\/wp-json\/wp\/v2\/product_brand?post=30665"},{"taxonomy":"product_cat","embeddable":true,"href":"https:\/\/singuli.wpress.me\/index.php\/wp-json\/wp\/v2\/product_cat?post=30665"},{"taxonomy":"product_tag","embeddable":true,"href":"https:\/\/singuli.wpress.me\/index.php\/wp-json\/wp\/v2\/product_tag?post=30665"}],"curies":[{"name":"wp","href":"https:\/\/api.w.org\/{rel}","templated":true}]}}