{"id":30666,"date":"2026-04-17T00:26:25","date_gmt":"2026-04-17T00:26:25","guid":{"rendered":"https:\/\/singuli.wpress.me\/index.php\/proizvod\/medex-beelixir-kapsule-40-kom\/"},"modified":"2026-04-20T12:33:03","modified_gmt":"2026-04-20T12:33:03","slug":"medex-beelixir-kapsule-40-kom","status":"publish","type":"product","link":"https:\/\/singuli.wpress.me\/index.php\/proizvod\/medex-beelixir-kapsule-40-kom\/","title":{"rendered":"MEDEX Beelixir, kapsule, 40\u00a0kom"},"content":{"rendered":"<p><span style=\"font-weight: bold\">Medex Beelixir<\/span>  predstavlja revolucionarno rje\u0161enje za podr\u0161ku na stani\u010dnoj razini, dizajnirano s ciljem usporavanja biolo\u0161kog starenja. S jedinstvenom formulom Royal Youth\u2122, koja obuhva\u0107a mati\u010dnu mlije\u010d, NAD, Q10, te vitamine D i B1, uz dodatak cinka, proizvod poti\u010de obnovu stanica i vitalnost.<br \/>\nEkskluzivna formula Royal Youth\u2122 kombinira standardiziranu mati\u010dnu mlije\u010d, nikotinamid adenin dinukleotid (NAD) i koenzim Q10 s cinkom te vitaminima D3 i B1. Pa\u017eljivo odabrani i znanstveno potvr\u0111eni sastojci sinergijski djeluju poti\u010du\u0107i procese koji usporavaju starenje stanica.<br \/>\nMedex Beelixir\u2122 je namijenjen osobama starijim od 30 godina, osobama koje \u010desto osje\u0107aju umor ili manjak energije, osobama koje \u017eele usporiti biolo\u0161ko starenje stanica i cijelog organizma te svima koji \u017eele nadopuniti zdrav na\u010din \u017eivota ANTI-AGEING potporom na stani\u010dnoj razini.<br \/>\nIskusite transformacijsku mo\u0107 Medex Beelixir-a i krenite na put prema zdravijem i mla\u0111em sebi.<\/p>\n<p>Preporu\u010dena dnevna koli\u010dina su 2 kapsule ujutro, 30 minuta prije obroka.<br \/>\nPreporu\u010dujemo uporabu najmanje 3 mjeseca. Me\u0111utim, budu\u0107i da je proizvod prirodan i bez nuspojava, pogodan je za dugotrajnu kontinuiranu upotrebu.<br \/>\n<span style=\"font-weight: bold\">Koli\u010dine u dnevnoj dozi:<\/span><br \/>\n2 kapsule Beelixir\u2122:<br \/>\nCink&#8211; 1,5 mg (15 % PU)<br \/>\nVitamin D3 25 \u03bcg (500 % PU)<br \/>\nVitamin B1- 0,55 mg (50 % PU)<br \/>\nROYAL YOUTH\u00ae &#8211; 484 mg<br \/>\n10-DHA-  14 mg<br \/>\nNADH- 10 mg<br \/>\nKoenzim Q10- 50 mg<\/p>\n","protected":false},"excerpt":{"rendered":"<p>Revolucionarno rje\u0161enje za usporavanje biolo\u0161kog starenja, poti\u010du\u0107i obnovu stanica i vitalnost<br \/>\nJedinstvena formula Royal Youth\u2122 kombinira mati\u010dnu mlije\u010d, NAD, Q10, vitamine D i B1 te cink<br \/>\nNudi ANTI-AGEING podr\u0161ku na stani\u010dnoj razini, poti\u010du\u0107i zdrav na\u010din \u017eivota i mladolikost<\/p>\n","protected":false},"featured_media":30668,"template":"","meta":{"_seopress_robots_primary_cat":"","_seopress_titles_title":"","_seopress_titles_desc":"","_seopress_robots_index":"","iawp_total_views":0},"product_brand":[415],"product_cat":[268,278],"product_tag":[],"class_list":{"0":"post-30666","1":"product","2":"type-product","3":"status-publish","4":"has-post-thumbnail","6":"product_brand-medex","7":"product_cat-kozmetika-2","8":"product_cat-njega-tijela-268","10":"first","11":"instock","12":"shipping-taxable","13":"purchasable","14":"product-type-simple"},"_links":{"self":[{"href":"https:\/\/singuli.wpress.me\/index.php\/wp-json\/wp\/v2\/product\/30666","targetHints":{"allow":["GET"]}}],"collection":[{"href":"https:\/\/singuli.wpress.me\/index.php\/wp-json\/wp\/v2\/product"}],"about":[{"href":"https:\/\/singuli.wpress.me\/index.php\/wp-json\/wp\/v2\/types\/product"}],"version-history":[{"count":0,"href":"https:\/\/singuli.wpress.me\/index.php\/wp-json\/wp\/v2\/product\/30666\/revisions"}],"wp:featuredmedia":[{"embeddable":true,"href":"https:\/\/singuli.wpress.me\/index.php\/wp-json\/wp\/v2\/media\/30668"}],"wp:attachment":[{"href":"https:\/\/singuli.wpress.me\/index.php\/wp-json\/wp\/v2\/media?parent=30666"}],"wp:term":[{"taxonomy":"product_brand","embeddable":true,"href":"https:\/\/singuli.wpress.me\/index.php\/wp-json\/wp\/v2\/product_brand?post=30666"},{"taxonomy":"product_cat","embeddable":true,"href":"https:\/\/singuli.wpress.me\/index.php\/wp-json\/wp\/v2\/product_cat?post=30666"},{"taxonomy":"product_tag","embeddable":true,"href":"https:\/\/singuli.wpress.me\/index.php\/wp-json\/wp\/v2\/product_tag?post=30666"}],"curies":[{"name":"wp","href":"https:\/\/api.w.org\/{rel}","templated":true}]}}