{"id":30669,"date":"2026-04-17T00:26:25","date_gmt":"2026-04-17T00:26:25","guid":{"rendered":"https:\/\/singuli.wpress.me\/index.php\/proizvod\/shell-antifriz-ll-ultimate-protect-rtu-4-l\/"},"modified":"2026-04-20T12:33:03","modified_gmt":"2026-04-20T12:33:03","slug":"shell-antifriz-ll-ultimate-protect-rtu-4-l","status":"publish","type":"product","link":"https:\/\/singuli.wpress.me\/index.php\/proizvod\/shell-antifriz-ll-ultimate-protect-rtu-4-l\/","title":{"rendered":"SHELL, antifriz, LL Ultimate Protect RTU, 4\u00a0l"},"content":{"rendered":"<p>Visokokvalitetni antifriz s produljenim vijekom trajanja na bazi mono etilen glikola (MEG). Razvijen na bazi tehnologije organskih kiselina (OAT), bez nitrita, amina, fosfata, borata, silikata, 2-EHA kiselina ili bilo kojih drugih mineralnih dodataka. Pru\u017ea dugotrajnu za\u0161titu od korozije za sve metale motora, uklju\u010duju\u0107i aluminijske i \u017eeljezne legure. Prikladno za upotrebu u benzinskim i dizel motorima. U\u010dinkovito \u0161titi rashladni sustav, sprje\u010dava pregrijavanje, smrzavanje, koroziju i stvaranje naslaga u rashladnom sustavu. Izvrsna svojstva protiv pjenjenja. Sigurno za gumu, plastiku i brtve. Kompatibilan s tvrdom vodom. <br \/>\nZadovoljava OEM zahtjeve: Ford WSS-M97B44-D; MB 325.3; Renault 41-01-001; General Motors GM 6277M; VW VAG TL 774 D-F; MAN 324 SNF; Mazda MEZ MN 121 D; Volvo; Claas; Deutz 0199-99-115\/6; John Deere JDMH5; Komatsu 07.892(2009); DAF 74002; Fiat \u2013 Lancia 9,55523; Jaguar CMR 8229. Zadovoljava sljede\u0107e standarde: ASTM D3306; ASTM D4656; ASTM D4985; AFNOR NF R15-601; AS 2108; BS 6580:1992; CUNA NC 956-16; SAE J 1034; UNE 26361-88; FFV Heft R443; NATO S 759. Preporu\u010dena zamjena nakon cca. 250.000 km\/5 godina kori\u0161tenja ili prema specifikaciji proizvo\u0111a\u010da vozila. <br \/>\nUpute za kori\u0161tenje: Koncentrirani proizvod \u2013 zahtijeva razrje\u0111ivanje.<\/p>\n","protected":false},"excerpt":{"rendered":"<p>Na bazi mono etilen glikola (MEG)<br \/>\nBez nitrita, fosfata, amina (bez NAP-a) i borata<br \/>\nPrikladno za upotrebu u benzinskim i dizel motorima<\/p>\n","protected":false},"featured_media":30670,"template":"","meta":{"_seopress_robots_primary_cat":"","_seopress_titles_title":"","_seopress_titles_desc":"","_seopress_robots_index":"","iawp_total_views":0},"product_brand":[326],"product_cat":[243,315],"product_tag":[],"class_list":{"0":"post-30669","1":"product","2":"type-product","3":"status-publish","4":"has-post-thumbnail","6":"product_brand-shell","7":"product_cat-automobili-i-motori","8":"product_cat-rashladne-tekucine-243","10":"first","11":"instock","12":"shipping-taxable","13":"purchasable","14":"product-type-simple"},"_links":{"self":[{"href":"https:\/\/singuli.wpress.me\/index.php\/wp-json\/wp\/v2\/product\/30669","targetHints":{"allow":["GET"]}}],"collection":[{"href":"https:\/\/singuli.wpress.me\/index.php\/wp-json\/wp\/v2\/product"}],"about":[{"href":"https:\/\/singuli.wpress.me\/index.php\/wp-json\/wp\/v2\/types\/product"}],"version-history":[{"count":0,"href":"https:\/\/singuli.wpress.me\/index.php\/wp-json\/wp\/v2\/product\/30669\/revisions"}],"wp:featuredmedia":[{"embeddable":true,"href":"https:\/\/singuli.wpress.me\/index.php\/wp-json\/wp\/v2\/media\/30670"}],"wp:attachment":[{"href":"https:\/\/singuli.wpress.me\/index.php\/wp-json\/wp\/v2\/media?parent=30669"}],"wp:term":[{"taxonomy":"product_brand","embeddable":true,"href":"https:\/\/singuli.wpress.me\/index.php\/wp-json\/wp\/v2\/product_brand?post=30669"},{"taxonomy":"product_cat","embeddable":true,"href":"https:\/\/singuli.wpress.me\/index.php\/wp-json\/wp\/v2\/product_cat?post=30669"},{"taxonomy":"product_tag","embeddable":true,"href":"https:\/\/singuli.wpress.me\/index.php\/wp-json\/wp\/v2\/product_tag?post=30669"}],"curies":[{"name":"wp","href":"https:\/\/api.w.org\/{rel}","templated":true}]}}