{"id":30671,"date":"2026-04-17T00:26:26","date_gmt":"2026-04-17T00:26:26","guid":{"rendered":"https:\/\/singuli.wpress.me\/index.php\/proizvod\/intimea-hygieia-set-tekuci-sapun-za-intimnu-200ml-perianalnu-njegu-200ml-400-ml\/"},"modified":"2026-04-20T12:33:03","modified_gmt":"2026-04-20T12:33:03","slug":"intimea-hygieia-set-tekuci-sapun-za-intimnu-200ml-perianalnu-njegu-200ml-400-ml","status":"publish","type":"product","link":"https:\/\/singuli.wpress.me\/index.php\/proizvod\/intimea-hygieia-set-tekuci-sapun-za-intimnu-200ml-perianalnu-njegu-200ml-400-ml\/","title":{"rendered":"INTIMEA HYGIEIA, set, teku\u0107i sapun za intimnu (200ml) + perianalnu njegu (200ml), 400\u00a0ml"},"content":{"rendered":"<p><span style=\"font-weight: bold\">Intimea Classic<\/span> nje\u017eni teku\u0107i sapun za intimnu njegu, kremaste strukture.Sapun pru\u017ea osobnu svje\u017einu tijekom cijelog dana, ne nadra\u017euje intimno podru\u010dje.<br \/>\nBez dodanih mirisa, s ekstraktom kadulje, maslinovim uljem i mlije\u010dnom kiselinom. pH = 4,0 odr\u017eava prirodnu ravnote\u017eu vaginalne flore.<br \/>\nNanesite malu koli\u010dinu sapuna na intimne dijelove, zapijenite i isperite.<\/p>\n<p><span style=\"font-weight: bold\">Ansei<\/span>, nje\u017eni kremasti teku\u0107i sapun za perianalno podru\u010dje. Izra\u0111en je od specijalnih sastojaka i ekstrakta hrastove kore s prilago\u0111enim pH 4.4, ne isu\u0161uje sluznicu i ko\u017eu, te osigurava adekvatnu higijenu ovog delikatnog podru\u010dja.<br \/>\nIzra\u0111en je od specijalnih sastojaka i ekstrakta hrastove kore s prilago\u0111enim pH 4.4, ne isu\u0161uje sluznicu i ko\u017eu, te osigurava adekvatnu higijenu ovog delikatnog podru\u010dja.<br \/>\nNe sadr\u017ei umjetne boje i parfeme.<br \/>\nU lije\u010denju hemeroida, odgovaraju\u0107a briga za analnu higijenu je vrlo va\u017ena, jer lo\u0161a higijena mo\u017ee uzrokovati dodatne probleme.<br \/>\nPranje s klasi\u010dnim sapunima mo\u017ee jo\u0161 vi\u0161e isu\u0161iti i iritirati ko\u017eu i sluznicu u analnom podru\u010dju, \u0161to dodatno pove\u0107ava nelagodu.<br \/>\nPravilna njega i higijena ne lije\u010de probleme s hemoroidima ili drugim bolestima analnog podru\u010dja, ve\u0107 ubla\u017eavaju simptome kao \u0161to su iritacija i svrbe\u017e, \u010dime se pobolj\u0161ava op\u0107e stanje bolesnika s tim problemima.<br \/>\nNanesite malu koli\u010dinu sapuna na perianalno podru\u010dje, zapjenite i isperite.<br \/>\nMnogima je neugodno pri\u010dati o problemima analnog i perianalnog podru\u010dja, te tu temu izbjegavaju u ljekarni, ali i pri posjeti lije\u010dniku. No, iritacija, svrbe\u017e i peckanje perianalnog podru\u010dja vrlo je \u010dest problem koji se povremeno javlja kod \u010dak 45% populacije. Osim hemoroida, \u010desta boljka u tom podru\u010dju je i svrbe\u017e (pruritus ani) te iritacija podru\u010dja oko anusa uzrokovana agresivnim terapijskim postupcima ili u\u010destalim proljevima. Pacijenti s hemoroidima, oni pod agresivnim terapijskim postupcima, ili pacijenti s u\u010destalom dijarejom, zbog iritacije podru\u010dja oko anusa, ote\u017eano i nepotpuno odr\u017eavaju svakodnevnu higijenu nakon nu\u017ede.<br \/>\nPatiti od peckanja, svrbe\u017ea i hemoroida nije sramota. Ljekarnici pacijentu mogu pru\u017eiti savjet i pomo\u0107 u ljekarni, ali ga trebaju bez ustezanja uputiti i lije\u010dniku op\u0107e prakse, koji \u0107e ga ovisno o te\u017eini problema uputiti specijalisti. Za higijenu perianalnog podru\u010dja kod hemoroida, iritacija i svrbe\u017ea preporu\u010da se teku\u0107i sapun Ansei \u2013 proizvod koji je razvio hrvatski tim stru\u010dnjaka. Ansei olak\u0161ava svakodnevnu higijenu perianalnog podru\u010dja, posebno kod ljudi koji imaju problema pri defekaciji. Teku\u0107i sapun za perianalno podru\u010dje Ansei ubla\u017eava navedene nelagode svojim sastavom i reguliranom kiselo\u0161\u0107u (pH=4,4) te uz dodatak tinkture kore hrasta koja djeluje adstringentno. Va\u017eno je napomenuti da pravilna higijena i njega ne dovode do izlje\u010denja hemoroida ni drugih bolesti analnog podru\u010dja, ali svakako mo\u017ee ubla\u017eiti simptome kao \u0161to su iritacija i svrbe\u017e, a svakodnevni \u017eivot pacijenata s navedenim problemima u\u010diniti ugodnijim.<br \/>\nZa higijenu perianalnog podru\u010dja, a napose kod ljudi koji imaju problema pri defekaciji, preporu\u010da se upotreba za tu svrhu namjenjenih teku\u0107ih sapuna. Takvo sredstvo je teku\u0107i sapun za perianalno podru\u010dje Ansei Hygieia, koji svojim sastavom, reguliranom kiselo\u0161\u0107u (pH=4,4) te uz dodatak tinkture kore hrasta, djeluje adstringtivno te ubla\u017eava nelagodu. Ansei Hygieia je proizvod razvijen od hrvatskog tima stru\u010dnjaka.  <br \/>\nAnsei Hygieia je proizvod koji Vas osloba\u0111a iritacija, a naru\u0161enu kvalitetu \u017eivota vra\u0107a u normalu. Mnogima je neugodno pri\u010dati o problemima analnog podru\u010dja, te tu temu izbjegavaju i pri posjeti lije\u010dniku. Budu\u0107i da lo\u0161a higijena mo\u017ee dovesti do dodatnih komplikacija, jako je va\u017eno odr\u017eavati  pravilnu njegu analnog podru\u010dja za vrijeme lije\u010denja hemoroida. Kako ve\u0107 ionako osjetljivo analno podru\u010dje ne biste dodatno nadra\u017eili i isu\u0161ili pranjem klasi\u010dnim sapunima, preporu\u010duje se kori\u0161tenje nje\u017enih teku\u0107ih specijaliziranih sapuna.<br \/>\nAnsei Hygieia teku\u0107i je kremasti sapun koji olak\u0161ava svakodnevnu higijenu perianalnog podru\u010dja kod hemoroida, posebno kod ljudi koji imaju problema pri defekaciji. Na\u010dinjen posebnim sastojcima, reguliranom kiselo\u0161\u0107u pH (4,4) te uz dodatak tinkture kore hrasta antiupalnog djelovanja, ovaj teku\u0107i sapun smanjuje nelagodu. Ne isu\u0161uje sluznicu i ko\u017eu, osigurava pravilnu higijenu osjetljivog podru\u010dja i ubla\u017eava simptome kao \u0161to su iritacija i svrbe\u017e. Za pravilnu njegu, ubla\u017eene simptome i ugodniji \u017eivot.<\/p>\n","protected":false},"excerpt":{"rendered":"<p>Set 200 ml + 200 ml<br \/>\nKremasta struktura<br \/>\nBez dodanih mirisa<\/p>\n","protected":false},"featured_media":30672,"template":"","meta":{"_seopress_robots_primary_cat":"","_seopress_titles_title":"","_seopress_titles_desc":"","_seopress_robots_index":"","iawp_total_views":0},"product_brand":[417],"product_cat":[268,278],"product_tag":[],"class_list":{"0":"post-30671","1":"product","2":"type-product","3":"status-publish","4":"has-post-thumbnail","6":"product_brand-intimea-hygieia","7":"product_cat-kozmetika-2","8":"product_cat-njega-tijela-268","10":"first","11":"outofstock","12":"shipping-taxable","13":"purchasable","14":"product-type-simple"},"_links":{"self":[{"href":"https:\/\/singuli.wpress.me\/index.php\/wp-json\/wp\/v2\/product\/30671","targetHints":{"allow":["GET"]}}],"collection":[{"href":"https:\/\/singuli.wpress.me\/index.php\/wp-json\/wp\/v2\/product"}],"about":[{"href":"https:\/\/singuli.wpress.me\/index.php\/wp-json\/wp\/v2\/types\/product"}],"version-history":[{"count":0,"href":"https:\/\/singuli.wpress.me\/index.php\/wp-json\/wp\/v2\/product\/30671\/revisions"}],"wp:featuredmedia":[{"embeddable":true,"href":"https:\/\/singuli.wpress.me\/index.php\/wp-json\/wp\/v2\/media\/30672"}],"wp:attachment":[{"href":"https:\/\/singuli.wpress.me\/index.php\/wp-json\/wp\/v2\/media?parent=30671"}],"wp:term":[{"taxonomy":"product_brand","embeddable":true,"href":"https:\/\/singuli.wpress.me\/index.php\/wp-json\/wp\/v2\/product_brand?post=30671"},{"taxonomy":"product_cat","embeddable":true,"href":"https:\/\/singuli.wpress.me\/index.php\/wp-json\/wp\/v2\/product_cat?post=30671"},{"taxonomy":"product_tag","embeddable":true,"href":"https:\/\/singuli.wpress.me\/index.php\/wp-json\/wp\/v2\/product_tag?post=30671"}],"curies":[{"name":"wp","href":"https:\/\/api.w.org\/{rel}","templated":true}]}}