{"id":30680,"date":"2026-04-17T00:26:32","date_gmt":"2026-04-17T00:26:32","guid":{"rendered":"https:\/\/singuli.wpress.me\/index.php\/proizvod\/lavazza-crema-e-gusto-mljevena-kava-4x250g-xxl-pakiranje-1-kg\/"},"modified":"2026-04-20T12:33:03","modified_gmt":"2026-04-20T12:33:03","slug":"lavazza-crema-e-gusto-mljevena-kava-4x250g-xxl-pakiranje-1-kg","status":"publish","type":"product","link":"https:\/\/singuli.wpress.me\/index.php\/proizvod\/lavazza-crema-e-gusto-mljevena-kava-4x250g-xxl-pakiranje-1-kg\/","title":{"rendered":"LAVAZZA Crema e Gusto, mljevena kava, 4x250g, XXL pakiranje, 1\u00a0kg"},"content":{"rendered":"<p><span style=\"font-weight: bold\">Lavazza Crema e Gusto<\/span> mljevena kava pru\u017ea autenti\u010dno talijansko kavno iskustvo s bogatstvom okusa i intenzivnom aromom. Ova pa\u017eljivo izabrana mje\u0161avina kombinira vrhunske zrno Arabice i Robuste, pr\u017eene do savr\u0161enstva kako bi se postigao uravnote\u017een i sna\u017ean okus.<\/p>\n<p>S &quot;Crema e Gusto&quot; Lavazza nagla\u0161ava \u017eelju za postizanjem kremastog sloja na vrhu va\u0161eg espressa, \u0161to dodatno oboga\u0107uje vizualni dojam. Kava nudi i harmoni\u010dnu ravnote\u017eu izme\u0111u meko\u0107e i puno\u0107e okusa, pru\u017eaju\u0107i jedinstvenu kombinaciju profinjenosti i snage.<\/p>\n<p>Ova mljevena kava idealna je za ljubitelje srednje do tamne pr\u017eene kave koji cijene duboku aromu i sna\u017ean karakter. Bez obzira na to pijete li je crnu ili je koristite kao osnovu za razli\u010dite kavne napitke poput cappuccina ili latt\u00e9a, Lavazza Crema e Gusto pru\u017ea u\u017eivanje u autenti\u010dnom talijanskom okusu kave, oboga\u0107enom kremastim do\u017eivljajem.<\/p>\n<p>Idealna za moku\/kafetijeru I za ku\u0107ne espresso aparate<\/p>\n","protected":false},"excerpt":{"rendered":"<p>Arabica i Robusta<br \/>\nIntenzitet 7\/10<br \/>\nJa\u010de pr\u017eena mje\u0161avina<\/p>\n","protected":false},"featured_media":30682,"template":"","meta":{"_seopress_robots_primary_cat":"","_seopress_titles_title":"","_seopress_titles_desc":"","_seopress_robots_index":"","iawp_total_views":0},"product_brand":[393],"product_cat":[261,275],"product_tag":[],"class_list":{"0":"post-30680","1":"product","2":"type-product","3":"status-publish","4":"has-post-thumbnail","6":"product_brand-lavazza","7":"product_cat-hrana-i-pice","8":"product_cat-kava-i-cajevi-261","10":"first","11":"instock","12":"shipping-taxable","13":"purchasable","14":"product-type-simple"},"_links":{"self":[{"href":"https:\/\/singuli.wpress.me\/index.php\/wp-json\/wp\/v2\/product\/30680","targetHints":{"allow":["GET"]}}],"collection":[{"href":"https:\/\/singuli.wpress.me\/index.php\/wp-json\/wp\/v2\/product"}],"about":[{"href":"https:\/\/singuli.wpress.me\/index.php\/wp-json\/wp\/v2\/types\/product"}],"version-history":[{"count":0,"href":"https:\/\/singuli.wpress.me\/index.php\/wp-json\/wp\/v2\/product\/30680\/revisions"}],"wp:featuredmedia":[{"embeddable":true,"href":"https:\/\/singuli.wpress.me\/index.php\/wp-json\/wp\/v2\/media\/30682"}],"wp:attachment":[{"href":"https:\/\/singuli.wpress.me\/index.php\/wp-json\/wp\/v2\/media?parent=30680"}],"wp:term":[{"taxonomy":"product_brand","embeddable":true,"href":"https:\/\/singuli.wpress.me\/index.php\/wp-json\/wp\/v2\/product_brand?post=30680"},{"taxonomy":"product_cat","embeddable":true,"href":"https:\/\/singuli.wpress.me\/index.php\/wp-json\/wp\/v2\/product_cat?post=30680"},{"taxonomy":"product_tag","embeddable":true,"href":"https:\/\/singuli.wpress.me\/index.php\/wp-json\/wp\/v2\/product_tag?post=30680"}],"curies":[{"name":"wp","href":"https:\/\/api.w.org\/{rel}","templated":true}]}}