{"id":30688,"date":"2026-04-17T00:26:35","date_gmt":"2026-04-17T00:26:35","guid":{"rendered":"https:\/\/singuli.wpress.me\/index.php\/proizvod\/smac-manitoba-express-universal-sredstvo-za-odmascivanje-650-ml\/"},"modified":"2026-04-20T12:33:03","modified_gmt":"2026-04-20T12:33:03","slug":"smac-manitoba-express-universal-sredstvo-za-odmascivanje-650-ml","status":"publish","type":"product","link":"https:\/\/singuli.wpress.me\/index.php\/proizvod\/smac-manitoba-express-universal-sredstvo-za-odmascivanje-650-ml\/","title":{"rendered":"SMAC Manitoba Express Universal, sredstvo za odma\u0161\u010divanje, 650\u00a0ml"},"content":{"rendered":"<p>Smac dezinficijens u spreju uklanja dubinsku prljav\u0161tinu i omogu\u0107ava dezinfekciju malih i velikih povr\u0161ina ku\u0107e uklanjanjem do 99,9% bakterija. <br \/>\nPogodan je za svakodnevno \u010di\u0161\u0107enje povr\u0161ina u kupaonici i kuhinji te za higijenu povr\u0161ina koje su u kontaktu s bebama i djecom.<\/p>\n","protected":false},"excerpt":{"rendered":"<p>Dezinficijens u spreju uklanja dubinsku prljav\u0161tinu<br \/>\nOmogu\u0107ava dezinfekciju malih i velikih povr\u0161ina ku\u0107e uklanjanjem do 99,9% bakterija<br \/>\nPogodan je za svakodnevno \u010di\u0161\u0107enje povr\u0161ina<\/p>\n","protected":false},"featured_media":30690,"template":"","meta":{"_seopress_robots_primary_cat":"","_seopress_titles_title":"","_seopress_titles_desc":"","_seopress_robots_index":"","iawp_total_views":0},"product_brand":[421],"product_cat":[284,238],"product_tag":[],"class_list":{"0":"post-30688","1":"product","2":"type-product","3":"status-publish","4":"has-post-thumbnail","6":"product_brand-smac","7":"product_cat-sredstva-za-ciscenje-238","8":"product_cat-sve-za-dom","10":"first","11":"instock","12":"shipping-taxable","13":"purchasable","14":"product-type-simple"},"_links":{"self":[{"href":"https:\/\/singuli.wpress.me\/index.php\/wp-json\/wp\/v2\/product\/30688","targetHints":{"allow":["GET"]}}],"collection":[{"href":"https:\/\/singuli.wpress.me\/index.php\/wp-json\/wp\/v2\/product"}],"about":[{"href":"https:\/\/singuli.wpress.me\/index.php\/wp-json\/wp\/v2\/types\/product"}],"version-history":[{"count":0,"href":"https:\/\/singuli.wpress.me\/index.php\/wp-json\/wp\/v2\/product\/30688\/revisions"}],"wp:featuredmedia":[{"embeddable":true,"href":"https:\/\/singuli.wpress.me\/index.php\/wp-json\/wp\/v2\/media\/30690"}],"wp:attachment":[{"href":"https:\/\/singuli.wpress.me\/index.php\/wp-json\/wp\/v2\/media?parent=30688"}],"wp:term":[{"taxonomy":"product_brand","embeddable":true,"href":"https:\/\/singuli.wpress.me\/index.php\/wp-json\/wp\/v2\/product_brand?post=30688"},{"taxonomy":"product_cat","embeddable":true,"href":"https:\/\/singuli.wpress.me\/index.php\/wp-json\/wp\/v2\/product_cat?post=30688"},{"taxonomy":"product_tag","embeddable":true,"href":"https:\/\/singuli.wpress.me\/index.php\/wp-json\/wp\/v2\/product_tag?post=30688"}],"curies":[{"name":"wp","href":"https:\/\/api.w.org\/{rel}","templated":true}]}}