{"id":30694,"date":"2026-04-17T00:26:41","date_gmt":"2026-04-17T00:26:41","guid":{"rendered":"https:\/\/singuli.wpress.me\/index.php\/proizvod\/smac-manitoba-express-sredstvo-za-odmascivanje-limun-650-ml\/"},"modified":"2026-04-20T12:33:03","modified_gmt":"2026-04-20T12:33:03","slug":"smac-manitoba-express-sredstvo-za-odmascivanje-limun-650-ml","status":"publish","type":"product","link":"https:\/\/singuli.wpress.me\/index.php\/proizvod\/smac-manitoba-express-sredstvo-za-odmascivanje-limun-650-ml\/","title":{"rendered":"SMAC Manitoba Express, sredstvo za odma\u0161\u010divanje, limun, 650\u00a0ml"},"content":{"rendered":"<p><span style=\"font-weight: bold\">Smac Express odma\u0161\u0107iva\u010d limun<\/span> otapa i najte\u017ee prljav\u0161tine u trenu, zahvaljuju\u0107i koncentriranoj formuli brzog djelovanja.<\/p>\n<p>Napredna formula sadr\u017ei koncentrirane sastojke koji uspje\u0161no uklanjanju sve mrlje s radnih povr\u0161ina. <\/p>\n<p>SMAC Express za odma\u0161\u0107ivanje s mirisom limuna ima brzo djelovanje, a omogu\u0107ava uklanjanje i najtvrdokornijih mrlja poput masno\u0107e i ulja. <\/p>\n<p>Odma\u0161\u010diva\u010d olak\u0161ava \u010di\u0161\u0107enje te vam osigurava ispiranje u jednom potezu bez ulaganja dodatnih napora. <\/p>\n<p>SMAC Express za odma\u0161\u0107ivanje donosi ugodan osvje\u017eavaju\u0107i miris limuna.<\/p>\n","protected":false},"excerpt":{"rendered":"<p>Aktivna formula donosi brzo djelovanje<br \/>\nUspje\u0161no uklanja i najtvrdokornije mrlje poput ulja i masti<br \/>\nLako ispiranje povr\u0161ina u jednom potezu<\/p>\n","protected":false},"featured_media":30696,"template":"","meta":{"_seopress_robots_primary_cat":"","_seopress_titles_title":"","_seopress_titles_desc":"","_seopress_robots_index":"","iawp_total_views":0},"product_brand":[421],"product_cat":[284,238],"product_tag":[],"class_list":{"0":"post-30694","1":"product","2":"type-product","3":"status-publish","4":"has-post-thumbnail","6":"product_brand-smac","7":"product_cat-sredstva-za-ciscenje-238","8":"product_cat-sve-za-dom","10":"first","11":"instock","12":"shipping-taxable","13":"purchasable","14":"product-type-simple"},"_links":{"self":[{"href":"https:\/\/singuli.wpress.me\/index.php\/wp-json\/wp\/v2\/product\/30694","targetHints":{"allow":["GET"]}}],"collection":[{"href":"https:\/\/singuli.wpress.me\/index.php\/wp-json\/wp\/v2\/product"}],"about":[{"href":"https:\/\/singuli.wpress.me\/index.php\/wp-json\/wp\/v2\/types\/product"}],"version-history":[{"count":0,"href":"https:\/\/singuli.wpress.me\/index.php\/wp-json\/wp\/v2\/product\/30694\/revisions"}],"wp:featuredmedia":[{"embeddable":true,"href":"https:\/\/singuli.wpress.me\/index.php\/wp-json\/wp\/v2\/media\/30696"}],"wp:attachment":[{"href":"https:\/\/singuli.wpress.me\/index.php\/wp-json\/wp\/v2\/media?parent=30694"}],"wp:term":[{"taxonomy":"product_brand","embeddable":true,"href":"https:\/\/singuli.wpress.me\/index.php\/wp-json\/wp\/v2\/product_brand?post=30694"},{"taxonomy":"product_cat","embeddable":true,"href":"https:\/\/singuli.wpress.me\/index.php\/wp-json\/wp\/v2\/product_cat?post=30694"},{"taxonomy":"product_tag","embeddable":true,"href":"https:\/\/singuli.wpress.me\/index.php\/wp-json\/wp\/v2\/product_tag?post=30694"}],"curies":[{"name":"wp","href":"https:\/\/api.w.org\/{rel}","templated":true}]}}