{"id":30722,"date":"2026-04-17T00:27:19","date_gmt":"2026-04-17T00:27:19","guid":{"rendered":"https:\/\/singuli.wpress.me\/index.php\/proizvod\/glade-punjenje-za-elektricni-osvjezivac-zraka-lavanda-i-aloe-vera-2x20ml-40-ml\/"},"modified":"2026-04-20T12:33:03","modified_gmt":"2026-04-20T12:33:03","slug":"glade-punjenje-za-elektricni-osvjezivac-zraka-lavanda-i-aloe-vera-2x20ml-40-ml","status":"publish","type":"product","link":"https:\/\/singuli.wpress.me\/index.php\/proizvod\/glade-punjenje-za-elektricni-osvjezivac-zraka-lavanda-i-aloe-vera-2x20ml-40-ml\/","title":{"rendered":"GLADE, punjenje za elektri\u010dni osvje\u017eiva\u010d zraka, lavanda i aloe vera, 2x20ml, 40\u00a0ml"},"content":{"rendered":"<p>Duplo pakiranje <span style=\"font-weight: bold\">Glade\u00ae<\/span> punjenja za elektri\u010dni osvje\u017eiva\u010d zraka pru\u017ea do 240 dana svje\u017eine, pri niskom intenzitetu mirisa ukoliko se koristi 12 sati dnevno. Odaberite \u017eeljeni intenzitet mirisa te stvorite savr\u0161en ambijent u svakoj prostoriji. <\/p>\n<p><span style=\"font-weight: bold\">Upute za uporabu: <\/span><br \/>\n1. Ukoliko je potrebno zarotirajte elektri\u010dni utika\u010d aparati\u0107a. <br \/>\n2. Odvijte poklopac i umetnite bo\u010dicu u aparati\u0107. <br \/>\n3. Umetnite aparati\u0107 u elektri\u010dnu uti\u010dnicu u okomitom polo\u017eaju. Pro\u010ditajte va\u017ene sigurnosne upute. <br \/>\n4. Pomo\u0107u regulatora odaberite \u017eeljeni intenzitet mirisa. Nakon uporabe operite ruke.<\/p>\n","protected":false},"excerpt":{"rendered":"<p>Miris oboga\u0107en esencijalnim uljima<br \/>\nDo 240 dana svje\u017eine<br \/>\nOdabir \u017eeljenog intenziteta mirisa<\/p>\n","protected":false},"featured_media":30725,"template":"","meta":{"_seopress_robots_primary_cat":"","_seopress_titles_title":"","_seopress_titles_desc":"","_seopress_robots_index":"","iawp_total_views":0},"product_brand":[405],"product_cat":[243,272],"product_tag":[],"class_list":{"0":"post-30722","1":"product","2":"type-product","3":"status-publish","4":"has-post-thumbnail","6":"product_brand-glade","7":"product_cat-automobili-i-motori","8":"product_cat-motorna-ulja-243","10":"first","11":"instock","12":"shipping-taxable","13":"purchasable","14":"product-type-simple"},"_links":{"self":[{"href":"https:\/\/singuli.wpress.me\/index.php\/wp-json\/wp\/v2\/product\/30722","targetHints":{"allow":["GET"]}}],"collection":[{"href":"https:\/\/singuli.wpress.me\/index.php\/wp-json\/wp\/v2\/product"}],"about":[{"href":"https:\/\/singuli.wpress.me\/index.php\/wp-json\/wp\/v2\/types\/product"}],"version-history":[{"count":0,"href":"https:\/\/singuli.wpress.me\/index.php\/wp-json\/wp\/v2\/product\/30722\/revisions"}],"wp:featuredmedia":[{"embeddable":true,"href":"https:\/\/singuli.wpress.me\/index.php\/wp-json\/wp\/v2\/media\/30725"}],"wp:attachment":[{"href":"https:\/\/singuli.wpress.me\/index.php\/wp-json\/wp\/v2\/media?parent=30722"}],"wp:term":[{"taxonomy":"product_brand","embeddable":true,"href":"https:\/\/singuli.wpress.me\/index.php\/wp-json\/wp\/v2\/product_brand?post=30722"},{"taxonomy":"product_cat","embeddable":true,"href":"https:\/\/singuli.wpress.me\/index.php\/wp-json\/wp\/v2\/product_cat?post=30722"},{"taxonomy":"product_tag","embeddable":true,"href":"https:\/\/singuli.wpress.me\/index.php\/wp-json\/wp\/v2\/product_tag?post=30722"}],"curies":[{"name":"wp","href":"https:\/\/api.w.org\/{rel}","templated":true}]}}