{"id":30726,"date":"2026-04-17T00:27:28","date_gmt":"2026-04-17T00:27:28","guid":{"rendered":"https:\/\/singuli.wpress.me\/index.php\/proizvod\/shout-sprej-za-uklanjanje-mrlja-500-ml\/"},"modified":"2026-04-20T12:33:03","modified_gmt":"2026-04-20T12:33:03","slug":"shout-sprej-za-uklanjanje-mrlja-500-ml","status":"publish","type":"product","link":"https:\/\/singuli.wpress.me\/index.php\/proizvod\/shout-sprej-za-uklanjanje-mrlja-500-ml\/","title":{"rendered":"SHOUT, sprej za uklanjanje mrlja, 500\u00a0ml"},"content":{"rendered":"<p>Shout\u00ae Sprej za uklanjanje mrlja uklanja tvrdokorne mrlje prvim nano\u0161enjem, \u010dak i u hladnoj vodi! <\/p>\n<p>Shout\u00ae predstavlja najbolji na\u010din za uklanjanje tvrdokornih mrlja koje se ne mogu ukloniti samim pranjem. <\/p>\n<p>Njegova sna\u017ena formulacija sadr\u017ei enzime koji prodiru u tkanine i djeluju na mrlje prije pranja. Nastavlja djelovati i tijekom pranja. <\/p>\n<p>Uklanja ve\u0107inu tvrdokornih mrlja prvim nano\u0161enjem, \u010dak i kod niskih temperatura.  <\/p>\n<p>Upute za uporabu:<\/p>\n<p>1. Protresite bocu i okrenite raspr\u0161iva\u010d na poziciju \u201eON\u201c.<br \/>\n2. Nanesite sredstvo na mrlju. Prije pranja nanesite sredstvo izravno na mrlje tako da ih potpuno prekrijete.<br \/>\n3. Ostavite da djeluje 1 minutu, zatim operite s uobi\u010dajenim deterd\u017eentom.<\/p>\n<p>Za najbolje rezultate, nanesite sredstvo dok je mrlja jo\u0161 svje\u017ea.<br \/>\nSredstvo je pogodno za kori\u0161tenje na bijelim i obojenim tkaninama, osim svile i delikatnih materijala.<br \/>\nIsprobajte sredstvo na skrivenom dijelu tkanine prije pranja.<br \/>\nNe ostavljajte sredstvo da se osu\u0161i na tkanini.<br \/>\nUvijek operite robu nakon \u0161to ste tretirali tkaninu sredstvom.<br \/>\nKod starih i postajanih mrlja potrebno je utrljati proizvod prije pranje te po potrebi nanijeti proizvod drugi put.<br \/>\nSredstvo se ne smije koristiti u kombinaciji s drugim sredstvima za uklanjanje mrlja. <\/p>\n","protected":false},"excerpt":{"rendered":"<p>Uklanja tvrdokorne mrlje s odje\u0107e<br \/>\nProdire duboko u tkanine<br \/>\nTrostruko djelovanje<\/p>\n","protected":false},"featured_media":30727,"template":"","meta":{"_seopress_robots_primary_cat":"","_seopress_titles_title":"","_seopress_titles_desc":"","_seopress_robots_index":"","iawp_total_views":0},"product_brand":[422],"product_cat":[283,238],"product_tag":[],"class_list":{"0":"post-30726","1":"product","2":"type-product","3":"status-publish","4":"has-post-thumbnail","6":"product_brand-shout","7":"product_cat-pranje-rublja-238","8":"product_cat-sve-za-dom","10":"first","11":"instock","12":"shipping-taxable","13":"purchasable","14":"product-type-simple"},"_links":{"self":[{"href":"https:\/\/singuli.wpress.me\/index.php\/wp-json\/wp\/v2\/product\/30726","targetHints":{"allow":["GET"]}}],"collection":[{"href":"https:\/\/singuli.wpress.me\/index.php\/wp-json\/wp\/v2\/product"}],"about":[{"href":"https:\/\/singuli.wpress.me\/index.php\/wp-json\/wp\/v2\/types\/product"}],"version-history":[{"count":0,"href":"https:\/\/singuli.wpress.me\/index.php\/wp-json\/wp\/v2\/product\/30726\/revisions"}],"wp:featuredmedia":[{"embeddable":true,"href":"https:\/\/singuli.wpress.me\/index.php\/wp-json\/wp\/v2\/media\/30727"}],"wp:attachment":[{"href":"https:\/\/singuli.wpress.me\/index.php\/wp-json\/wp\/v2\/media?parent=30726"}],"wp:term":[{"taxonomy":"product_brand","embeddable":true,"href":"https:\/\/singuli.wpress.me\/index.php\/wp-json\/wp\/v2\/product_brand?post=30726"},{"taxonomy":"product_cat","embeddable":true,"href":"https:\/\/singuli.wpress.me\/index.php\/wp-json\/wp\/v2\/product_cat?post=30726"},{"taxonomy":"product_tag","embeddable":true,"href":"https:\/\/singuli.wpress.me\/index.php\/wp-json\/wp\/v2\/product_tag?post=30726"}],"curies":[{"name":"wp","href":"https:\/\/api.w.org\/{rel}","templated":true}]}}