{"id":30741,"date":"2026-04-17T00:27:40","date_gmt":"2026-04-17T00:27:40","guid":{"rendered":"https:\/\/singuli.wpress.me\/index.php\/proizvod\/jacobs-ledena-kava-ice-presso-classic-250-ml\/"},"modified":"2026-04-20T12:33:03","modified_gmt":"2026-04-20T12:33:03","slug":"jacobs-ledena-kava-ice-presso-classic-250-ml","status":"publish","type":"product","link":"https:\/\/singuli.wpress.me\/index.php\/proizvod\/jacobs-ledena-kava-ice-presso-classic-250-ml\/","title":{"rendered":"JACOBS, ledena kava, Ice Presso Classic, 250\u00a0ml"},"content":{"rendered":"<p>Jacobs Icepresso &#8211; u\u017eitak u ledeno hladnoj kavi iz limenke spreman za pi\u0107e ohrabruje i idealan je pratilac tijekom dana. Va\u0161a ledeno hladna kava odi\u0161e nepogre\u0161ivim okusom &#8211; bilo kada i bilo gdje.<\/p>\n","protected":false},"excerpt":{"rendered":"<p>Nepogre\u0161ivi okus<br \/>\nPoslu\u017eiti dobro ohla\u0111eno<br \/>\nBilo kada i bilo gdje<\/p>\n","protected":false},"featured_media":30742,"template":"","meta":{"_seopress_robots_primary_cat":"","_seopress_titles_title":"","_seopress_titles_desc":"","_seopress_robots_index":"","iawp_total_views":0},"product_brand":[419],"product_cat":[261,275],"product_tag":[],"class_list":{"0":"post-30741","1":"product","2":"type-product","3":"status-publish","4":"has-post-thumbnail","6":"product_brand-jacobs","7":"product_cat-hrana-i-pice","8":"product_cat-kava-i-cajevi-261","10":"first","11":"instock","12":"shipping-taxable","13":"purchasable","14":"product-type-simple"},"_links":{"self":[{"href":"https:\/\/singuli.wpress.me\/index.php\/wp-json\/wp\/v2\/product\/30741","targetHints":{"allow":["GET"]}}],"collection":[{"href":"https:\/\/singuli.wpress.me\/index.php\/wp-json\/wp\/v2\/product"}],"about":[{"href":"https:\/\/singuli.wpress.me\/index.php\/wp-json\/wp\/v2\/types\/product"}],"version-history":[{"count":0,"href":"https:\/\/singuli.wpress.me\/index.php\/wp-json\/wp\/v2\/product\/30741\/revisions"}],"wp:featuredmedia":[{"embeddable":true,"href":"https:\/\/singuli.wpress.me\/index.php\/wp-json\/wp\/v2\/media\/30742"}],"wp:attachment":[{"href":"https:\/\/singuli.wpress.me\/index.php\/wp-json\/wp\/v2\/media?parent=30741"}],"wp:term":[{"taxonomy":"product_brand","embeddable":true,"href":"https:\/\/singuli.wpress.me\/index.php\/wp-json\/wp\/v2\/product_brand?post=30741"},{"taxonomy":"product_cat","embeddable":true,"href":"https:\/\/singuli.wpress.me\/index.php\/wp-json\/wp\/v2\/product_cat?post=30741"},{"taxonomy":"product_tag","embeddable":true,"href":"https:\/\/singuli.wpress.me\/index.php\/wp-json\/wp\/v2\/product_tag?post=30741"}],"curies":[{"name":"wp","href":"https:\/\/api.w.org\/{rel}","templated":true}]}}