{"id":30743,"date":"2026-04-17T00:27:40","date_gmt":"2026-04-17T00:27:40","guid":{"rendered":"https:\/\/singuli.wpress.me\/index.php\/proizvod\/duck-deep-action-tropical-adventure-gel-750-ml\/"},"modified":"2026-04-20T12:33:03","modified_gmt":"2026-04-20T12:33:03","slug":"duck-deep-action-tropical-adventure-gel-750-ml","status":"publish","type":"product","link":"https:\/\/singuli.wpress.me\/index.php\/proizvod\/duck-deep-action-tropical-adventure-gel-750-ml\/","title":{"rendered":"DUCK Deep Action Tropical Adventure, gel, 750\u00a0ml"},"content":{"rendered":"<p>Duck\u00ae Deep Action Gel, miris Tropical Summer dopire do skrivenih bakterija i ne\u010disto\u0107a ispod ruba WC \u0161koljke.<\/p>\n<p>Osvje\u017eite WC \u0161koljku Duck\u00ae gelom s dubinskim djelovanjem s osvje\u017eavaju\u0107im Duck\u00ae mirisom, bez o\u0161trog mirisa WC \u010dista\u010da.<\/p>\n<p>Uklanja ne\u010disto\u0107e, kamenac\/mineralne naslage te neugodne mirise. Prizovite ljeto uz Duck\u00ae limited edition miris Tropical Summer.<\/p>\n<p>Upute za uporabu:<br \/>\n1. Podignite dasku WC \u0161koljke. <br \/>\n2. Kako biste otvorili proizvod (sa sigurnosnim zatvara\u010dem za djecu), stisnite \u010dep s obje strane i odvrnite. <br \/>\n3. Nagnite proizvod kako bi se vrat napunio gelom. <br \/>\n4. Za dezinfekciju podru\u010dja iznad vode ravnomjerno nanesite gel ispod ruba WC \u0161koljke. <br \/>\n5. Ostavite da djeluje 5 minuta. <br \/>\n6. Pro\u010detkajte cijelu WC \u0161koljku i zatim pustite vodu. <br \/>\n7. Proizvod \u010dvrsto zatvorite nakon uporabe. <br \/>\n8. Koristite redovito kako bi WC ostao svje\u017e i \u010dist. <br \/>\n9. Operite i osu\u0161ite ruke nakon uporabe.<\/p>\n","protected":false},"excerpt":{"rendered":"<p>Ubija 99.9% bakterija<br \/>\nDopire do ne\u010disto\u0107e ispod ruba WC \u0161koljke<br \/>\nDubinsko djelovanje<\/p>\n","protected":false},"featured_media":30744,"template":"","meta":{"_seopress_robots_primary_cat":"","_seopress_titles_title":"","_seopress_titles_desc":"","_seopress_robots_index":"","iawp_total_views":0},"product_brand":[410],"product_cat":[284,238],"product_tag":[],"class_list":{"0":"post-30743","1":"product","2":"type-product","3":"status-publish","4":"has-post-thumbnail","6":"product_brand-duck","7":"product_cat-sredstva-za-ciscenje-238","8":"product_cat-sve-za-dom","10":"first","11":"outofstock","12":"shipping-taxable","13":"purchasable","14":"product-type-simple"},"_links":{"self":[{"href":"https:\/\/singuli.wpress.me\/index.php\/wp-json\/wp\/v2\/product\/30743","targetHints":{"allow":["GET"]}}],"collection":[{"href":"https:\/\/singuli.wpress.me\/index.php\/wp-json\/wp\/v2\/product"}],"about":[{"href":"https:\/\/singuli.wpress.me\/index.php\/wp-json\/wp\/v2\/types\/product"}],"version-history":[{"count":0,"href":"https:\/\/singuli.wpress.me\/index.php\/wp-json\/wp\/v2\/product\/30743\/revisions"}],"wp:featuredmedia":[{"embeddable":true,"href":"https:\/\/singuli.wpress.me\/index.php\/wp-json\/wp\/v2\/media\/30744"}],"wp:attachment":[{"href":"https:\/\/singuli.wpress.me\/index.php\/wp-json\/wp\/v2\/media?parent=30743"}],"wp:term":[{"taxonomy":"product_brand","embeddable":true,"href":"https:\/\/singuli.wpress.me\/index.php\/wp-json\/wp\/v2\/product_brand?post=30743"},{"taxonomy":"product_cat","embeddable":true,"href":"https:\/\/singuli.wpress.me\/index.php\/wp-json\/wp\/v2\/product_cat?post=30743"},{"taxonomy":"product_tag","embeddable":true,"href":"https:\/\/singuli.wpress.me\/index.php\/wp-json\/wp\/v2\/product_tag?post=30743"}],"curies":[{"name":"wp","href":"https:\/\/api.w.org\/{rel}","templated":true}]}}