{"id":30748,"date":"2026-04-17T00:27:44","date_gmt":"2026-04-17T00:27:44","guid":{"rendered":"https:\/\/singuli.wpress.me\/index.php\/proizvod\/duck-osvjezivac-za-wc-skoljku-coloring-tropical-adventure-36-ml\/"},"modified":"2026-04-20T12:33:03","modified_gmt":"2026-04-20T12:33:03","slug":"duck-osvjezivac-za-wc-skoljku-coloring-tropical-adventure-36-ml","status":"publish","type":"product","link":"https:\/\/singuli.wpress.me\/index.php\/proizvod\/duck-osvjezivac-za-wc-skoljku-coloring-tropical-adventure-36-ml\/","title":{"rendered":"DUCK, osvje\u017eiva\u010d za wc \u0161koljku, Coloring Tropical Adventure, 36\u00a0ml"},"content":{"rendered":"<p><span style=\"font-weight: bold\">Duck\u00ae Coloring Tropical Adventure 4u1<\/span>, miris Garden Escape boji vodu u ljubi\u010dasto sa svakim ispiranjem! \u010cisti i ostavlja povr\u0161inu blistavom te poma\u017ee u sprije\u010davanju kamenca. Originalan oblik Duck\u00ae Aqua 4u1 ko\u0161arice je posebno dizajniran kako bi omogu\u0107io jednakomjerno bojanje vode i ispu\u0161tanje svje\u017eeg mirisa sa svakim ispiranjem! <\/p>\n<p><span style=\"font-weight: bold\">Upute za uporabu: <\/span><br \/>\nOdmotajte kukicu i pri\u010dvrstite ko\u0161aricu uz rub WC \u0161koljke na mjesto gdje ju mlaz vode mo\u017ee aktivirati.<\/p>\n","protected":false},"excerpt":{"rendered":"<p>Boji vodu u ljubi\u010dasto<br \/>\nSprje\u010dava kamenac<br \/>\n\u010cisti i uklanja neugodne mirise<\/p>\n","protected":false},"featured_media":30749,"template":"","meta":{"_seopress_robots_primary_cat":"","_seopress_titles_title":"","_seopress_titles_desc":"","_seopress_robots_index":"","iawp_total_views":0},"product_brand":[410],"product_cat":[284,238],"product_tag":[],"class_list":{"0":"post-30748","1":"product","2":"type-product","3":"status-publish","4":"has-post-thumbnail","6":"product_brand-duck","7":"product_cat-sredstva-za-ciscenje-238","8":"product_cat-sve-za-dom","10":"first","11":"outofstock","12":"shipping-taxable","13":"purchasable","14":"product-type-simple"},"_links":{"self":[{"href":"https:\/\/singuli.wpress.me\/index.php\/wp-json\/wp\/v2\/product\/30748","targetHints":{"allow":["GET"]}}],"collection":[{"href":"https:\/\/singuli.wpress.me\/index.php\/wp-json\/wp\/v2\/product"}],"about":[{"href":"https:\/\/singuli.wpress.me\/index.php\/wp-json\/wp\/v2\/types\/product"}],"version-history":[{"count":0,"href":"https:\/\/singuli.wpress.me\/index.php\/wp-json\/wp\/v2\/product\/30748\/revisions"}],"wp:featuredmedia":[{"embeddable":true,"href":"https:\/\/singuli.wpress.me\/index.php\/wp-json\/wp\/v2\/media\/30749"}],"wp:attachment":[{"href":"https:\/\/singuli.wpress.me\/index.php\/wp-json\/wp\/v2\/media?parent=30748"}],"wp:term":[{"taxonomy":"product_brand","embeddable":true,"href":"https:\/\/singuli.wpress.me\/index.php\/wp-json\/wp\/v2\/product_brand?post=30748"},{"taxonomy":"product_cat","embeddable":true,"href":"https:\/\/singuli.wpress.me\/index.php\/wp-json\/wp\/v2\/product_cat?post=30748"},{"taxonomy":"product_tag","embeddable":true,"href":"https:\/\/singuli.wpress.me\/index.php\/wp-json\/wp\/v2\/product_tag?post=30748"}],"curies":[{"name":"wp","href":"https:\/\/api.w.org\/{rel}","templated":true}]}}