{"id":30752,"date":"2026-04-17T00:27:50","date_gmt":"2026-04-17T00:27:50","guid":{"rendered":"https:\/\/singuli.wpress.me\/index.php\/proizvod\/duck-fresh-discs-marine-gel-za-ciscenje-i-osvjezavanje-wc-skoljke-baza-i-punjenje-36-ml\/"},"modified":"2026-04-20T12:33:03","modified_gmt":"2026-04-20T12:33:03","slug":"duck-fresh-discs-marine-gel-za-ciscenje-i-osvjezavanje-wc-skoljke-baza-i-punjenje-36-ml","status":"publish","type":"product","link":"https:\/\/singuli.wpress.me\/index.php\/proizvod\/duck-fresh-discs-marine-gel-za-ciscenje-i-osvjezavanje-wc-skoljke-baza-i-punjenje-36-ml\/","title":{"rendered":"DUCK Fresh Discs Marine, gel za \u010di\u0161\u0107enje i osvje\u017eavanje wc \u0161koljke, baza i punjenje, 36\u00a0ml"},"content":{"rendered":"<p>U\u017eivajte u dugotrajnoj svje\u017eini va\u0161e kupaonice uz Duck\u00ae Fresh Discs gel s osvje\u017eavaju\u0107im Marine mirisom, koja savr\u0161eno prianja uz svaku WC \u0161koljku. S ovim inovativnim proizvodom, va\u0161a WC \u0161koljka ostaje \u010dista i mirisna do impresivnih 7,5 tjedana. Pakiranje uklju\u010duje prakti\u010dnu bazu od 6 gel diskova, osiguravaju\u0107i vam trajnu morsku svje\u017einu bez nepotrebnog napora. Nova papirnata ambala\u017ea Duck Fresh Discs proizvoda, izra\u0111ena od recikliranih materijala, ne samo da \u010duva okoli\u0161, ve\u0107 i \u0161tedi resurse. Kori\u0161tenjem Fresh Discs gelova, smanjujete upotrebu plastike za 30%, \u010dine\u0107i va\u0161u kupnju odr\u017eivom i odgovornom.&nbsp; <\/p>\n<p>Upute za uporabu:<br \/>\nPobrinite se da je WC \u0161koljka \u010dista.<br \/>\n1. Poravnajte izbo\u010dinu na punjenju (gumb) s rupama na aplikatoru. Umetnite tako da izbo\u010dina (gumb) usko\u010di u prvu rupu. Skinite \u010dep i sa\u010duvajte ga.<br \/>\n2. Pozicionirajte proziran kraj aplikatora okomito na unutarnju stijenku WC \u0161koljke, blizu ruba, gdje ga mlaz vode mo\u017ee aktivirati.<br \/>\n3. Pritisnite gumb prema stijenci WC \u0161koljke sve dok ne presko\u010di u sljede\u0107u rupu. Ne okre\u0107ite aplikator.<br \/>\n4. Povucite aplikator natrag nakon \u0161to ste otisnuli disk na stijenku. Dobro za\u010depite proizvod nakon uporabe. Pustite vodu kako bi se disk aktivirao. Nakon aplikacije proizvod mo\u017ee biti zanimljiv maloj djeci. Aplicirajte ga na mjesto koje je djeci najmanje vidljivo. Pogodno i za septi\u010dke jame.<\/p>\n","protected":false},"excerpt":{"rendered":"<p>Traje do 7,5 tjedana<br \/>\nPakiranje sadr\u017ei bazu<br \/>\nPakiranje sadr\u017ei 6 gel diskova<\/p>\n","protected":false},"featured_media":30753,"template":"","meta":{"_seopress_robots_primary_cat":"","_seopress_titles_title":"","_seopress_titles_desc":"","_seopress_robots_index":"","iawp_total_views":0},"product_brand":[410],"product_cat":[284,238],"product_tag":[],"class_list":{"0":"post-30752","1":"product","2":"type-product","3":"status-publish","4":"has-post-thumbnail","6":"product_brand-duck","7":"product_cat-sredstva-za-ciscenje-238","8":"product_cat-sve-za-dom","10":"first","11":"outofstock","12":"shipping-taxable","13":"purchasable","14":"product-type-simple"},"_links":{"self":[{"href":"https:\/\/singuli.wpress.me\/index.php\/wp-json\/wp\/v2\/product\/30752","targetHints":{"allow":["GET"]}}],"collection":[{"href":"https:\/\/singuli.wpress.me\/index.php\/wp-json\/wp\/v2\/product"}],"about":[{"href":"https:\/\/singuli.wpress.me\/index.php\/wp-json\/wp\/v2\/types\/product"}],"version-history":[{"count":0,"href":"https:\/\/singuli.wpress.me\/index.php\/wp-json\/wp\/v2\/product\/30752\/revisions"}],"wp:featuredmedia":[{"embeddable":true,"href":"https:\/\/singuli.wpress.me\/index.php\/wp-json\/wp\/v2\/media\/30753"}],"wp:attachment":[{"href":"https:\/\/singuli.wpress.me\/index.php\/wp-json\/wp\/v2\/media?parent=30752"}],"wp:term":[{"taxonomy":"product_brand","embeddable":true,"href":"https:\/\/singuli.wpress.me\/index.php\/wp-json\/wp\/v2\/product_brand?post=30752"},{"taxonomy":"product_cat","embeddable":true,"href":"https:\/\/singuli.wpress.me\/index.php\/wp-json\/wp\/v2\/product_cat?post=30752"},{"taxonomy":"product_tag","embeddable":true,"href":"https:\/\/singuli.wpress.me\/index.php\/wp-json\/wp\/v2\/product_tag?post=30752"}],"curies":[{"name":"wp","href":"https:\/\/api.w.org\/{rel}","templated":true}]}}