{"id":30754,"date":"2026-04-17T00:27:51","date_gmt":"2026-04-17T00:27:51","guid":{"rendered":"https:\/\/singuli.wpress.me\/index.php\/proizvod\/duck-aqua-emerald-4u1-osvjezivac-za-wc-skoljku-garden-escape-36-g\/"},"modified":"2026-04-20T12:33:03","modified_gmt":"2026-04-20T12:33:03","slug":"duck-aqua-emerald-4u1-osvjezivac-za-wc-skoljku-garden-escape-36-g","status":"publish","type":"product","link":"https:\/\/singuli.wpress.me\/index.php\/proizvod\/duck-aqua-emerald-4u1-osvjezivac-za-wc-skoljku-garden-escape-36-g\/","title":{"rendered":"DUCK Aqua Emerald 4u1, osvje\u017eiva\u010d za wc \u0161koljku, Garden Escape, 36\u00a0g"},"content":{"rendered":"<p><span style=\"font-weight: bold\">Duck\u00ae Aqua Emerald 4u1<\/span>, miris Garden Escape boji vodu u zeleno sa svakim ispiranjem! \u010cisti i ostavlja povr\u0161inu blistavom te poma\u017ee u sprije\u010davanju kamenca. Originalan oblik Duck\u00ae Aqua 4u1 ko\u0161arice je posebno dizajniran kako bi omogu\u0107io jednakomjerno bojanje vode i ispu\u0161tanje svje\u017eeg mirisa sa svakim ispiranjem! <br \/>\n<span style=\"font-weight: bold\"><br \/>\nUpute za uporabu: <br \/>\n<\/span>Odmotajte kukicu i pri\u010dvrstite ko\u0161aricu uz rub WC \u0161koljke na mjesto gdje ju mlaz vode mo\u017ee aktivirati.<\/p>\n","protected":false},"excerpt":{"rendered":"<p>Boji vodu u zeleno<br \/>\nSprje\u010dava kamenac<br \/>\n\u010cisti i uklanja neugodne mirise<\/p>\n","protected":false},"featured_media":30755,"template":"","meta":{"_seopress_robots_primary_cat":"","_seopress_titles_title":"","_seopress_titles_desc":"","_seopress_robots_index":"","iawp_total_views":0},"product_brand":[410],"product_cat":[284,238],"product_tag":[],"class_list":{"0":"post-30754","1":"product","2":"type-product","3":"status-publish","4":"has-post-thumbnail","6":"product_brand-duck","7":"product_cat-sredstva-za-ciscenje-238","8":"product_cat-sve-za-dom","10":"first","11":"outofstock","12":"shipping-taxable","13":"purchasable","14":"product-type-simple"},"_links":{"self":[{"href":"https:\/\/singuli.wpress.me\/index.php\/wp-json\/wp\/v2\/product\/30754","targetHints":{"allow":["GET"]}}],"collection":[{"href":"https:\/\/singuli.wpress.me\/index.php\/wp-json\/wp\/v2\/product"}],"about":[{"href":"https:\/\/singuli.wpress.me\/index.php\/wp-json\/wp\/v2\/types\/product"}],"version-history":[{"count":0,"href":"https:\/\/singuli.wpress.me\/index.php\/wp-json\/wp\/v2\/product\/30754\/revisions"}],"wp:featuredmedia":[{"embeddable":true,"href":"https:\/\/singuli.wpress.me\/index.php\/wp-json\/wp\/v2\/media\/30755"}],"wp:attachment":[{"href":"https:\/\/singuli.wpress.me\/index.php\/wp-json\/wp\/v2\/media?parent=30754"}],"wp:term":[{"taxonomy":"product_brand","embeddable":true,"href":"https:\/\/singuli.wpress.me\/index.php\/wp-json\/wp\/v2\/product_brand?post=30754"},{"taxonomy":"product_cat","embeddable":true,"href":"https:\/\/singuli.wpress.me\/index.php\/wp-json\/wp\/v2\/product_cat?post=30754"},{"taxonomy":"product_tag","embeddable":true,"href":"https:\/\/singuli.wpress.me\/index.php\/wp-json\/wp\/v2\/product_tag?post=30754"}],"curies":[{"name":"wp","href":"https:\/\/api.w.org\/{rel}","templated":true}]}}