{"id":30756,"date":"2026-04-17T00:27:53","date_gmt":"2026-04-17T00:27:53","guid":{"rendered":"https:\/\/singuli.wpress.me\/index.php\/proizvod\/duck-fresh-discs-blue-gel-za-ciscenje-i-osvjezavanje-wc-skoljke-baza-i-punjenje-36-ml\/"},"modified":"2026-04-20T12:33:03","modified_gmt":"2026-04-20T12:33:03","slug":"duck-fresh-discs-blue-gel-za-ciscenje-i-osvjezavanje-wc-skoljke-baza-i-punjenje-36-ml","status":"publish","type":"product","link":"https:\/\/singuli.wpress.me\/index.php\/proizvod\/duck-fresh-discs-blue-gel-za-ciscenje-i-osvjezavanje-wc-skoljke-baza-i-punjenje-36-ml\/","title":{"rendered":"DUCK Fresh Discs Blue, gel za \u010di\u0161\u0107enje i osvje\u017eavanje wc \u0161koljke, baza i punjenje, 36\u00a0ml"},"content":{"rendered":"<p><span style=\"font-weight: bold\">Duck\u00ae Fresh Discs Blue<\/span> prvi je disk gel koji boji vodu u plavo. Gel savr\u0161eno prianja uz WC \u0161koljku i traje do 7,5 tjedana. Pakiranje sadr\u017ei bazu i 6 gel diskova. Nova papirnata ambala\u017ea Duck Fresh Discs proizvoda izra\u0111ena je od recikliranih materijala. Kori\u0161tenjem Fresh Discs proizvoda koristite 30% manje plastike u odnosu na ko\u0161arice.<\/p>\n<p><span style=\"font-weight: bold\">Upute za uporabu<\/span> &#8211; Pobrinite se da je WC \u0161koljka \u010dista.<br \/>\n1. Poravnajte izbo\u010dinu na punjenju (gumb) s rupama na aplikatoru. Umetnite tako da izbo\u010dina (gumb) usko\u010di u prvu rupu. Skinite \u010dep i sa\u010duvajte ga.<br \/>\n2. Pozicionirajte proziran kraj aplikatora okomito na unutarnju stijenku WC \u0161koljke, blizu ruba, gdje ga mlaz vode mo\u017ee aktivirati.<br \/>\n3. Pritisnite gumb prema stijenci WC \u0161koljke sve dok ne presko\u010di u sljede\u0107u rupu. Ne okre\u010dite aplikator. Povucite aplikator natrag nakon \u0161to ste otisnuli disk na stijenku. Dobro za\u010dpite proizvod nakon uporabe. Pustite vodu kako bi se disk aktivirao. Nakon aplikacije proizvod mo\u017ee biti zanimljiv maloj djeci. Aplicirajte ga na mjesto koje je djeci najmanje vidljivo. Pogodno i za septi\u010dke jame.<\/p>\n","protected":false},"excerpt":{"rendered":"<p>Boji vodu u plavo<br \/>\nDo 7.5 tjedana svje\u017eine<br \/>\nPapirnata ambala\u017ea od recikliranih materijala<\/p>\n","protected":false},"featured_media":30758,"template":"","meta":{"_seopress_robots_primary_cat":"","_seopress_titles_title":"","_seopress_titles_desc":"","_seopress_robots_index":"","iawp_total_views":0},"product_brand":[410],"product_cat":[284,238],"product_tag":[],"class_list":{"0":"post-30756","1":"product","2":"type-product","3":"status-publish","4":"has-post-thumbnail","6":"product_brand-duck","7":"product_cat-sredstva-za-ciscenje-238","8":"product_cat-sve-za-dom","10":"first","11":"outofstock","12":"shipping-taxable","13":"purchasable","14":"product-type-simple"},"_links":{"self":[{"href":"https:\/\/singuli.wpress.me\/index.php\/wp-json\/wp\/v2\/product\/30756","targetHints":{"allow":["GET"]}}],"collection":[{"href":"https:\/\/singuli.wpress.me\/index.php\/wp-json\/wp\/v2\/product"}],"about":[{"href":"https:\/\/singuli.wpress.me\/index.php\/wp-json\/wp\/v2\/types\/product"}],"version-history":[{"count":0,"href":"https:\/\/singuli.wpress.me\/index.php\/wp-json\/wp\/v2\/product\/30756\/revisions"}],"wp:featuredmedia":[{"embeddable":true,"href":"https:\/\/singuli.wpress.me\/index.php\/wp-json\/wp\/v2\/media\/30758"}],"wp:attachment":[{"href":"https:\/\/singuli.wpress.me\/index.php\/wp-json\/wp\/v2\/media?parent=30756"}],"wp:term":[{"taxonomy":"product_brand","embeddable":true,"href":"https:\/\/singuli.wpress.me\/index.php\/wp-json\/wp\/v2\/product_brand?post=30756"},{"taxonomy":"product_cat","embeddable":true,"href":"https:\/\/singuli.wpress.me\/index.php\/wp-json\/wp\/v2\/product_cat?post=30756"},{"taxonomy":"product_tag","embeddable":true,"href":"https:\/\/singuli.wpress.me\/index.php\/wp-json\/wp\/v2\/product_tag?post=30756"}],"curies":[{"name":"wp","href":"https:\/\/api.w.org\/{rel}","templated":true}]}}