{"id":30787,"date":"2026-04-17T00:28:12","date_gmt":"2026-04-17T00:28:12","guid":{"rendered":"https:\/\/singuli.wpress.me\/index.php\/proizvod\/oral-b-spiderman-zamjenske-glave-za-cetkicu-4-kom\/"},"modified":"2026-04-20T12:33:03","modified_gmt":"2026-04-20T12:33:03","slug":"oral-b-spiderman-zamjenske-glave-za-cetkicu-4-kom","status":"publish","type":"product","link":"https:\/\/singuli.wpress.me\/index.php\/proizvod\/oral-b-spiderman-zamjenske-glave-za-cetkicu-4-kom\/","title":{"rendered":"ORAL-B Spiderman, zamjenske glave za \u010detkicu, 4\u00a0kom"},"content":{"rendered":"<p>Glava zubne \u010detkice <span style=\"font-weight: bold\">Oral-B Kids 3+<\/span> s likovima iz crti\u0107a Spiderman omogu\u0107uje djeci zabavno, nje\u017eno i u\u010dinkovito pranje zubi \u010detkicom Oral-B koju preporu\u010duju stomatolozi. Izuzetno mekana vlakna i malena okrugla glava posebno su oblikovani za djecu te su kompatibilni sa svim elektri\u010dnim zubnim \u010detkicama Oral-B Kids. Posebno je oblikovana za nje\u017ene dje\u010dje desni. Okrugla glava \u010detkice idealne veli\u010dine za mala usta. Nje\u017ena prema desnima, s izuzetno mekanim vlaknima. <\/p>\n<p>Oral-B je marka zubnih \u010detkica br. 1, koju upotrebljava najvi\u0161e stomatologa diljem svijeta i koja pru\u017ea klini\u010dki dokazane rezultate.<\/p>\n<p>\u2022 Prilago\u0111eno dobi 3+\t<br \/>\n\u2022 Za odr\u017eavanje optimalne u\u010dinkovitosti \u010di\u0161\u0107enja stomatolozi preporu\u010duju zamjenu glave \u010detkice svaka 3 mjeseca\t<br \/>\n\u2022 Kompatibilne sa svim elektri\u010dnim zubnim \u010detkicama Oral-B Pro Kids<\/p>\n","protected":false},"excerpt":{"rendered":"<p>Oral-B je marka zubnih \u010detkica br. 1<br \/>\nUklanja do 100% vi\u0161e bakterijskih zubnih naslaga<br \/>\nDob: 3+ god<\/p>\n","protected":false},"featured_media":30789,"template":"","meta":{"_seopress_robots_primary_cat":"","_seopress_titles_title":"","_seopress_titles_desc":"","_seopress_robots_index":"","iawp_total_views":0},"product_brand":[423],"product_cat":[192,207,209],"product_tag":[],"class_list":{"0":"post-30787","1":"product","2":"type-product","3":"status-publish","4":"has-post-thumbnail","6":"product_brand-oral-b-2","7":"product_cat-aparati-za-osobnu-njegu","8":"product_cat-oralna-higijena","9":"product_cat-zamjenske-glave","11":"first","12":"instock","13":"shipping-taxable","14":"purchasable","15":"product-type-simple"},"_links":{"self":[{"href":"https:\/\/singuli.wpress.me\/index.php\/wp-json\/wp\/v2\/product\/30787","targetHints":{"allow":["GET"]}}],"collection":[{"href":"https:\/\/singuli.wpress.me\/index.php\/wp-json\/wp\/v2\/product"}],"about":[{"href":"https:\/\/singuli.wpress.me\/index.php\/wp-json\/wp\/v2\/types\/product"}],"version-history":[{"count":0,"href":"https:\/\/singuli.wpress.me\/index.php\/wp-json\/wp\/v2\/product\/30787\/revisions"}],"wp:featuredmedia":[{"embeddable":true,"href":"https:\/\/singuli.wpress.me\/index.php\/wp-json\/wp\/v2\/media\/30789"}],"wp:attachment":[{"href":"https:\/\/singuli.wpress.me\/index.php\/wp-json\/wp\/v2\/media?parent=30787"}],"wp:term":[{"taxonomy":"product_brand","embeddable":true,"href":"https:\/\/singuli.wpress.me\/index.php\/wp-json\/wp\/v2\/product_brand?post=30787"},{"taxonomy":"product_cat","embeddable":true,"href":"https:\/\/singuli.wpress.me\/index.php\/wp-json\/wp\/v2\/product_cat?post=30787"},{"taxonomy":"product_tag","embeddable":true,"href":"https:\/\/singuli.wpress.me\/index.php\/wp-json\/wp\/v2\/product_tag?post=30787"}],"curies":[{"name":"wp","href":"https:\/\/api.w.org\/{rel}","templated":true}]}}