{"id":30831,"date":"2026-04-17T00:28:37","date_gmt":"2026-04-17T00:28:37","guid":{"rendered":"https:\/\/singuli.wpress.me\/index.php\/proizvod\/duck-fresh-action-gel-garden-escape-750-ml\/"},"modified":"2026-04-20T12:33:03","modified_gmt":"2026-04-20T12:33:03","slug":"duck-fresh-action-gel-garden-escape-750-ml","status":"publish","type":"product","link":"https:\/\/singuli.wpress.me\/index.php\/proizvod\/duck-fresh-action-gel-garden-escape-750-ml\/","title":{"rendered":"DUCK Fresh Action, gel, Garden Escape, 750\u00a0ml"},"content":{"rendered":"<p>Duck\u00ae Fresh Action Gel, miris Garden Escape pru\u017ea potpuno \u010di\u0161\u0107enje va\u0161e WC \u0161koljke, ostavljaju\u0107i je svje\u017eom, \u010dak i ispod ruba. Poma\u017ee pri uklanjanju kamenca, sna\u017ean je protiv mrlja i dopire do skrivene prljav\u0161tine ispod ruba \u0161koljke. Va\u0161a kupaonica mo\u017ee postati vrtna oaza uz Duck\u00ae limited edition miris Garden Escape.<\/p>\n<p>Upute za uporabu: <br \/>\n1. Podignite dasku WC \u0161koljke. 2. Kako biste otvorili proizvod (sa sigurnosnim zatvara\u010dem za djecu), stisnite \u010dep s obje strane i odvrnite. 3. Nagnite proizvod kako bi se vrat napunio gelom. 4. Za \u010di\u0161\u0107enje ravnomjerno nanesite gel ispod ruba WC \u0161koljke. 5. Pro\u010detkajte cijelu WC \u0161koljku i zatim pustite vodu. 6. Proizvod \u010dvrsto zatvorite nakon uporabe.<\/p>\n","protected":false},"excerpt":{"rendered":"<p>\u010cisti cijelu WC \u0161koljku<br \/>\nPoma\u017ee pri uklanjanju kamenca<br \/>\nSna\u017ean protiv mrlja i ostavlja svje\u017ei miris<\/p>\n","protected":false},"featured_media":30832,"template":"","meta":{"_seopress_robots_primary_cat":"","_seopress_titles_title":"","_seopress_titles_desc":"","_seopress_robots_index":"","iawp_total_views":0},"product_brand":[410],"product_cat":[284,238],"product_tag":[],"class_list":{"0":"post-30831","1":"product","2":"type-product","3":"status-publish","4":"has-post-thumbnail","6":"product_brand-duck","7":"product_cat-sredstva-za-ciscenje-238","8":"product_cat-sve-za-dom","10":"first","11":"outofstock","12":"shipping-taxable","13":"purchasable","14":"product-type-simple"},"_links":{"self":[{"href":"https:\/\/singuli.wpress.me\/index.php\/wp-json\/wp\/v2\/product\/30831","targetHints":{"allow":["GET"]}}],"collection":[{"href":"https:\/\/singuli.wpress.me\/index.php\/wp-json\/wp\/v2\/product"}],"about":[{"href":"https:\/\/singuli.wpress.me\/index.php\/wp-json\/wp\/v2\/types\/product"}],"version-history":[{"count":0,"href":"https:\/\/singuli.wpress.me\/index.php\/wp-json\/wp\/v2\/product\/30831\/revisions"}],"wp:featuredmedia":[{"embeddable":true,"href":"https:\/\/singuli.wpress.me\/index.php\/wp-json\/wp\/v2\/media\/30832"}],"wp:attachment":[{"href":"https:\/\/singuli.wpress.me\/index.php\/wp-json\/wp\/v2\/media?parent=30831"}],"wp:term":[{"taxonomy":"product_brand","embeddable":true,"href":"https:\/\/singuli.wpress.me\/index.php\/wp-json\/wp\/v2\/product_brand?post=30831"},{"taxonomy":"product_cat","embeddable":true,"href":"https:\/\/singuli.wpress.me\/index.php\/wp-json\/wp\/v2\/product_cat?post=30831"},{"taxonomy":"product_tag","embeddable":true,"href":"https:\/\/singuli.wpress.me\/index.php\/wp-json\/wp\/v2\/product_tag?post=30831"}],"curies":[{"name":"wp","href":"https:\/\/api.w.org\/{rel}","templated":true}]}}