{"id":30833,"date":"2026-04-17T00:28:38","date_gmt":"2026-04-17T00:28:38","guid":{"rendered":"https:\/\/singuli.wpress.me\/index.php\/proizvod\/glade-osvjezivac-zraka-u-gelu-pure-clean-linen-sensual-sandalwood-jasmine-180-ml\/"},"modified":"2026-04-20T12:33:03","modified_gmt":"2026-04-20T12:33:03","slug":"glade-osvjezivac-zraka-u-gelu-pure-clean-linen-sensual-sandalwood-jasmine-180-ml","status":"publish","type":"product","link":"https:\/\/singuli.wpress.me\/index.php\/proizvod\/glade-osvjezivac-zraka-u-gelu-pure-clean-linen-sensual-sandalwood-jasmine-180-ml\/","title":{"rendered":"GLADE, osvje\u017eiva\u010d zraka u gelu, Pure Clean Linen &#8211; Sensual Sandalwood &amp; Jasmine, 180\u00a0ml"},"content":{"rendered":"<p>Glade\u00ae <span style=\"font-weight: bold\">Fragranced bathroom gel &#8211; Pure Clean Linen<\/span> mirisni je gel za kupaonicu s tehnologijom produljenog otpu\u0161tanja mirisa. Gel osigurava do 45 dana bez neugodnih mirisa.<\/p>\n<p><span style=\"font-weight: bold\">Upute za uporabu:<\/span><br \/>\nSkinite foliju na ozna\u010denom podru\u010dju te podignite poklopac na \u017eeljenu razinu kako biste oslobodili miris<\/p>\n","protected":false},"excerpt":{"rendered":"<p>Do 7,5 tjedana svje\u017eine<br \/>\nGel osigurava do 45 dana bez neugodnih mirisa<br \/>\nS tehnologijom produljenog otpu\u0161tanja mirisa<\/p>\n","protected":false},"featured_media":30834,"template":"","meta":{"_seopress_robots_primary_cat":"","_seopress_titles_title":"","_seopress_titles_desc":"","_seopress_robots_index":"","iawp_total_views":0},"product_brand":[405],"product_cat":[268,278],"product_tag":[],"class_list":{"0":"post-30833","1":"product","2":"type-product","3":"status-publish","4":"has-post-thumbnail","6":"product_brand-glade","7":"product_cat-kozmetika-2","8":"product_cat-njega-tijela-268","10":"first","11":"outofstock","12":"shipping-taxable","13":"purchasable","14":"product-type-simple"},"_links":{"self":[{"href":"https:\/\/singuli.wpress.me\/index.php\/wp-json\/wp\/v2\/product\/30833","targetHints":{"allow":["GET"]}}],"collection":[{"href":"https:\/\/singuli.wpress.me\/index.php\/wp-json\/wp\/v2\/product"}],"about":[{"href":"https:\/\/singuli.wpress.me\/index.php\/wp-json\/wp\/v2\/types\/product"}],"version-history":[{"count":0,"href":"https:\/\/singuli.wpress.me\/index.php\/wp-json\/wp\/v2\/product\/30833\/revisions"}],"wp:featuredmedia":[{"embeddable":true,"href":"https:\/\/singuli.wpress.me\/index.php\/wp-json\/wp\/v2\/media\/30834"}],"wp:attachment":[{"href":"https:\/\/singuli.wpress.me\/index.php\/wp-json\/wp\/v2\/media?parent=30833"}],"wp:term":[{"taxonomy":"product_brand","embeddable":true,"href":"https:\/\/singuli.wpress.me\/index.php\/wp-json\/wp\/v2\/product_brand?post=30833"},{"taxonomy":"product_cat","embeddable":true,"href":"https:\/\/singuli.wpress.me\/index.php\/wp-json\/wp\/v2\/product_cat?post=30833"},{"taxonomy":"product_tag","embeddable":true,"href":"https:\/\/singuli.wpress.me\/index.php\/wp-json\/wp\/v2\/product_tag?post=30833"}],"curies":[{"name":"wp","href":"https:\/\/api.w.org\/{rel}","templated":true}]}}