{"id":30835,"date":"2026-04-17T00:28:43","date_gmt":"2026-04-17T00:28:43","guid":{"rendered":"https:\/\/singuli.wpress.me\/index.php\/proizvod\/oral-b-pro-expert-professional-protection-pasta-za-zube-2x75ml\/"},"modified":"2026-04-20T12:33:03","modified_gmt":"2026-04-20T12:33:03","slug":"oral-b-pro-expert-professional-protection-pasta-za-zube-2x75ml","status":"publish","type":"product","link":"https:\/\/singuli.wpress.me\/index.php\/proizvod\/oral-b-pro-expert-professional-protection-pasta-za-zube-2x75ml\/","title":{"rendered":"ORAL-B Pro-Expert Professional Protection, pasta za zube, 2x75ml"},"content":{"rendered":"<p>Pro &#8211; Expert Healthy Advanced pasta za zube Oral-B pru\u017ea 24-satnu za\u0161titu od osam podru\u010dja s kojima se stomatolozi naj\u010de\u0161\u0107e bave: problemi s desnima, osjetljivost, karijes, plak, mrlje, lo\u0161 zadah, zubni kamenac i erozija cakline. Tako\u0111er poma\u017ee ukloniti diskoloraciju povr\u0161ine i smanjiti osjetljivost zuba. Priu\u0161tite si profesionalnu njegu uz brend Oral-B! Sada u prakti\u010dnom pakiranju od dva komada.<\/p>\n","protected":false},"excerpt":{"rendered":"<p>Pru\u017ea 24-satnu za\u0161titu<br \/>\nPoma\u017ee ukloniti diskoloraciju<br \/>\nSmanjuje osjetljivost zuba<\/p>\n","protected":false},"featured_media":30836,"template":"","meta":{"_seopress_robots_primary_cat":"","_seopress_titles_title":"","_seopress_titles_desc":"","_seopress_robots_index":"","iawp_total_views":0},"product_brand":[423],"product_cat":[268,309,320],"product_tag":[],"class_list":{"0":"post-30835","1":"product","2":"type-product","3":"status-publish","4":"has-post-thumbnail","6":"product_brand-oral-b-2","7":"product_cat-kozmetika-2","8":"product_cat-oralna-higijena-268","9":"product_cat-paste-za-zube-309","11":"first","12":"outofstock","13":"shipping-taxable","14":"purchasable","15":"product-type-simple"},"_links":{"self":[{"href":"https:\/\/singuli.wpress.me\/index.php\/wp-json\/wp\/v2\/product\/30835","targetHints":{"allow":["GET"]}}],"collection":[{"href":"https:\/\/singuli.wpress.me\/index.php\/wp-json\/wp\/v2\/product"}],"about":[{"href":"https:\/\/singuli.wpress.me\/index.php\/wp-json\/wp\/v2\/types\/product"}],"version-history":[{"count":0,"href":"https:\/\/singuli.wpress.me\/index.php\/wp-json\/wp\/v2\/product\/30835\/revisions"}],"wp:featuredmedia":[{"embeddable":true,"href":"https:\/\/singuli.wpress.me\/index.php\/wp-json\/wp\/v2\/media\/30836"}],"wp:attachment":[{"href":"https:\/\/singuli.wpress.me\/index.php\/wp-json\/wp\/v2\/media?parent=30835"}],"wp:term":[{"taxonomy":"product_brand","embeddable":true,"href":"https:\/\/singuli.wpress.me\/index.php\/wp-json\/wp\/v2\/product_brand?post=30835"},{"taxonomy":"product_cat","embeddable":true,"href":"https:\/\/singuli.wpress.me\/index.php\/wp-json\/wp\/v2\/product_cat?post=30835"},{"taxonomy":"product_tag","embeddable":true,"href":"https:\/\/singuli.wpress.me\/index.php\/wp-json\/wp\/v2\/product_tag?post=30835"}],"curies":[{"name":"wp","href":"https:\/\/api.w.org\/{rel}","templated":true}]}}