{"id":30860,"date":"2026-04-17T00:28:50","date_gmt":"2026-04-17T00:28:50","guid":{"rendered":"https:\/\/singuli.wpress.me\/index.php\/proizvod\/shell-cistac-kocnica-i-kvacila-12x0-5l-6-l-2\/"},"modified":"2026-04-17T00:28:51","modified_gmt":"2026-04-17T00:28:51","slug":"shell-cistac-kocnica-i-kvacila-12x0-5l-6-l-2","status":"publish","type":"product","link":"https:\/\/singuli.wpress.me\/index.php\/proizvod\/shell-cistac-kocnica-i-kvacila-12x0-5l-6-l-2\/","title":{"rendered":"SHELL, \u010dista\u010d ko\u010dnica i kva\u010dila, 12&#215;0.5l, 6\u00a0l"},"content":{"rendered":"<p>U\u010dinkovito i brzodjeluju\u0107e sredstvo za \u010di\u0161\u0107enje, za uklanjanje masno\u0107e, ulja, prljav\u0161tine i pra\u0161ine s dijelova ko\u010dnica i spojke. \u010cisti disk i bubanj ko\u010dnice kao i dijelove kva\u010dila od pra\u0161ine, ulja, masti i prljav\u0161tine. Prikladno za kori\u0161tenje na ko\u010dionim diskovima, blokovima, cilindrima i klije\u0161tima. Brzo su\u0161e\u0107i. Ne ostavlja tragove. <\/p>\n<p><span style=\"font-weight: bold\">Upute za uporabu:<\/span> Dobro protresti prije upotrebe. Poprskajte povr\u0161inu proizvodom i zatim obri\u0161ite \u010distom krpom. Pustiti da se ispari\/posu\u0161i. Ako je potrebno, ponovite ovaj postupak. Koristiti na sobnoj temperaturi 10-35\u00b0C.<\/p>\n","protected":false},"excerpt":{"rendered":"<p>U\u010dinkovito i brzodjeluju\u0107e sredstvo za \u010di\u0161\u0107enje, za uklanjanje masno\u0107e, ulja, prljav\u0161tine i pra\u0161ine s dijelova ko\u010dnica i spojke<br \/>\nNe ostavlja tragove<br \/>\nKoristiti na sobnoj temperaturi 10-35\u00b0C<\/p>\n","protected":false},"featured_media":30862,"template":"","meta":{"_seopress_robots_primary_cat":"","_seopress_titles_title":"","_seopress_titles_desc":"","_seopress_robots_index":"","iawp_total_views":0},"product_brand":[326],"product_cat":[243,273],"product_tag":[],"class_list":{"0":"post-30860","1":"product","2":"type-product","3":"status-publish","4":"has-post-thumbnail","6":"product_brand-shell","7":"product_cat-automobili-i-motori","8":"product_cat-njega-vozila-243","10":"first","11":"instock","12":"shipping-taxable","13":"purchasable","14":"product-type-simple"},"_links":{"self":[{"href":"https:\/\/singuli.wpress.me\/index.php\/wp-json\/wp\/v2\/product\/30860","targetHints":{"allow":["GET"]}}],"collection":[{"href":"https:\/\/singuli.wpress.me\/index.php\/wp-json\/wp\/v2\/product"}],"about":[{"href":"https:\/\/singuli.wpress.me\/index.php\/wp-json\/wp\/v2\/types\/product"}],"version-history":[{"count":0,"href":"https:\/\/singuli.wpress.me\/index.php\/wp-json\/wp\/v2\/product\/30860\/revisions"}],"wp:featuredmedia":[{"embeddable":true,"href":"https:\/\/singuli.wpress.me\/index.php\/wp-json\/wp\/v2\/media\/30862"}],"wp:attachment":[{"href":"https:\/\/singuli.wpress.me\/index.php\/wp-json\/wp\/v2\/media?parent=30860"}],"wp:term":[{"taxonomy":"product_brand","embeddable":true,"href":"https:\/\/singuli.wpress.me\/index.php\/wp-json\/wp\/v2\/product_brand?post=30860"},{"taxonomy":"product_cat","embeddable":true,"href":"https:\/\/singuli.wpress.me\/index.php\/wp-json\/wp\/v2\/product_cat?post=30860"},{"taxonomy":"product_tag","embeddable":true,"href":"https:\/\/singuli.wpress.me\/index.php\/wp-json\/wp\/v2\/product_tag?post=30860"}],"curies":[{"name":"wp","href":"https:\/\/api.w.org\/{rel}","templated":true}]}}