{"id":30863,"date":"2026-04-17T00:28:54","date_gmt":"2026-04-17T00:28:54","guid":{"rendered":"https:\/\/singuli.wpress.me\/index.php\/proizvod\/kelloggs-tresor-nugat-zitarice-410-g\/"},"modified":"2026-04-20T12:33:03","modified_gmt":"2026-04-20T12:33:03","slug":"kelloggs-tresor-nugat-zitarice-410-g","status":"publish","type":"product","link":"https:\/\/singuli.wpress.me\/index.php\/proizvod\/kelloggs-tresor-nugat-zitarice-410-g\/","title":{"rendered":"KELLOGG&#8217;S Tresor nugat, \u017eitarice, 410\u00a0g"},"content":{"rendered":"<p><span style=\"font-weight: bold\">Kellogg&#8217;s Tresor Nougat \u017eitarice <\/span>donose \u010daroliju okusa u svaki zalogaj. <br \/>\nOva velika pakiranja osiguravaju da imate dovoljno da podijelite s cijelom obitelji ili da u\u017eivate u njima kad god po\u017eelite.<br \/>\nZahvaljuju\u0107i bogatom nugatnom punjenju, svaki komad je prava poslastica koja \u0107e vas osvojiti svojom neodoljivom slatko\u0107om i hrskavo\u0161\u0107u. <br \/>\nPrepustite se jedinstvenom spoju okusa i tekstura s Kellogg&#8217;s Tresor Nougat \u017eitaricama, va\u0161im savr\u0161enim izborom za slatke trenutke u danu.<\/p>\n<p>U\u017eivajte u neodoljivom spoju hrskavih \u017eitarica punjenih nje\u017enim nugatom!<br \/>\n\u017ditarice TRESOR NOUGAT su savr\u0161en izbor za ukusan i hranjiv doru\u010dak koji \u0107e ispuniti va\u0161e jutro slatkim zadovoljstvom.<\/p>\n","protected":false},"excerpt":{"rendered":"<p>Savr\u0161en izbor za ukusan i hranjiv doru\u010dak<br \/>\nBogato nugat punjenje<br \/>\nJedinstven spoj okusa i teksture<\/p>\n","protected":false},"featured_media":30865,"template":"","meta":{"_seopress_robots_primary_cat":"","_seopress_titles_title":"","_seopress_titles_desc":"","_seopress_robots_index":"","iawp_total_views":0},"product_brand":[425],"product_cat":[261,307],"product_tag":[],"class_list":{"0":"post-30863","1":"product","2":"type-product","3":"status-publish","4":"has-post-thumbnail","6":"product_brand-kelloggs","7":"product_cat-hrana-i-pice","8":"product_cat-zitarice-i-dorucak-261","10":"first","11":"instock","12":"shipping-taxable","13":"purchasable","14":"product-type-simple"},"_links":{"self":[{"href":"https:\/\/singuli.wpress.me\/index.php\/wp-json\/wp\/v2\/product\/30863","targetHints":{"allow":["GET"]}}],"collection":[{"href":"https:\/\/singuli.wpress.me\/index.php\/wp-json\/wp\/v2\/product"}],"about":[{"href":"https:\/\/singuli.wpress.me\/index.php\/wp-json\/wp\/v2\/types\/product"}],"version-history":[{"count":0,"href":"https:\/\/singuli.wpress.me\/index.php\/wp-json\/wp\/v2\/product\/30863\/revisions"}],"wp:featuredmedia":[{"embeddable":true,"href":"https:\/\/singuli.wpress.me\/index.php\/wp-json\/wp\/v2\/media\/30865"}],"wp:attachment":[{"href":"https:\/\/singuli.wpress.me\/index.php\/wp-json\/wp\/v2\/media?parent=30863"}],"wp:term":[{"taxonomy":"product_brand","embeddable":true,"href":"https:\/\/singuli.wpress.me\/index.php\/wp-json\/wp\/v2\/product_brand?post=30863"},{"taxonomy":"product_cat","embeddable":true,"href":"https:\/\/singuli.wpress.me\/index.php\/wp-json\/wp\/v2\/product_cat?post=30863"},{"taxonomy":"product_tag","embeddable":true,"href":"https:\/\/singuli.wpress.me\/index.php\/wp-json\/wp\/v2\/product_tag?post=30863"}],"curies":[{"name":"wp","href":"https:\/\/api.w.org\/{rel}","templated":true}]}}