{"id":30864,"date":"2026-04-17T00:28:54","date_gmt":"2026-04-17T00:28:54","guid":{"rendered":"https:\/\/singuli.wpress.me\/index.php\/proizvod\/ariel-universal-praskasti-deterdzent-50-pranja-3-kg\/"},"modified":"2026-04-21T00:26:33","modified_gmt":"2026-04-21T00:26:33","slug":"ariel-universal-praskasti-deterdzent-50-pranja-3-kg","status":"publish","type":"product","link":"https:\/\/singuli.wpress.me\/index.php\/proizvod\/ariel-universal-praskasti-deterdzent-50-pranja-3-kg\/","title":{"rendered":"ARIEL Universal+, pra\u0161kasti deterd\u017eent, 50 pranja, 3\u00a0kg"},"content":{"rendered":"<p>Ariel Universal+, pra\u0161kasti deterd\u017eent, u kombinaciji s tehnologijom protiv tragova deterd\u017eenta pru\u017ea blistavo Arielovo \u010di\u0161\u0107enje na ni\u017eim temperaturama pranja. Njegova inovativna formula brzo se otapa u dodiru s vodom, aktivira u trenu i prodire duboko u vlakna donose\u0107i izvanredno \u010di\u0161\u0107enje \u010dak i pri ni\u017eim temperaturama pranja. <\/p>\n<p>Pra\u0161kasti deterd\u017eent Ariel uklanja tvrdokorne mrlje, \u010dak i one od znoja i tjelesnih mirisa koje uzrokuju neugodne mirise. Njegova jedinstvena tehnologija protiv tragova deterd\u017eenta poma\u017ee sprije\u010diti zadr\u017eavanje tragova pra\u0161ka.<\/p>\n<p>Ariel Universal+ dostupan je i kao teku\u0107i deterd\u017eent i u obliku kapsula.<\/p>\n","protected":false},"excerpt":{"rendered":"<p>Blistavo \u010di\u0161\u0107enje i na ni\u017eim temperaturama<br \/>\nDubinsko \u010di\u0161\u0107enje za higijenu i obnavljanje bjeline<br \/>\nJedinstvena tehnologija za brzo otapanje u vodi<\/p>\n","protected":false},"featured_media":30866,"template":"","meta":{"_seopress_robots_primary_cat":"","_seopress_titles_title":"","_seopress_titles_desc":"","_seopress_robots_index":"","iawp_total_views":0},"product_brand":[427],"product_cat":[283,238],"product_tag":[],"class_list":{"0":"post-30864","1":"product","2":"type-product","3":"status-publish","4":"has-post-thumbnail","6":"product_brand-ariel","7":"product_cat-pranje-rublja-238","8":"product_cat-sve-za-dom","10":"first","11":"outofstock","12":"shipping-taxable","13":"purchasable","14":"product-type-simple"},"_links":{"self":[{"href":"https:\/\/singuli.wpress.me\/index.php\/wp-json\/wp\/v2\/product\/30864","targetHints":{"allow":["GET"]}}],"collection":[{"href":"https:\/\/singuli.wpress.me\/index.php\/wp-json\/wp\/v2\/product"}],"about":[{"href":"https:\/\/singuli.wpress.me\/index.php\/wp-json\/wp\/v2\/types\/product"}],"version-history":[{"count":0,"href":"https:\/\/singuli.wpress.me\/index.php\/wp-json\/wp\/v2\/product\/30864\/revisions"}],"wp:featuredmedia":[{"embeddable":true,"href":"https:\/\/singuli.wpress.me\/index.php\/wp-json\/wp\/v2\/media\/30866"}],"wp:attachment":[{"href":"https:\/\/singuli.wpress.me\/index.php\/wp-json\/wp\/v2\/media?parent=30864"}],"wp:term":[{"taxonomy":"product_brand","embeddable":true,"href":"https:\/\/singuli.wpress.me\/index.php\/wp-json\/wp\/v2\/product_brand?post=30864"},{"taxonomy":"product_cat","embeddable":true,"href":"https:\/\/singuli.wpress.me\/index.php\/wp-json\/wp\/v2\/product_cat?post=30864"},{"taxonomy":"product_tag","embeddable":true,"href":"https:\/\/singuli.wpress.me\/index.php\/wp-json\/wp\/v2\/product_tag?post=30864"}],"curies":[{"name":"wp","href":"https:\/\/api.w.org\/{rel}","templated":true}]}}