{"id":30867,"date":"2026-04-17T00:28:58","date_gmt":"2026-04-17T00:28:58","guid":{"rendered":"https:\/\/singuli.wpress.me\/index.php\/proizvod\/batwheels-autic-metalni-omjer-155\/"},"modified":"2026-04-20T12:33:03","modified_gmt":"2026-04-20T12:33:03","slug":"batwheels-autic-metalni-omjer-155","status":"publish","type":"product","link":"https:\/\/singuli.wpress.me\/index.php\/proizvod\/batwheels-autic-metalni-omjer-155\/","title":{"rendered":"BATWHEELS, auti\u0107, metalni, omjer 1:55"},"content":{"rendered":"<p>Metalni auti\u0107i tvrtke Fisher-Price\u00ae veli\u010dine 1:55 inspirirani likovima iz animirane akcijsko-pustolovne serije Batwheels koja se prikazuje na HBO najpoznatija su vozila superheroja DC svijeta bore se protiv zlikovaca kako bi \u0161titili ulice Gotham Cityja. Djeca pred\u0161kolske dobi mogu se kotrljati, utrkivati i sudariti u uzbudljivim avanturama borbe protiv kriminala. Svako vozilo ima autenti\u010dan Batwheels\u2122 stil likova, Batcast Metal\u2122 lijevane materijale i kota\u010de koji se slobodno kotrljaju, tako da mladi borci protiv zlo\u010dina mogu poslati svoje omiljeno ikoni\u010dno DC vozilo u utrku u pomo\u0107! Djeca ih mogu sve sakupiti. <br \/>\nIgra\u010dka dolazi u vi\u0161e razli\u010ditih modela, a isporuka ovisi o njihovoj trenutnoj raspolo\u017eivosti. <\/p>\n","protected":false},"excerpt":{"rendered":"<p>Inspirirani likovima iz animirane akcijsko-pustolovne serije Batwheels<br \/>\nIgra\u010dka dolazi u vi\u0161e razli\u010ditih modela<br \/>\nDob: 3+god<\/p>\n","protected":false},"featured_media":30868,"template":"","meta":{"_seopress_robots_primary_cat":"","_seopress_titles_title":"","_seopress_titles_desc":"","_seopress_robots_index":"","iawp_total_views":0},"product_brand":[428],"product_cat":[243,273],"product_tag":[],"class_list":{"0":"post-30867","1":"product","2":"type-product","3":"status-publish","4":"has-post-thumbnail","6":"product_brand-batwheels","7":"product_cat-automobili-i-motori","8":"product_cat-njega-vozila-243","10":"first","11":"instock","12":"shipping-taxable","13":"purchasable","14":"product-type-simple"},"_links":{"self":[{"href":"https:\/\/singuli.wpress.me\/index.php\/wp-json\/wp\/v2\/product\/30867","targetHints":{"allow":["GET"]}}],"collection":[{"href":"https:\/\/singuli.wpress.me\/index.php\/wp-json\/wp\/v2\/product"}],"about":[{"href":"https:\/\/singuli.wpress.me\/index.php\/wp-json\/wp\/v2\/types\/product"}],"version-history":[{"count":0,"href":"https:\/\/singuli.wpress.me\/index.php\/wp-json\/wp\/v2\/product\/30867\/revisions"}],"wp:featuredmedia":[{"embeddable":true,"href":"https:\/\/singuli.wpress.me\/index.php\/wp-json\/wp\/v2\/media\/30868"}],"wp:attachment":[{"href":"https:\/\/singuli.wpress.me\/index.php\/wp-json\/wp\/v2\/media?parent=30867"}],"wp:term":[{"taxonomy":"product_brand","embeddable":true,"href":"https:\/\/singuli.wpress.me\/index.php\/wp-json\/wp\/v2\/product_brand?post=30867"},{"taxonomy":"product_cat","embeddable":true,"href":"https:\/\/singuli.wpress.me\/index.php\/wp-json\/wp\/v2\/product_cat?post=30867"},{"taxonomy":"product_tag","embeddable":true,"href":"https:\/\/singuli.wpress.me\/index.php\/wp-json\/wp\/v2\/product_tag?post=30867"}],"curies":[{"name":"wp","href":"https:\/\/api.w.org\/{rel}","templated":true}]}}