{"id":30874,"date":"2026-04-17T00:29:04","date_gmt":"2026-04-17T00:29:04","guid":{"rendered":"https:\/\/singuli.wpress.me\/index.php\/proizvod\/barbie-lutka-65-rodendan\/"},"modified":"2026-04-21T00:26:33","modified_gmt":"2026-04-21T00:26:33","slug":"barbie-lutka-65-rodendan","status":"publish","type":"product","link":"https:\/\/singuli.wpress.me\/index.php\/proizvod\/barbie-lutka-65-rodendan\/","title":{"rendered":"BARBIE, lutka, 65. ro\u0111endan"},"content":{"rendered":"<p>Proslavite 65. godi\u0161njicu Barbie s ovom prigodnom Barbie lutkom! Nosi haljinu na ru\u017ei\u010daste i bijele pruge s crnom ma\u0161nom za dodatnu eleganciju. Biserne nau\u0161nice i ru\u017ei\u010daste \u0161tikle upotpunjuju njezin izgled! Ova lutka je divan dar za djecu i obo\u017eavatelje Barbie bilo koje dobi. Lutka ne mo\u017ee stajati sama. Boje i ukrasi mogu varirati. Namijenjena je za uzrast od 3 i vi\u0161e godina.<\/p>\n","protected":false},"excerpt":{"rendered":"<p>Prigodna Barbie lutka<br \/>\nBoje i ukrasi mogu varirati<br \/>\nDob: 3+god<\/p>\n","protected":false},"featured_media":30875,"template":"","meta":{"_seopress_robots_primary_cat":"","_seopress_titles_title":"","_seopress_titles_desc":"","_seopress_robots_index":"","iawp_total_views":0},"product_brand":[324],"product_cat":[221,291],"product_tag":[],"class_list":{"0":"post-30874","1":"product","2":"type-product","3":"status-publish","4":"has-post-thumbnail","6":"product_brand-barbie","7":"product_cat-igracke","8":"product_cat-igracke-za-djecu-221","10":"first","11":"instock","12":"shipping-taxable","13":"purchasable","14":"product-type-simple"},"_links":{"self":[{"href":"https:\/\/singuli.wpress.me\/index.php\/wp-json\/wp\/v2\/product\/30874","targetHints":{"allow":["GET"]}}],"collection":[{"href":"https:\/\/singuli.wpress.me\/index.php\/wp-json\/wp\/v2\/product"}],"about":[{"href":"https:\/\/singuli.wpress.me\/index.php\/wp-json\/wp\/v2\/types\/product"}],"version-history":[{"count":0,"href":"https:\/\/singuli.wpress.me\/index.php\/wp-json\/wp\/v2\/product\/30874\/revisions"}],"wp:featuredmedia":[{"embeddable":true,"href":"https:\/\/singuli.wpress.me\/index.php\/wp-json\/wp\/v2\/media\/30875"}],"wp:attachment":[{"href":"https:\/\/singuli.wpress.me\/index.php\/wp-json\/wp\/v2\/media?parent=30874"}],"wp:term":[{"taxonomy":"product_brand","embeddable":true,"href":"https:\/\/singuli.wpress.me\/index.php\/wp-json\/wp\/v2\/product_brand?post=30874"},{"taxonomy":"product_cat","embeddable":true,"href":"https:\/\/singuli.wpress.me\/index.php\/wp-json\/wp\/v2\/product_cat?post=30874"},{"taxonomy":"product_tag","embeddable":true,"href":"https:\/\/singuli.wpress.me\/index.php\/wp-json\/wp\/v2\/product_tag?post=30874"}],"curies":[{"name":"wp","href":"https:\/\/api.w.org\/{rel}","templated":true}]}}