{"id":30879,"date":"2026-04-17T00:29:08","date_gmt":"2026-04-17T00:29:08","guid":{"rendered":"https:\/\/singuli.wpress.me\/index.php\/proizvod\/barbie-cutie-reveal-zivotinje-2u1-lutka\/"},"modified":"2026-04-20T12:33:03","modified_gmt":"2026-04-20T12:33:03","slug":"barbie-cutie-reveal-zivotinje-2u1-lutka","status":"publish","type":"product","link":"https:\/\/singuli.wpress.me\/index.php\/proizvod\/barbie-cutie-reveal-zivotinje-2u1-lutka\/","title":{"rendered":"BARBIE Cutie Reveal \u017eivotinje 2u1, lutka"},"content":{"rendered":"<p><span style=\"font-weight: bold\">Barbie Cutie Reveal<\/span> lutke s temom \u017eivotinjskih kostima nude najsla\u0111e iskustvo raspakiranja s 10 iznena\u0111enja! Otkrijte psa kao \u017eabu, pli\u0161anog medvjedi\u0107a kao delfina ili zeku kao koalu. Skinite pli\u0161ani kostim kako biste otkrili zgodnu lutku Barbie s dugom \u0161arenom kosom i svjetlucavim ukrasima na o\u010dima i usnama. Otkrijte jo\u0161 iznena\u0111enja poput para cipela, torbice i odgovaraju\u0107eg mini ljubimca. Preokrenite pli\u0161ani gornji dio za jaknu od flisa i okrenite glavu kostima za krevet za ku\u0107nog ljubimca. Ledeno hladna voda dodaje jo\u0161 vi\u0161e ljupkosti s promjenom boje na licu lutke i mini ljubimca; topla voda ih vra\u0107a za ponovnu zabavu! Djeca \u0107e voljeti otkrivati &#8211; i skupljati &#8211; sva slatka iznena\u0111enja u ovoj preslatkoj seriji Barbie Cutie Reveal. Svaka lutka prodaje se zasebno, ovisno o dostupnosti. Lutke ne mogu stajati same. Boje i ukrasi mogu varirati.<\/p>\n","protected":false},"excerpt":{"rendered":"<p>Lutke s temom \u017eivotinjskih kostima<br \/>\nNude najsla\u0111e iskustvo raspakiranja s 10 iznena\u0111enja<br \/>\nDob: 3+god<\/p>\n","protected":false},"featured_media":30880,"template":"","meta":{"_seopress_robots_primary_cat":"","_seopress_titles_title":"","_seopress_titles_desc":"","_seopress_robots_index":"","iawp_total_views":0},"product_brand":[324],"product_cat":[221,291],"product_tag":[],"class_list":{"0":"post-30879","1":"product","2":"type-product","3":"status-publish","4":"has-post-thumbnail","6":"product_brand-barbie","7":"product_cat-igracke","8":"product_cat-igracke-za-djecu-221","10":"first","11":"instock","12":"shipping-taxable","13":"purchasable","14":"product-type-simple"},"_links":{"self":[{"href":"https:\/\/singuli.wpress.me\/index.php\/wp-json\/wp\/v2\/product\/30879","targetHints":{"allow":["GET"]}}],"collection":[{"href":"https:\/\/singuli.wpress.me\/index.php\/wp-json\/wp\/v2\/product"}],"about":[{"href":"https:\/\/singuli.wpress.me\/index.php\/wp-json\/wp\/v2\/types\/product"}],"version-history":[{"count":0,"href":"https:\/\/singuli.wpress.me\/index.php\/wp-json\/wp\/v2\/product\/30879\/revisions"}],"wp:featuredmedia":[{"embeddable":true,"href":"https:\/\/singuli.wpress.me\/index.php\/wp-json\/wp\/v2\/media\/30880"}],"wp:attachment":[{"href":"https:\/\/singuli.wpress.me\/index.php\/wp-json\/wp\/v2\/media?parent=30879"}],"wp:term":[{"taxonomy":"product_brand","embeddable":true,"href":"https:\/\/singuli.wpress.me\/index.php\/wp-json\/wp\/v2\/product_brand?post=30879"},{"taxonomy":"product_cat","embeddable":true,"href":"https:\/\/singuli.wpress.me\/index.php\/wp-json\/wp\/v2\/product_cat?post=30879"},{"taxonomy":"product_tag","embeddable":true,"href":"https:\/\/singuli.wpress.me\/index.php\/wp-json\/wp\/v2\/product_tag?post=30879"}],"curies":[{"name":"wp","href":"https:\/\/api.w.org\/{rel}","templated":true}]}}