{"id":30882,"date":"2026-04-17T00:29:09","date_gmt":"2026-04-17T00:29:09","guid":{"rendered":"https:\/\/singuli.wpress.me\/index.php\/proizvod\/hot-wheels-city-zmija-i-pizzerija-set-city-zmija-i-pizzerija\/"},"modified":"2026-04-20T12:33:03","modified_gmt":"2026-04-20T12:33:03","slug":"hot-wheels-city-zmija-i-pizzerija-set-city-zmija-i-pizzerija","status":"publish","type":"product","link":"https:\/\/singuli.wpress.me\/index.php\/proizvod\/hot-wheels-city-zmija-i-pizzerija-set-city-zmija-i-pizzerija\/","title":{"rendered":"HOT WHEELS City zmija i pizzerija, set, City zmija i pizzerija"},"content":{"rendered":"<p>Suo\u010dite se s gladnom kobrom koja je u\u0161uljala u pizzeriju i spasite Hot Wheels City ba\u0161 kao u Netflixovoj seriji &#8216;Let&#8217;s Race&#8217;! Zabijte se u kobrin rep i pustite ga da vidite kojom \u0107e od tri nasumi\u010dne staze automobil i\u0107i. Ho\u0107e li projuriti kroz kobrina usta i zavr\u0161iti u kontejneru? Mo\u017eda \u0107e imati nesretnu vo\u017enju koja \u0107e zavr\u0161iti u ustima stvorenja. Ili \u0107e mo\u017eda poslati pitu od pizze u kobrino lice i poraziti je! Set sadr\u017ei cool detalje za igranje na stazi kako bi nadahnuo avanture pripovijedanja i mo\u017ee se povezati s drugim setovima Hot Wheels City za igru bez kraja. Svaka se prodaje zasebno. Uklju\u010den je jedan automobil Hot Wheels. Boje i ukrasi mogu varirati.<\/p>\n","protected":false},"excerpt":{"rendered":"<p>Uklju\u010duje 1 Hot Wheels auti\u0107<br \/>\nSet sadr\u017ei cool detalje za igranje na stazi kako bi nadahnuo avanture<br \/>\nBoje i ukrasi mogu varirati<\/p>\n","protected":false},"featured_media":30884,"template":"","meta":{"_seopress_robots_primary_cat":"","_seopress_titles_title":"","_seopress_titles_desc":"","_seopress_robots_index":"","iawp_total_views":0},"product_brand":[429],"product_cat":[221,291],"product_tag":[],"class_list":{"0":"post-30882","1":"product","2":"type-product","3":"status-publish","4":"has-post-thumbnail","6":"product_brand-hot-wheels","7":"product_cat-igracke","8":"product_cat-igracke-za-djecu-221","10":"first","11":"outofstock","12":"shipping-taxable","13":"purchasable","14":"product-type-simple"},"_links":{"self":[{"href":"https:\/\/singuli.wpress.me\/index.php\/wp-json\/wp\/v2\/product\/30882","targetHints":{"allow":["GET"]}}],"collection":[{"href":"https:\/\/singuli.wpress.me\/index.php\/wp-json\/wp\/v2\/product"}],"about":[{"href":"https:\/\/singuli.wpress.me\/index.php\/wp-json\/wp\/v2\/types\/product"}],"version-history":[{"count":0,"href":"https:\/\/singuli.wpress.me\/index.php\/wp-json\/wp\/v2\/product\/30882\/revisions"}],"wp:featuredmedia":[{"embeddable":true,"href":"https:\/\/singuli.wpress.me\/index.php\/wp-json\/wp\/v2\/media\/30884"}],"wp:attachment":[{"href":"https:\/\/singuli.wpress.me\/index.php\/wp-json\/wp\/v2\/media?parent=30882"}],"wp:term":[{"taxonomy":"product_brand","embeddable":true,"href":"https:\/\/singuli.wpress.me\/index.php\/wp-json\/wp\/v2\/product_brand?post=30882"},{"taxonomy":"product_cat","embeddable":true,"href":"https:\/\/singuli.wpress.me\/index.php\/wp-json\/wp\/v2\/product_cat?post=30882"},{"taxonomy":"product_tag","embeddable":true,"href":"https:\/\/singuli.wpress.me\/index.php\/wp-json\/wp\/v2\/product_tag?post=30882"}],"curies":[{"name":"wp","href":"https:\/\/api.w.org\/{rel}","templated":true}]}}