{"id":30902,"date":"2026-04-17T00:29:19","date_gmt":"2026-04-17T00:29:19","guid":{"rendered":"https:\/\/singuli.wpress.me\/index.php\/proizvod\/twistshake-jastuk-za-hranilicu-bijeli\/"},"modified":"2026-04-20T12:33:03","modified_gmt":"2026-04-20T12:33:03","slug":"twistshake-jastuk-za-hranilicu-bijeli","status":"publish","type":"product","link":"https:\/\/singuli.wpress.me\/index.php\/proizvod\/twistshake-jastuk-za-hranilicu-bijeli\/","title":{"rendered":"TWISTSHAKE, jastuk za hranilicu, bijeli"},"content":{"rendered":"<p>Jastuk za sjedenje mo\u017ee poslu\u017eiti kao odli\u010dna dodatna podr\u0161ka djetetu. Jastuk je mekano podstavljen, pru\u017eaju\u0107i podr\u0161ku za le\u0111a, dno i strane. U slu\u010daju manje prljav\u0161tine, jastuk za visoku stolicu mo\u017eete okrenuti ili ga oprati u perilici na 40 stupnjeva.Na\u0161i jastuci za hranilice imaju elegantnu sivo\/bijelu to\u010dkastu navlaku izra\u0111enu od OEKO-TEX pamuka i mekog poliesterskog punjenja za najve\u0107u udobnost. Jastuk mo\u017eete jednostavno pri\u010dvrstiti na stolicu i bez muke ga odvojiti radi \u010di\u0161\u0107enja. <br \/>\n\u2665\ufe0e Savr\u0161eno odgovara Twistshakes hranilici<br \/>\n\u2665\ufe0e Perivo u perilici rublja na 40 stupnjeva                                                               <\/p>\n","protected":false},"excerpt":{"rendered":"<p>Jastuk je mekano podstavljen, pru\u017eaju\u0107i podr\u0161ku za le\u0111a, dno i strane<br \/>\nSavr\u0161eno odgovara Twistshakes hranilici<br \/>\nPerivo u perilici rublja na 40 stupnjeva<\/p>\n","protected":false},"featured_media":30905,"template":"","meta":{"_seopress_robots_primary_cat":"","_seopress_titles_title":"","_seopress_titles_desc":"","_seopress_robots_index":"","iawp_total_views":0},"product_brand":[433],"product_cat":[211,286,287],"product_tag":[],"class_list":{"0":"post-30902","1":"product","2":"type-product","3":"status-publish","4":"has-post-thumbnail","6":"product_brand-twistshake","7":"product_cat-njega-majke-i-djeteta","8":"product_cat-oprema-za-bebe-211","9":"product_cat-za-bebe-286","11":"first","12":"instock","13":"shipping-taxable","14":"purchasable","15":"product-type-simple"},"_links":{"self":[{"href":"https:\/\/singuli.wpress.me\/index.php\/wp-json\/wp\/v2\/product\/30902","targetHints":{"allow":["GET"]}}],"collection":[{"href":"https:\/\/singuli.wpress.me\/index.php\/wp-json\/wp\/v2\/product"}],"about":[{"href":"https:\/\/singuli.wpress.me\/index.php\/wp-json\/wp\/v2\/types\/product"}],"version-history":[{"count":0,"href":"https:\/\/singuli.wpress.me\/index.php\/wp-json\/wp\/v2\/product\/30902\/revisions"}],"wp:featuredmedia":[{"embeddable":true,"href":"https:\/\/singuli.wpress.me\/index.php\/wp-json\/wp\/v2\/media\/30905"}],"wp:attachment":[{"href":"https:\/\/singuli.wpress.me\/index.php\/wp-json\/wp\/v2\/media?parent=30902"}],"wp:term":[{"taxonomy":"product_brand","embeddable":true,"href":"https:\/\/singuli.wpress.me\/index.php\/wp-json\/wp\/v2\/product_brand?post=30902"},{"taxonomy":"product_cat","embeddable":true,"href":"https:\/\/singuli.wpress.me\/index.php\/wp-json\/wp\/v2\/product_cat?post=30902"},{"taxonomy":"product_tag","embeddable":true,"href":"https:\/\/singuli.wpress.me\/index.php\/wp-json\/wp\/v2\/product_tag?post=30902"}],"curies":[{"name":"wp","href":"https:\/\/api.w.org\/{rel}","templated":true}]}}