{"id":30907,"date":"2026-04-17T00:29:23","date_gmt":"2026-04-17T00:29:23","guid":{"rendered":"https:\/\/singuli.wpress.me\/index.php\/proizvod\/twistshake-hranilica-bijela\/"},"modified":"2026-04-20T12:33:03","modified_gmt":"2026-04-20T12:33:03","slug":"twistshake-hranilica-bijela","status":"publish","type":"product","link":"https:\/\/singuli.wpress.me\/index.php\/proizvod\/twistshake-hranilica-bijela\/","title":{"rendered":"TWISTSHAKE, hranilica, bijela"},"content":{"rendered":"<p>Elegantna i udobna hranilica, jednostavna je za kori\u0161tenje i \u010di\u0161\u0107enje. Namijenjena je djeci koja mogu samostalno sjediti do 3 godine starosti ili s maksimalnom te\u017einom od 15 kg. Dolazi s podesivim sigurnosnim pojasom i uklonjivom ladicom za jednostavno \u010di\u0161\u0107enje. Osim toga, noge se mogu odvojiti, \u0161to ga \u010dini prakti\u010dnim za skladi\u0161tenje ili transport .Savr\u0161eno pristaje uz na\u0161u podlogu s tanjuri\u0107em Click-Mat Mini (prodaje se zasebno).<br \/>\n\u2665\ufe0e Mo\u017ee se rano koristiti s na\u0161im jastukom za sjedalo (prodaje se zasebno)<br \/>\n\u2665\ufe0e Uklonjiva ladica koja se mo\u017ee prati u perilici posu\u0111a<br \/>\n\u2665\ufe0e Oslonac za noge i pojas u pet to\u010daka<br \/>\n\u2665\ufe0e Uklonjive noge &#8211; lako se spremaju i nose<\/p>\n","protected":false},"excerpt":{"rendered":"<p>Jednostavna je za kori\u0161tenje i \u010di\u0161\u0107enje<br \/>\nUklonjiva ladica koja se mo\u017ee prati u perilici posu\u0111a<br \/>\nOslonac za noge i pojas u pet to\u010daka<\/p>\n","protected":false},"featured_media":30909,"template":"","meta":{"_seopress_robots_primary_cat":"","_seopress_titles_title":"","_seopress_titles_desc":"","_seopress_robots_index":"","iawp_total_views":0},"product_brand":[433],"product_cat":[211,286,287],"product_tag":[],"class_list":{"0":"post-30907","1":"product","2":"type-product","3":"status-publish","4":"has-post-thumbnail","6":"product_brand-twistshake","7":"product_cat-njega-majke-i-djeteta","8":"product_cat-oprema-za-bebe-211","9":"product_cat-za-bebe-286","11":"first","12":"outofstock","13":"shipping-taxable","14":"purchasable","15":"product-type-simple"},"_links":{"self":[{"href":"https:\/\/singuli.wpress.me\/index.php\/wp-json\/wp\/v2\/product\/30907","targetHints":{"allow":["GET"]}}],"collection":[{"href":"https:\/\/singuli.wpress.me\/index.php\/wp-json\/wp\/v2\/product"}],"about":[{"href":"https:\/\/singuli.wpress.me\/index.php\/wp-json\/wp\/v2\/types\/product"}],"version-history":[{"count":0,"href":"https:\/\/singuli.wpress.me\/index.php\/wp-json\/wp\/v2\/product\/30907\/revisions"}],"wp:featuredmedia":[{"embeddable":true,"href":"https:\/\/singuli.wpress.me\/index.php\/wp-json\/wp\/v2\/media\/30909"}],"wp:attachment":[{"href":"https:\/\/singuli.wpress.me\/index.php\/wp-json\/wp\/v2\/media?parent=30907"}],"wp:term":[{"taxonomy":"product_brand","embeddable":true,"href":"https:\/\/singuli.wpress.me\/index.php\/wp-json\/wp\/v2\/product_brand?post=30907"},{"taxonomy":"product_cat","embeddable":true,"href":"https:\/\/singuli.wpress.me\/index.php\/wp-json\/wp\/v2\/product_cat?post=30907"},{"taxonomy":"product_tag","embeddable":true,"href":"https:\/\/singuli.wpress.me\/index.php\/wp-json\/wp\/v2\/product_tag?post=30907"}],"curies":[{"name":"wp","href":"https:\/\/api.w.org\/{rel}","templated":true}]}}