{"id":30910,"date":"2026-04-17T00:29:27","date_gmt":"2026-04-17T00:29:27","guid":{"rendered":"https:\/\/singuli.wpress.me\/index.php\/proizvod\/barbie-lutka-sirena-s-promjenom-boje\/"},"modified":"2026-04-20T12:33:03","modified_gmt":"2026-04-20T12:33:03","slug":"barbie-lutka-sirena-s-promjenom-boje","status":"publish","type":"product","link":"https:\/\/singuli.wpress.me\/index.php\/proizvod\/barbie-lutka-sirena-s-promjenom-boje\/","title":{"rendered":"BARBIE, lutka, sirena s promjenom boje"},"content":{"rendered":"<p>Djeca \u0107e voljeti uroniti u \u010darobne &#8216;repove&#8217; avanture sa svojom Barbie lutkom sirenom, inspiriranom serijom Barbie Dodir \u010darolije! Dizajnirana s prekrasnim detaljima od glave do peraje, Barbie &#8216;Malibu&#8217; lutka ima 19 cm dugu ru\u017ei\u010dastu kosu koju djeca mogu \u010de\u0161ljati i oblikovati za beskrajnu zabavu. Promijenite njezin izgled za bilo koju avanturu transformacijom boja! Uronite lutku Barbie u ledeno hladnu vodu ili toplu vodu da vidite kako joj kosa, top i rep mijenjaju boju. Rep sirena ukra\u0161en je detaljima cvije\u0107a i bisera. Dodaci s temom oceana poti\u010du ma\u0161tu! Uz sirenu dolazi cvjetna ogrlica, traka za kosu inspirirana \u0161koljkom i pripadaju\u0107a ogrlica te \u010detka. Obuci Barbie, a zatim po\u0111i u avanturu s njezinim malim prijateljem dupinom koji tako\u0111er dolazi u paketu! Lutka ne mo\u017ee plivati niti stajati sama. Boje i ukrasi mogu varirati.<\/p>\n","protected":false},"excerpt":{"rendered":"<p>Dizajnirana s prekrasnim detaljima od glave do peraje<br \/>\nDodaci s temom oceana poti\u010du ma\u0161tu<br \/>\nDob: 3+god<\/p>\n","protected":false},"featured_media":30912,"template":"","meta":{"_seopress_robots_primary_cat":"","_seopress_titles_title":"","_seopress_titles_desc":"","_seopress_robots_index":"","iawp_total_views":0},"product_brand":[324],"product_cat":[221,291],"product_tag":[],"class_list":{"0":"post-30910","1":"product","2":"type-product","3":"status-publish","4":"has-post-thumbnail","6":"product_brand-barbie","7":"product_cat-igracke","8":"product_cat-igracke-za-djecu-221","10":"first","11":"instock","12":"shipping-taxable","13":"purchasable","14":"product-type-simple"},"_links":{"self":[{"href":"https:\/\/singuli.wpress.me\/index.php\/wp-json\/wp\/v2\/product\/30910","targetHints":{"allow":["GET"]}}],"collection":[{"href":"https:\/\/singuli.wpress.me\/index.php\/wp-json\/wp\/v2\/product"}],"about":[{"href":"https:\/\/singuli.wpress.me\/index.php\/wp-json\/wp\/v2\/types\/product"}],"version-history":[{"count":0,"href":"https:\/\/singuli.wpress.me\/index.php\/wp-json\/wp\/v2\/product\/30910\/revisions"}],"wp:featuredmedia":[{"embeddable":true,"href":"https:\/\/singuli.wpress.me\/index.php\/wp-json\/wp\/v2\/media\/30912"}],"wp:attachment":[{"href":"https:\/\/singuli.wpress.me\/index.php\/wp-json\/wp\/v2\/media?parent=30910"}],"wp:term":[{"taxonomy":"product_brand","embeddable":true,"href":"https:\/\/singuli.wpress.me\/index.php\/wp-json\/wp\/v2\/product_brand?post=30910"},{"taxonomy":"product_cat","embeddable":true,"href":"https:\/\/singuli.wpress.me\/index.php\/wp-json\/wp\/v2\/product_cat?post=30910"},{"taxonomy":"product_tag","embeddable":true,"href":"https:\/\/singuli.wpress.me\/index.php\/wp-json\/wp\/v2\/product_tag?post=30910"}],"curies":[{"name":"wp","href":"https:\/\/api.w.org\/{rel}","templated":true}]}}