{"id":30911,"date":"2026-04-17T00:29:27","date_gmt":"2026-04-17T00:29:27","guid":{"rendered":"https:\/\/singuli.wpress.me\/index.php\/proizvod\/barbie-color-reveal-duga-lutka\/"},"modified":"2026-04-20T12:33:03","modified_gmt":"2026-04-20T12:33:03","slug":"barbie-color-reveal-duga-lutka","status":"publish","type":"product","link":"https:\/\/singuli.wpress.me\/index.php\/proizvod\/barbie-color-reveal-duga-lutka\/","title":{"rendered":"BARBIE Color Reveal Duga, lutka"},"content":{"rendered":"<p><span style=\"font-weight: bold\">Barbie Color Reveal<\/span> lutke pru\u017eaju iskustvo raspakiranja puno iznena\u0111enja, njih \u0161est! Uz ovu seriju nadahnutu dugom, djeca pronalaze jednu od \u010detiri jedinstvene lutke &#8211; svaka ima dugu kosu s pramenom u boji i slatku naljepnicu inspiriranu modom iz 1960-ih. Preobrazite naljepnicu ledeno hladnom i toplom vodom za ponovni wow trenutak! Koju \u0107ete lutku otkriti? Dodaci uklju\u010duju suknju s odgovaraju\u0107im uzorkom, \u0161arene cipele, cvjetnu \u010detku i elegantne nau\u0161nice. Koristite tubu za pakiranje za pohranjivanje ovih i drugih komada. Djeca ih mogu skupljati sve za zabavu mije\u0161anja i spajanja. Svaki se prodaje zasebno, ovisno o dostupnosti. Lutke ne mogu stajati same. Boje i ukrasi mogu varirati. Igra\u010dka dolazi u vi\u0161e razli\u010ditih modela, a isporuka ovisi o njihovoj trenutnoj raspolo\u017eivosti. <\/p>\n","protected":false},"excerpt":{"rendered":"<p>Pru\u017eaju iskustvo raspakiranja puno iznena\u0111enja, njih \u0161est<br \/>\nIzgled inspiriran dugom<br \/>\nDob: 3+god<\/p>\n","protected":false},"featured_media":30913,"template":"","meta":{"_seopress_robots_primary_cat":"","_seopress_titles_title":"","_seopress_titles_desc":"","_seopress_robots_index":"","iawp_total_views":0},"product_brand":[324],"product_cat":[221,291],"product_tag":[],"class_list":{"0":"post-30911","1":"product","2":"type-product","3":"status-publish","4":"has-post-thumbnail","6":"product_brand-barbie","7":"product_cat-igracke","8":"product_cat-igracke-za-djecu-221","10":"first","11":"instock","12":"shipping-taxable","13":"purchasable","14":"product-type-simple"},"_links":{"self":[{"href":"https:\/\/singuli.wpress.me\/index.php\/wp-json\/wp\/v2\/product\/30911","targetHints":{"allow":["GET"]}}],"collection":[{"href":"https:\/\/singuli.wpress.me\/index.php\/wp-json\/wp\/v2\/product"}],"about":[{"href":"https:\/\/singuli.wpress.me\/index.php\/wp-json\/wp\/v2\/types\/product"}],"version-history":[{"count":0,"href":"https:\/\/singuli.wpress.me\/index.php\/wp-json\/wp\/v2\/product\/30911\/revisions"}],"wp:featuredmedia":[{"embeddable":true,"href":"https:\/\/singuli.wpress.me\/index.php\/wp-json\/wp\/v2\/media\/30913"}],"wp:attachment":[{"href":"https:\/\/singuli.wpress.me\/index.php\/wp-json\/wp\/v2\/media?parent=30911"}],"wp:term":[{"taxonomy":"product_brand","embeddable":true,"href":"https:\/\/singuli.wpress.me\/index.php\/wp-json\/wp\/v2\/product_brand?post=30911"},{"taxonomy":"product_cat","embeddable":true,"href":"https:\/\/singuli.wpress.me\/index.php\/wp-json\/wp\/v2\/product_cat?post=30911"},{"taxonomy":"product_tag","embeddable":true,"href":"https:\/\/singuli.wpress.me\/index.php\/wp-json\/wp\/v2\/product_tag?post=30911"}],"curies":[{"name":"wp","href":"https:\/\/api.w.org\/{rel}","templated":true}]}}