{"id":30927,"date":"2026-04-17T00:29:33","date_gmt":"2026-04-17T00:29:33","guid":{"rendered":"https:\/\/singuli.wpress.me\/index.php\/proizvod\/off-sprej-protiv-komaraca-duopack-2x100ml\/"},"modified":"2026-04-20T12:33:03","modified_gmt":"2026-04-20T12:33:03","slug":"off-sprej-protiv-komaraca-duopack-2x100ml","status":"publish","type":"product","link":"https:\/\/singuli.wpress.me\/index.php\/proizvod\/off-sprej-protiv-komaraca-duopack-2x100ml\/","title":{"rendered":"OFF!, sprej protiv komaraca, duopack, 2x100ml"},"content":{"rendered":"<p>OFF!\u00ae Sprej je repelentsko sredstvo ugodnog mirisa za u\u010dinkovitu za\u0161titu ko\u017ee djece i odraslih od uboda komaraca, krpelja i ostalih insekata. Pru\u017ea trenutnu za\u0161titu od komaraca do 2 sata nakon nano\u0161enja.<\/p>\n<p>Upute za upotrebu:<br \/>\nDobro protresite prije uporabe. Raspr\u0161ite sredstvo ravnomjerno, dr\u017ee\u0107i pri tome spremnik \u0161to uspravnije, kru\u017enim pokretima u trajanju 1 sekunde sa udaljenosti 15 do 20 cm po sljede\u0107im otkrivenim dijelovima tijela: odrasli: dlanovi, lice, vrat, podlaktice i gornji dijelovi stopala.<br \/>\nZa lice: raspr\u0161ite sredstvo na dlan i tanko prema\u017eite lice izbjegavaju\u0107i o\u010di i usta.<\/p>\n","protected":false},"excerpt":{"rendered":"<p>Pru\u017ea za\u0161titu od komaraca do 6 sati<br \/>\nUgodnog mirisa<br \/>\nPogodno za djecu iznad 2 godine<\/p>\n","protected":false},"featured_media":30928,"template":"","meta":{"_seopress_robots_primary_cat":"","_seopress_titles_title":"","_seopress_titles_desc":"","_seopress_robots_index":"","iawp_total_views":0},"product_brand":[437],"product_cat":[268,300],"product_tag":[],"class_list":{"0":"post-30927","1":"product","2":"type-product","3":"status-publish","4":"has-post-thumbnail","6":"product_brand-off","7":"product_cat-kozmetika-2","8":"product_cat-njega-kose-268","10":"first","11":"instock","12":"shipping-taxable","13":"purchasable","14":"product-type-simple"},"_links":{"self":[{"href":"https:\/\/singuli.wpress.me\/index.php\/wp-json\/wp\/v2\/product\/30927","targetHints":{"allow":["GET"]}}],"collection":[{"href":"https:\/\/singuli.wpress.me\/index.php\/wp-json\/wp\/v2\/product"}],"about":[{"href":"https:\/\/singuli.wpress.me\/index.php\/wp-json\/wp\/v2\/types\/product"}],"version-history":[{"count":0,"href":"https:\/\/singuli.wpress.me\/index.php\/wp-json\/wp\/v2\/product\/30927\/revisions"}],"wp:featuredmedia":[{"embeddable":true,"href":"https:\/\/singuli.wpress.me\/index.php\/wp-json\/wp\/v2\/media\/30928"}],"wp:attachment":[{"href":"https:\/\/singuli.wpress.me\/index.php\/wp-json\/wp\/v2\/media?parent=30927"}],"wp:term":[{"taxonomy":"product_brand","embeddable":true,"href":"https:\/\/singuli.wpress.me\/index.php\/wp-json\/wp\/v2\/product_brand?post=30927"},{"taxonomy":"product_cat","embeddable":true,"href":"https:\/\/singuli.wpress.me\/index.php\/wp-json\/wp\/v2\/product_cat?post=30927"},{"taxonomy":"product_tag","embeddable":true,"href":"https:\/\/singuli.wpress.me\/index.php\/wp-json\/wp\/v2\/product_tag?post=30927"}],"curies":[{"name":"wp","href":"https:\/\/api.w.org\/{rel}","templated":true}]}}