{"id":30939,"date":"2026-04-17T00:29:45","date_gmt":"2026-04-17T00:29:45","guid":{"rendered":"https:\/\/singuli.wpress.me\/index.php\/proizvod\/braun-tlakomjer-za-nadlakticu-exactfit-5\/"},"modified":"2026-04-21T00:26:33","modified_gmt":"2026-04-21T00:26:33","slug":"braun-tlakomjer-za-nadlakticu-exactfit-5","status":"publish","type":"product","link":"https:\/\/singuli.wpress.me\/index.php\/proizvod\/braun-tlakomjer-za-nadlakticu-exactfit-5\/","title":{"rendered":"BRAUN, tlakomjer za nadlakticu, ExactFit 5"},"content":{"rendered":"<p>Braun tlakomjer za nadlakticu ExactFit 5 razvijen je za to\u010dno i udobno mjerenje krvnog tlaka. To\u010dnost mjerenja Braunovog tlakomjera za nadlakticu testirana je u vrijeme proizvodnje i dokazana je klini\u010dkim istra\u017eivanjima u skladu sa smjernicama ESH. Jednostavan je za kori\u0161tenje i ergonomskog je dizajna. S profesionalnom to\u010dno\u0161\u0107u i bojom ozna\u010denim indikatorom razine krvnog tlaka nudi brzo i jednostavno o\u010ditanje krvnog tlaka. Detektira nepravilne otkucaje srca te ima mogu\u0107nost pohranjivanja do 120 mjerenja (60 mjerenja za 2 korisnika). Preko bluetootha se mo\u017ee spojiti na  Braun Healthy Heart aplikaciju preko koje se mogu detaljno pratiti izmjerene vrijednosti kroz dulji vremenski period. <\/p>\n<p>Na\u010din upotrebe: Detaljno je opisan u uputama koje se nalaze uz medicinski proizvod<br \/>\nNa\u010din \u010duvanja: Na suhom mjestu na sobnoj temperaturi, za\u0161ti\u0107en od direktne sun\u010deve svjetlosti i pra\u0161ine.<br \/>\nBroj serije: Otisnut na originalnoj ambala\u017ei <\/p>\n","protected":false},"excerpt":{"rendered":"<p>Precizan, udoban i jednostavan tlakomjer za nadlakticu<br \/>\nMogu\u0107nost spajanja na Braun Healty Heart aplikaciju<br \/>\nDetektira nepravilne otkucaje srca<\/p>\n","protected":false},"featured_media":30940,"template":"","meta":{"_seopress_robots_primary_cat":"","_seopress_titles_title":"","_seopress_titles_desc":"","_seopress_robots_index":"","iawp_total_views":0},"product_brand":[144],"product_cat":[192,267],"product_tag":[],"class_list":{"0":"post-30939","1":"product","2":"type-product","3":"status-publish","4":"has-post-thumbnail","6":"product_brand-braun","7":"product_cat-aparati-za-osobnu-njegu","8":"product_cat-zdravstveni-uredaji-192","10":"first","11":"instock","12":"shipping-taxable","13":"purchasable","14":"product-type-simple"},"_links":{"self":[{"href":"https:\/\/singuli.wpress.me\/index.php\/wp-json\/wp\/v2\/product\/30939","targetHints":{"allow":["GET"]}}],"collection":[{"href":"https:\/\/singuli.wpress.me\/index.php\/wp-json\/wp\/v2\/product"}],"about":[{"href":"https:\/\/singuli.wpress.me\/index.php\/wp-json\/wp\/v2\/types\/product"}],"version-history":[{"count":0,"href":"https:\/\/singuli.wpress.me\/index.php\/wp-json\/wp\/v2\/product\/30939\/revisions"}],"wp:featuredmedia":[{"embeddable":true,"href":"https:\/\/singuli.wpress.me\/index.php\/wp-json\/wp\/v2\/media\/30940"}],"wp:attachment":[{"href":"https:\/\/singuli.wpress.me\/index.php\/wp-json\/wp\/v2\/media?parent=30939"}],"wp:term":[{"taxonomy":"product_brand","embeddable":true,"href":"https:\/\/singuli.wpress.me\/index.php\/wp-json\/wp\/v2\/product_brand?post=30939"},{"taxonomy":"product_cat","embeddable":true,"href":"https:\/\/singuli.wpress.me\/index.php\/wp-json\/wp\/v2\/product_cat?post=30939"},{"taxonomy":"product_tag","embeddable":true,"href":"https:\/\/singuli.wpress.me\/index.php\/wp-json\/wp\/v2\/product_tag?post=30939"}],"curies":[{"name":"wp","href":"https:\/\/api.w.org\/{rel}","templated":true}]}}