{"id":30941,"date":"2026-04-17T00:29:49","date_gmt":"2026-04-17T00:29:49","guid":{"rendered":"https:\/\/singuli.wpress.me\/index.php\/proizvod\/naturella-higijenski-ulosci-ultra-maxi-16-kom\/"},"modified":"2026-04-20T12:33:03","modified_gmt":"2026-04-20T12:33:03","slug":"naturella-higijenski-ulosci-ultra-maxi-16-kom","status":"publish","type":"product","link":"https:\/\/singuli.wpress.me\/index.php\/proizvod\/naturella-higijenski-ulosci-ultra-maxi-16-kom\/","title":{"rendered":"NATURELLA, higijenski ulo\u0161ci, Ultra Maxi , 16\u00a0kom"},"content":{"rendered":"<p>Higijenski ulo\u0161ci s krilcima Naturella Ultra Maxi imaju upijaju\u0107u jezgru \u010dija vlakna s dvostrukim djelovanjem upijaju teku\u0107inu i spre\u010davaju gu\u017evanje ulo\u0161ka, kako biste se osje\u0107ali ugodno pri svakom pokretu. <\/p>\n<p>Higijenski ulo\u0161ci Naturella Ultra tanki su, ugodni i diskretni te nje\u017eni za ko\u017eu intimnih dijelova va\u0161eg tijela. Oni su jedini \u017eenski higijenski proizvod koji sadr\u017ei dermacrem, suhi losion koji dokazano spre\u010dava iritacije ko\u017ee. <\/p>\n<p>Higijenski ulo\u017eak Naturella Ultra Maxi du\u017ei je od normalnih ulo\u017eaka.<\/p>\n<p>Za dodatnu njegu i za\u0161titu tijekom no\u0107i, isprobajte higijenske ulo\u0161ke Naturella Ultra Night s du\u017eim stra\u017enjim dijelom.<\/p>\n","protected":false},"excerpt":{"rendered":"<p>Vlakna s dvostrukim djelovanjem koja upijaju i \u010duvaju oblik ulo\u0161ka<br \/>\nNje\u017eni su za ko\u017eu i sadr\u017ee losion koji ko\u017eu poma\u017ee za\u0161tititi od nadra\u017eenosti<br \/>\nEAN diskontinuiranog proizvoda: 8001090586032<\/p>\n","protected":false},"featured_media":30943,"template":"","meta":{"_seopress_robots_primary_cat":"","_seopress_titles_title":"","_seopress_titles_desc":"","_seopress_robots_index":"","iawp_total_views":0},"product_brand":[438],"product_cat":[211,288],"product_tag":[],"class_list":{"0":"post-30941","1":"product","2":"type-product","3":"status-publish","4":"has-post-thumbnail","6":"product_brand-naturella","7":"product_cat-njega-majke-i-djeteta","8":"product_cat-zenska-higijena-211","10":"first","11":"instock","12":"shipping-taxable","13":"purchasable","14":"product-type-simple"},"_links":{"self":[{"href":"https:\/\/singuli.wpress.me\/index.php\/wp-json\/wp\/v2\/product\/30941","targetHints":{"allow":["GET"]}}],"collection":[{"href":"https:\/\/singuli.wpress.me\/index.php\/wp-json\/wp\/v2\/product"}],"about":[{"href":"https:\/\/singuli.wpress.me\/index.php\/wp-json\/wp\/v2\/types\/product"}],"version-history":[{"count":0,"href":"https:\/\/singuli.wpress.me\/index.php\/wp-json\/wp\/v2\/product\/30941\/revisions"}],"wp:featuredmedia":[{"embeddable":true,"href":"https:\/\/singuli.wpress.me\/index.php\/wp-json\/wp\/v2\/media\/30943"}],"wp:attachment":[{"href":"https:\/\/singuli.wpress.me\/index.php\/wp-json\/wp\/v2\/media?parent=30941"}],"wp:term":[{"taxonomy":"product_brand","embeddable":true,"href":"https:\/\/singuli.wpress.me\/index.php\/wp-json\/wp\/v2\/product_brand?post=30941"},{"taxonomy":"product_cat","embeddable":true,"href":"https:\/\/singuli.wpress.me\/index.php\/wp-json\/wp\/v2\/product_cat?post=30941"},{"taxonomy":"product_tag","embeddable":true,"href":"https:\/\/singuli.wpress.me\/index.php\/wp-json\/wp\/v2\/product_tag?post=30941"}],"curies":[{"name":"wp","href":"https:\/\/api.w.org\/{rel}","templated":true}]}}