{"id":30950,"date":"2026-04-17T00:29:52","date_gmt":"2026-04-17T00:29:52","guid":{"rendered":"https:\/\/singuli.wpress.me\/index.php\/proizvod\/casali-coko-banane-110-g\/"},"modified":"2026-04-20T12:33:04","modified_gmt":"2026-04-20T12:33:04","slug":"casali-coko-banane-110-g","status":"publish","type":"product","link":"https:\/\/singuli.wpress.me\/index.php\/proizvod\/casali-coko-banane-110-g\/","title":{"rendered":"CASALI, \u010doko banane, 110\u00a0g"},"content":{"rendered":"<p><span style=\"font-weight: bold\">Originalne Casali \u010dokoladne banane<\/span> natjerat \u0107e va\u0161e nepce da zaple\u0161e od radosti: vo\u0107ni, nje\u017eni mousse od banane prekriven hrskavom \u010dokoladom. Svaka \u010dokoladna banana sadr\u017ei samo najbolje sastojke, poput pulpe banane i \u010dokolade. <\/p>\n<p>To se vidi u okusu: 8% udjela pravog vo\u0107a u punjenju \u010dini \u010dokoladne banane vrlo posebnim do\u017eivljajem vo\u0107nog okusa, koji je izvrsno oboga\u0107en kakaom koji sami pr\u017ee. <\/p>\n<p>Sve to bez ikakvih umjetnih boja i konzervansa. \u0160tovi\u0161e, na\u0161e \u010dokoladne banane zakonski su klasificirane kao bez glutena (&quot;Uredba (EZ) br. 41\/2009 sa sadr\u017eajem glutena manjim od 20 mg\/kg).<\/p>\n","protected":false},"excerpt":{"rendered":"<p>8% pravog vo\u0107a (pulpe banane)<br \/>\nBez umjetnih boja i konzervansa<br \/>\nCertifikati: Fairtrade i gluten free certifikat<\/p>\n","protected":false},"featured_media":30951,"template":"","meta":{"_seopress_robots_primary_cat":"","_seopress_titles_title":"","_seopress_titles_desc":"","_seopress_robots_index":"","iawp_total_views":0},"product_brand":[439],"product_cat":[261,277],"product_tag":[],"class_list":{"0":"post-30950","1":"product","2":"type-product","3":"status-publish","4":"has-post-thumbnail","6":"product_brand-casali","7":"product_cat-hrana-i-pice","8":"product_cat-slatkisi-i-grickalice-261","10":"first","11":"instock","12":"shipping-taxable","13":"purchasable","14":"product-type-simple"},"_links":{"self":[{"href":"https:\/\/singuli.wpress.me\/index.php\/wp-json\/wp\/v2\/product\/30950","targetHints":{"allow":["GET"]}}],"collection":[{"href":"https:\/\/singuli.wpress.me\/index.php\/wp-json\/wp\/v2\/product"}],"about":[{"href":"https:\/\/singuli.wpress.me\/index.php\/wp-json\/wp\/v2\/types\/product"}],"version-history":[{"count":0,"href":"https:\/\/singuli.wpress.me\/index.php\/wp-json\/wp\/v2\/product\/30950\/revisions"}],"wp:featuredmedia":[{"embeddable":true,"href":"https:\/\/singuli.wpress.me\/index.php\/wp-json\/wp\/v2\/media\/30951"}],"wp:attachment":[{"href":"https:\/\/singuli.wpress.me\/index.php\/wp-json\/wp\/v2\/media?parent=30950"}],"wp:term":[{"taxonomy":"product_brand","embeddable":true,"href":"https:\/\/singuli.wpress.me\/index.php\/wp-json\/wp\/v2\/product_brand?post=30950"},{"taxonomy":"product_cat","embeddable":true,"href":"https:\/\/singuli.wpress.me\/index.php\/wp-json\/wp\/v2\/product_cat?post=30950"},{"taxonomy":"product_tag","embeddable":true,"href":"https:\/\/singuli.wpress.me\/index.php\/wp-json\/wp\/v2\/product_tag?post=30950"}],"curies":[{"name":"wp","href":"https:\/\/api.w.org\/{rel}","templated":true}]}}